{"id":584,"date":"2020-10-13T06:47:01","date_gmt":"2020-10-13T06:47:01","guid":{"rendered":"http:\/\/localhost\/razzi\/?page_id=584"},"modified":"2026-01-12T17:39:12","modified_gmt":"2026-01-12T15:39:12","slug":"ota-yhteytta","status":"publish","type":"page","link":"https:\/\/deravio.com\/fi\/ota-yhteytta\/","title":{"rendered":"Ota yhteytt\u00e4"},"content":{"rendered":"\t\t<div data-elementor-type=\"wp-page\" data-elementor-id=\"584\" class=\"elementor elementor-584\" data-elementor-post-type=\"page\">\n\t\t\t\t<div class=\"elementor-element elementor-element-400e5cc e-flex e-con-boxed e-con e-parent\" data-id=\"400e5cc\" data-element_type=\"container\" data-e-type=\"container\">\n\t\t\t\t\t<div class=\"e-con-inner\">\n\t\t\t\t<div class=\"elementor-element elementor-element-9f2b69c elementor-widget elementor-widget-heading\" data-id=\"9f2b69c\" data-element_type=\"widget\" data-e-type=\"widget\" data-widget_type=\"heading.default\">\n\t\t\t\t\t<h2 class=\"elementor-heading-title elementor-size-default\">Ota yhteytt\u00e4<\/h2>\t\t\t\t<\/div>\n\t\t\t\t<div class=\"elementor-element elementor-element-4d79b7d elementor-widget elementor-widget-text-editor\" data-id=\"4d79b7d\" data-element_type=\"widget\" data-e-type=\"widget\" data-widget_type=\"text-editor.default\">\n\t\t\t\t\t\t\t\t\t<p>Otamme sinuun yhteytt\u00e4 24 tunnin kuluessa.<\/p>\t\t\t\t\t\t\t\t<\/div>\n\t\t\t\t\t<\/div>\n\t\t\t\t<\/div>\n\t\t<div class=\"elementor-element elementor-element-c42eaeb e-flex e-con-boxed e-con e-parent\" data-id=\"c42eaeb\" data-element_type=\"container\" data-e-type=\"container\">\n\t\t\t\t\t<div class=\"e-con-inner\">\n\t\t\t\t<div class=\"elementor-element elementor-element-6b81d78 eael-wpforms-form-button-custom elementor-widget elementor-widget-eael-wpforms\" data-id=\"6b81d78\" data-element_type=\"widget\" data-e-type=\"widget\" data-widget_type=\"eael-wpforms.default\">\n\t\t\t\t\t            <div class=\"eael-contact-form eael-wpforms eael-wpforms-align-default\">\n                                <div class=\"wpforms-container wpforms-container-full wpforms-render-modern\" id=\"wpforms-12152\"><form id=\"wpforms-form-12152\" class=\"wpforms-validate wpforms-form wpforms-ajax-form\" data-formid=\"12152\" method=\"post\" enctype=\"multipart\/form-data\" action=\"\/fi\/wp-json\/wp\/v2\/pages\/584\" data-token=\"94aa8a3c8afa6c8b705260b12bd41ce4\" data-token-time=\"1776478630\"><noscript class=\"wpforms-error-noscript\">Please enable JavaScript in your browser to complete this form.<\/noscript><div id=\"wpforms-error-noscript\" style=\"display: none;\">Please enable JavaScript in your browser to complete this form.<\/div><div class=\"wpforms-field-container\">\t\t<div id=\"wpforms-12152-field_4-container\"\n\t\t\tclass=\"wpforms-field wpforms-field-text\"\n\t\t\tdata-field-type=\"text\"\n\t\t\tdata-field-id=\"4\"\n\t\t\t>\n\t\t\t<label class=\"wpforms-field-label\" for=\"wpforms-12152-field_4\" >viesti Nimi tai<\/label>\n\t\t\t<input type=\"text\" id=\"wpforms-12152-field_4\" class=\"wpforms-field-medium\" name=\"wpforms[fields][4]\" >\n\t\t<\/div>\n\t\t<div id=\"wpforms-12152-field_1-container\" class=\"wpforms-field wpforms-field-name wpforms-first wpforms-one-half\" data-field-id=\"1\"><label class=\"wpforms-field-label\" for=\"wpforms-12152-field_1\">Nimi <span class=\"wpforms-required-label\" aria-hidden=\"true\">*<\/span><\/label><input type=\"text\" id=\"wpforms-12152-field_1\" class=\"wpforms-field-large wpforms-field-required\" name=\"wpforms[fields][1]\" placeholder=\"Nimi\" aria-errormessage=\"wpforms-12152-field_1-error\" required><\/div><div id=\"wpforms-12152-field_2-container\" class=\"wpforms-field wpforms-field-email\" data-field-id=\"2\"><label class=\"wpforms-field-label\" for=\"wpforms-12152-field_2\">S\u00e4hk\u00f6posti <span class=\"wpforms-required-label\" aria-hidden=\"true\">*<\/span><\/label><input type=\"email\" id=\"wpforms-12152-field_2\" class=\"wpforms-field-large wpforms-field-required\" name=\"wpforms[fields][2]\" placeholder=\"S\u00e4hk\u00f6posti\" spellcheck=\"false\" aria-errormessage=\"wpforms-12152-field_2-error\" required><\/div><div id=\"wpforms-12152-field_3-container\" class=\"wpforms-field wpforms-field-textarea\" data-field-id=\"3\"><label class=\"wpforms-field-label\" for=\"wpforms-12152-field_3\">Kommentti tai viesti<\/label><textarea id=\"wpforms-12152-field_3\" class=\"wpforms-field-medium\" name=\"wpforms[fields][3]\" placeholder=\"Kommentti\" aria-errormessage=\"wpforms-12152-field_3-error\" ><\/textarea><\/div><script>\n\t\t\t\t( function() {\n\t\t\t\t\tconst style = document.createElement( 'style' );\n\t\t\t\t\tstyle.appendChild( document.createTextNode( '#wpforms-12152-field_4-container { position: absolute !important; overflow: hidden !important; display: inline !important; height: 1px !important; width: 1px !important; z-index: -1000 !important; padding: 0 !important; } #wpforms-12152-field_4-container input { visibility: hidden; } #wpforms-conversational-form-page #wpforms-12152-field_4-container label { counter-increment: none; }' ) );\n\t\t\t\t\tdocument.head.appendChild( style );\n\t\t\t\t\tdocument.currentScript?.remove();\n\t\t\t\t} )();\n\t\t\t<\/script><\/div><!-- .wpforms-field-container --><div class=\"wpforms-submit-container\" ><input type=\"hidden\" name=\"wpforms[id]\" value=\"12152\"><input type=\"hidden\" name=\"page_title\" value=\"\"><input type=\"hidden\" name=\"page_url\" value=\"https:\/\/deravio.com\/fi\/wp-json\/wp\/v2\/pages\/584\"><input type=\"hidden\" name=\"url_referer\" value=\"\"><button type=\"submit\" name=\"wpforms[submit]\" id=\"wpforms-submit-12152\" class=\"wpforms-submit\" data-alt-text=\"L\u00e4hetet\u00e4\u00e4n...\" data-submit-text=\"L\u00e4het\u00e4\" aria-live=\"assertive\" value=\"wpforms-submit\">L\u00e4het\u00e4<\/button><img decoding=\"async\" src=\"https:\/\/deravio.com\/fi\/wp-content\/plugins\/wpforms-lite\/assets\/images\/submit-spin.svg\" class=\"wpforms-submit-spinner\" style=\"display: none;\" width=\"26\" height=\"26\" alt=\"Loading\"><\/div><\/form><\/div>  <!-- .wpforms-container -->            <\/div>\n\t\t\t\t<\/div>\n\t\t\t\t\t<\/div>\n\t\t\t\t<\/div>\n\t\t<div class=\"elementor-element elementor-element-f2e264c animated-slow e-flex e-con-boxed elementor-invisible e-con e-parent\" data-id=\"f2e264c\" data-element_type=\"container\" data-e-type=\"container\" data-settings=\"{&quot;animation&quot;:&quot;fadeIn&quot;}\">\n\t\t\t\t\t<div class=\"e-con-inner\">\n\t\t\t\t<div class=\"elementor-element elementor-element-18b8f79 elementor-widget elementor-widget-heading\" data-id=\"18b8f79\" data-element_type=\"widget\" data-e-type=\"widget\" data-widget_type=\"heading.default\">\n\t\t\t\t\t<h2 class=\"elementor-heading-title elementor-size-default\">Usein kysyttyj\u00e4 \nkysymyksi\u00e4<\/h2>\t\t\t\t<\/div>\n\t\t\t\t\t<\/div>\n\t\t\t\t<\/div>\n\t\t<div class=\"elementor-element elementor-element-6168492 e-flex e-con-boxed elementor-invisible e-con e-parent\" data-id=\"6168492\" data-element_type=\"container\" data-e-type=\"container\" data-settings=\"{&quot;animation&quot;:&quot;fadeIn&quot;}\">\n\t\t\t\t\t<div class=\"e-con-inner\">\n\t\t\t\t<div class=\"elementor-element elementor-element-c247bb8 elementor-widget__width-initial elementor-widget elementor-widget-shortcode\" data-id=\"c247bb8\" data-element_type=\"widget\" data-e-type=\"widget\" data-widget_type=\"shortcode.default\">\n\t\t\t\t\t\t\t<div class=\"elementor-shortcode\"><style>#sp-ea-13416 .spcollapsing { height: 0; overflow: hidden; transition-property: height;transition-duration: 300ms;}#sp-ea-13416.sp-easy-accordion>.sp-ea-single {margin-bottom: 10px; border: 1px solid #f6f3f0; }#sp-ea-13416.sp-easy-accordion>.sp-ea-single>.ea-header a {color: #444;}#sp-ea-13416.sp-easy-accordion>.sp-ea-single>.sp-collapse>.ea-body {background: #fff; color: #444;}#sp-ea-13416.sp-easy-accordion>.sp-ea-single {background: #f6f3f0;}#sp-ea-13416.sp-easy-accordion>.sp-ea-single>.ea-header a .ea-expand-icon { float: right; color: #444;font-size: 16px;}#sp-ea-13416.sp-easy-accordion>.sp-ea-single>.ea-header a .ea-expand-icon {margin-right: 0;}<\/style><div id=\"sp_easy_accordion-1767006546\"><div id=\"sp-ea-13416\" class=\"sp-ea-one sp-easy-accordion\" data-ea-active=\"ea-click\" data-ea-mode=\"vertical\" data-preloader=\"\" data-scroll-active-item=\"\" data-offset-to-scroll=\"0\"><div class=\"ea-card ea-expand sp-ea-single\"><h3 class=\"ea-header\"><a class=\"collapsed\" id=\"ea-header-134160\" role=\"button\" data-sptoggle=\"spcollapse\" data-sptarget=\"#collapse134160\" aria-controls=\"collapse134160\" href=\"#\" aria-expanded=\"true\" tabindex=\"0\"><i aria-hidden=\"true\" role=\"presentation\" class=\"ea-expand-icon eap-icon-ea-expand-minus\"><\/i> Mist\u00e4 l\u00f6yd\u00e4n l\u00e4hetyskoodini?<\/a><\/h3><div class=\"sp-collapse spcollapse collapsed show\" id=\"collapse134160\" data-parent=\"#sp-ea-13416\" role=\"region\" aria-labelledby=\"ea-header-134160\"> <div class=\"ea-body\"><p>Kun tilauksesi on l\u00e4hetetty, saat seurantanumeron s\u00e4hk\u00f6postitse. Seurantanumero l\u00e4hetet\u00e4\u00e4n yleens\u00e4 1\u20133 ty\u00f6p\u00e4iv\u00e4n kuluessa. Huomaa, ett\u00e4 seurantanumeron aktivoituminen voi kest\u00e4\u00e4 useita ty\u00f6p\u00e4ivi\u00e4.<\/p><\/div><\/div><\/div><div class=\"ea-card sp-ea-single\"><h3 class=\"ea-header\"><a class=\"collapsed\" id=\"ea-header-134161\" role=\"button\" data-sptoggle=\"spcollapse\" data-sptarget=\"#collapse134161\" aria-controls=\"collapse134161\" href=\"#\" aria-expanded=\"false\" tabindex=\"0\"><i aria-hidden=\"true\" role=\"presentation\" class=\"ea-expand-icon eap-icon-ea-expand-plus\"><\/i> Miten voin tarkistaa tilaukseni sijainnin?<\/a><\/h3><div class=\"sp-collapse spcollapse \" id=\"collapse134161\" data-parent=\"#sp-ea-13416\" role=\"region\" aria-labelledby=\"ea-header-134161\"> <div class=\"ea-body\"><p>K\u00e4yt\u00e4 s\u00e4hk\u00f6postitse saamaasi seurantakoodia tilauksesi tilan seuraamiseen. Sy\u00f6t\u00e4 seurantanumero seurantasivustolle <a href=\"https:\/\/www.17track.net\">17track<\/a> tarkistaaksesi l\u00e4hetyksen tilan. Jos sivusto ilmoittaa, ett\u00e4 l\u00e4hetyksest\u00e4 ei ole tietoja, valitse YunExpress l\u00e4hetyksen kuljetusyhti\u00f6ksi.<\/p><p>Seurantakoodi l\u00e4hetet\u00e4\u00e4n tilauksen vahvistusviestiss\u00e4, jonka sinun pit\u00e4isi saada 1\u20133 ty\u00f6p\u00e4iv\u00e4n kuluessa alkuper\u00e4isen tilauksen tekemisest\u00e4. Jos et ole saanut seurantanumeroa 1\u20133 p\u00e4iv\u00e4n kuluttua, ota meihin yhteytt\u00e4.<\/p><\/div><\/div><\/div><div class=\"ea-card sp-ea-single\"><h3 class=\"ea-header\"><a class=\"collapsed\" id=\"ea-header-134162\" role=\"button\" data-sptoggle=\"spcollapse\" data-sptarget=\"#collapse134162\" aria-controls=\"collapse134162\" href=\"#\" aria-expanded=\"false\" tabindex=\"0\"><i aria-hidden=\"true\" role=\"presentation\" class=\"ea-expand-icon eap-icon-ea-expand-plus\"><\/i> Ent\u00e4 jos en ole tyytyv\u00e4inen tilaukseeni?<\/a><\/h3><div class=\"sp-collapse spcollapse \" id=\"collapse134162\" data-parent=\"#sp-ea-13416\" role=\"region\" aria-labelledby=\"ea-header-134162\"> <div class=\"ea-body\"><p>Jos et ole tyytyv\u00e4inen tilaukseesi, ota meihin yhteytt\u00e4 osoitteeseen info@deravio.com. Kuvaile ongelma mahdollisimman yksityiskohtaisesti ja liit\u00e4 mukaan valokuva tai video. Arvioituamme tilatun tuotteen ongelman, yrit\u00e4mme vastata mahdollisimman pian ja l\u00f6yt\u00e4\u00e4 yhteisen kompromissin ongelman ratkaisemiseksi.<\/p><p>Lis\u00e4ksi kaikki tilaukset voidaan palauttaa 14 ty\u00f6p\u00e4iv\u00e4n kuluessa. Lue lis\u00e4\u00e4 kohdasta <a href=\"https:\/\/deravio.com\/fi\/toimitus-ja-palautukset\/\">Toimitus ja palautukset.<\/a><\/p><\/div><\/div><\/div><div class=\"ea-card sp-ea-single\"><h3 class=\"ea-header\"><a class=\"collapsed\" id=\"ea-header-134163\" role=\"button\" data-sptoggle=\"spcollapse\" data-sptarget=\"#collapse134163\" aria-controls=\"collapse134163\" href=\"#\" aria-expanded=\"false\" tabindex=\"0\"><i aria-hidden=\"true\" role=\"presentation\" class=\"ea-expand-icon eap-icon-ea-expand-plus\"><\/i> Ovatko maksutietoni turvassa?<\/a><\/h3><div class=\"sp-collapse spcollapse \" id=\"collapse134163\" data-parent=\"#sp-ea-13416\" role=\"region\" aria-labelledby=\"ea-header-134163\"> <div class=\"ea-body\"><p>K\u00e4yt\u00e4mme SSL (Secure Socket Layer) -salausta, joka varmistaa, ett\u00e4 tietosi siirret\u00e4\u00e4n turvallisesti selaimesi ja palvelimiemme v\u00e4lill\u00e4. T\u00e4m\u00e4 tarjoaa lis\u00e4suojan tietojen varastamista vastaan ja varmistaa, ett\u00e4 henkil\u00f6kohtaiset maksutietosi ovat turvassa.<\/p><\/div><\/div><\/div><div class=\"ea-card sp-ea-single\"><h3 class=\"ea-header\"><a class=\"collapsed\" id=\"ea-header-134164\" role=\"button\" data-sptoggle=\"spcollapse\" data-sptarget=\"#collapse134164\" aria-controls=\"collapse134164\" href=\"#\" aria-expanded=\"false\" tabindex=\"0\"><i aria-hidden=\"true\" role=\"presentation\" class=\"ea-expand-icon eap-icon-ea-expand-plus\"><\/i> Kuinka voin palauttaa tuotteen?<\/a><\/h3><div class=\"sp-collapse spcollapse \" id=\"collapse134164\" data-parent=\"#sp-ea-13416\" role=\"region\" aria-labelledby=\"ea-header-134164\"> <div class=\"ea-body\"><p>Ota yhteytt\u00e4 osoitteeseen info@deravio.com, jos haluat lis\u00e4tietoja tuotteiden palauttamisesta. Kaikki ostokset voidaan palauttaa 14 ty\u00f6p\u00e4iv\u00e4n kuluessa ilman syyt\u00e4. Ota vain yhteytt\u00e4, niin annamme sinulle kaikki tarvittavat tiedot paketin palauttamista varten.<\/p><p>Palautusosoitteemme on:<br \/>Vienyb\u0117s g. 5, \u0160ilal\u0117, LT-75129, Liettua<\/p><p>Lue lis\u00e4\u00e4 kohdasta <a href=\"https:\/\/deravio.com\/fi\/toimitus-ja-palautukset\/\">Toimitus ja palautukset.<\/a><\/p><\/div><\/div><\/div><div class=\"ea-card sp-ea-single\"><h3 class=\"ea-header\"><a class=\"collapsed\" id=\"ea-header-134165\" role=\"button\" data-sptoggle=\"spcollapse\" data-sptarget=\"#collapse134165\" aria-controls=\"collapse134165\" href=\"#\" aria-expanded=\"false\" tabindex=\"0\"><i aria-hidden=\"true\" role=\"presentation\" class=\"ea-expand-icon eap-icon-ea-expand-plus\"><\/i> Etk\u00f6 l\u00f6yt\u00e4nyt vastausta kysymykseesi?<\/a><\/h3><div class=\"sp-collapse spcollapse \" id=\"collapse134165\" data-parent=\"#sp-ea-13416\" role=\"region\" aria-labelledby=\"ea-header-134165\"> <div class=\"ea-body\"><p>Jos sinulla on kysytt\u00e4v\u00e4\u00e4 tai tarvitset lis\u00e4tietoja, ota meihin yhteytt\u00e4 osoitteessa info@deravio.com.<\/p><p>Asiakaspalvelutiimimme on aina valmis auttamaan ja vastaamaan kysymyksiisi. Vastaamme kysymyksiin 24 tunnin kuluessa.<\/p><\/div><\/div><\/div><\/div><\/div><\/div>\n\t\t\t\t\t\t<\/div>\n\t\t\t\t\t<\/div>\n\t\t\t\t<\/div>\n\t\t\t\t<\/div>\n\t\t","protected":false},"excerpt":{"rendered":"<p>Ota yhteytt\u00e4 Otamme sinuun yhteytt\u00e4 24 tunnin kuluessa. Please enable JavaScript in your browser to complete this form.Please enable JavaScript [&hellip;]<\/p>\n","protected":false},"author":1,"featured_media":0,"parent":0,"menu_order":0,"comment_status":"closed","ping_status":"closed","template":"","meta":{"site-sidebar-layout":"default","site-content-layout":"","ast-site-content-layout":"default","site-content-style":"default","site-sidebar-style":"default","ast-global-header-display":"","ast-banner-title-visibility":"","ast-main-header-display":"","ast-hfb-above-header-display":"","ast-hfb-below-header-display":"","ast-hfb-mobile-header-display":"","site-post-title":"disabled","ast-breadcrumbs-content":"","ast-featured-img":"","footer-sml-layout":"","theme-transparent-header-meta":"","adv-header-id-meta":"","stick-header-meta":"","header-above-stick-meta":"","header-main-stick-meta":"","header-below-stick-meta":"","astra-migrate-meta-layouts":"default","ast-page-background-enabled":"default","ast-page-background-meta":{"desktop":{"background-color":"var(--ast-global-color-5)","background-image":"","background-repeat":"repeat","background-position":"center center","background-size":"auto","background-attachment":"scroll","background-type":"","background-media":"","overlay-type":"","overlay-color":"","overlay-opacity":"","overlay-gradient":""},"tablet":{"background-color":"","background-image":"","background-repeat":"repeat","background-position":"center center","background-size":"auto","background-attachment":"scroll","background-type":"","background-media":"","overlay-type":"","overlay-color":"","overlay-opacity":"","overlay-gradient":""},"mobile":{"background-color":"","background-image":"","background-repeat":"repeat","background-position":"center center","background-size":"auto","background-attachment":"scroll","background-type":"","background-media":"","overlay-type":"","overlay-color":"","overlay-opacity":"","overlay-gradient":""}},"ast-content-background-meta":{"desktop":{"background-color":"var(--ast-global-color-4)","background-image":"","background-repeat":"repeat","background-position":"center center","background-size":"auto","background-attachment":"scroll","background-type":"","background-media":"","overlay-type":"","overlay-color":"","overlay-opacity":"","overlay-gradient":""},"tablet":{"background-color":"var(--ast-global-color-4)","background-image":"","background-repeat":"repeat","background-position":"center center","background-size":"auto","background-attachment":"scroll","background-type":"","background-media":"","overlay-type":"","overlay-color":"","overlay-opacity":"","overlay-gradient":""},"mobile":{"background-color":"var(--ast-global-color-4)","background-image":"","background-repeat":"repeat","background-position":"center center","background-size":"auto","background-attachment":"scroll","background-type":"","background-media":"","overlay-type":"","overlay-color":"","overlay-opacity":"","overlay-gradient":""}},"footnotes":""},"class_list":["post-584","page","type-page","status-publish","hentry"],"yoast_head":"<!-- This site is optimized with the Yoast SEO plugin v26.6 - https:\/\/yoast.com\/wordpress\/plugins\/seo\/ -->\n<title>Ota yhteytt\u00e4 - Deravio FI<\/title>\n<meta name=\"robots\" content=\"index, follow, max-snippet:-1, max-image-preview:large, max-video-preview:-1\" \/>\n<link rel=\"canonical\" href=\"https:\/\/deravio.com\/fi\/ota-yhteytta\/\" \/>\n<meta property=\"og:locale\" content=\"fi_FI\" \/>\n<meta property=\"og:type\" content=\"article\" \/>\n<meta property=\"og:title\" content=\"Ota yhteytt\u00e4 - Deravio FI\" \/>\n<meta property=\"og:description\" content=\"Ota yhteytt\u00e4 Otamme sinuun yhteytt\u00e4 24 tunnin kuluessa. Please enable JavaScript in your browser to complete this form.Please enable JavaScript [&hellip;]\" \/>\n<meta property=\"og:url\" content=\"https:\/\/deravio.com\/fi\/ota-yhteytta\/\" \/>\n<meta property=\"og:site_name\" content=\"Deravio FI\" \/>\n<meta property=\"article:modified_time\" content=\"2026-01-12T15:39:12+00:00\" \/>\n<meta property=\"og:image\" content=\"https:\/\/deravio.com\/fi\/wp-content\/plugins\/wpforms-lite\/assets\/images\/submit-spin.svg\" \/>\n<meta name=\"twitter:card\" content=\"summary_large_image\" \/>\n<meta name=\"twitter:label1\" content=\"Arvioitu lukuaika\" \/>\n\t<meta name=\"twitter:data1\" content=\"2 minuuttia\" \/>\n<script type=\"application\/ld+json\" class=\"yoast-schema-graph\">{\"@context\":\"https:\/\/schema.org\",\"@graph\":[{\"@type\":\"WebPage\",\"@id\":\"https:\/\/deravio.com\/fi\/ota-yhteytta\/\",\"url\":\"https:\/\/deravio.com\/fi\/ota-yhteytta\/\",\"name\":\"Ota yhteytt\u00e4 - Deravio FI\",\"isPartOf\":{\"@id\":\"https:\/\/deravio.com\/fi\/#website\"},\"primaryImageOfPage\":{\"@id\":\"https:\/\/deravio.com\/fi\/ota-yhteytta\/#primaryimage\"},\"image\":{\"@id\":\"https:\/\/deravio.com\/fi\/ota-yhteytta\/#primaryimage\"},\"thumbnailUrl\":\"https:\/\/deravio.com\/fi\/wp-content\/plugins\/wpforms-lite\/assets\/images\/submit-spin.svg\",\"datePublished\":\"2020-10-13T06:47:01+00:00\",\"dateModified\":\"2026-01-12T15:39:12+00:00\",\"breadcrumb\":{\"@id\":\"https:\/\/deravio.com\/fi\/ota-yhteytta\/#breadcrumb\"},\"inLanguage\":\"fi\",\"potentialAction\":[{\"@type\":\"ReadAction\",\"target\":[\"https:\/\/deravio.com\/fi\/ota-yhteytta\/\"]}]},{\"@type\":\"ImageObject\",\"inLanguage\":\"fi\",\"@id\":\"https:\/\/deravio.com\/fi\/ota-yhteytta\/#primaryimage\",\"url\":\"https:\/\/deravio.com\/fi\/wp-content\/plugins\/wpforms-lite\/assets\/images\/submit-spin.svg\",\"contentUrl\":\"https:\/\/deravio.com\/fi\/wp-content\/plugins\/wpforms-lite\/assets\/images\/submit-spin.svg\"},{\"@type\":\"BreadcrumbList\",\"@id\":\"https:\/\/deravio.com\/fi\/ota-yhteytta\/#breadcrumb\",\"itemListElement\":[{\"@type\":\"ListItem\",\"position\":1,\"name\":\"Home\",\"item\":\"https:\/\/deravio.com\/fi\/\"},{\"@type\":\"ListItem\",\"position\":2,\"name\":\"Ota yhteytt\u00e4\"}]},{\"@type\":\"WebSite\",\"@id\":\"https:\/\/deravio.com\/fi\/#website\",\"url\":\"https:\/\/deravio.com\/fi\/\",\"name\":\"Deravio FI\",\"description\":\"\",\"publisher\":{\"@id\":\"https:\/\/deravio.com\/fi\/#organization\"},\"potentialAction\":[{\"@type\":\"SearchAction\",\"target\":{\"@type\":\"EntryPoint\",\"urlTemplate\":\"https:\/\/deravio.com\/fi\/?s={search_term_string}\"},\"query-input\":{\"@type\":\"PropertyValueSpecification\",\"valueRequired\":true,\"valueName\":\"search_term_string\"}}],\"inLanguage\":\"fi\"},{\"@type\":\"Organization\",\"@id\":\"https:\/\/deravio.com\/fi\/#organization\",\"name\":\"Mekulo\",\"url\":\"https:\/\/deravio.com\/fi\/\",\"logo\":{\"@type\":\"ImageObject\",\"inLanguage\":\"fi\",\"@id\":\"https:\/\/deravio.com\/fi\/#\/schema\/logo\/image\/\",\"url\":\"https:\/\/deravio.com\/fi\/wp-content\/uploads\/sites\/19\/2025\/12\/favicon_mekulo.png\",\"contentUrl\":\"https:\/\/deravio.com\/fi\/wp-content\/uploads\/sites\/19\/2025\/12\/favicon_mekulo.png\",\"width\":50,\"height\":50,\"caption\":\"Mekulo\"},\"image\":{\"@id\":\"https:\/\/deravio.com\/fi\/#\/schema\/logo\/image\/\"}}]}<\/script>\n<!-- \/ Yoast SEO plugin. -->","yoast_head_json":{"title":"Ota yhteytt\u00e4 - Deravio FI","robots":{"index":"index","follow":"follow","max-snippet":"max-snippet:-1","max-image-preview":"max-image-preview:large","max-video-preview":"max-video-preview:-1"},"canonical":"https:\/\/deravio.com\/fi\/ota-yhteytta\/","og_locale":"fi_FI","og_type":"article","og_title":"Ota yhteytt\u00e4 - Deravio FI","og_description":"Ota yhteytt\u00e4 Otamme sinuun yhteytt\u00e4 24 tunnin kuluessa. Please enable JavaScript in your browser to complete this form.Please enable JavaScript [&hellip;]","og_url":"https:\/\/deravio.com\/fi\/ota-yhteytta\/","og_site_name":"Deravio FI","article_modified_time":"2026-01-12T15:39:12+00:00","og_image":[{"url":"https:\/\/deravio.com\/fi\/wp-content\/plugins\/wpforms-lite\/assets\/images\/submit-spin.svg","type":"","width":"","height":""}],"twitter_card":"summary_large_image","twitter_misc":{"Arvioitu lukuaika":"2 minuuttia"},"schema":{"@context":"https:\/\/schema.org","@graph":[{"@type":"WebPage","@id":"https:\/\/deravio.com\/fi\/ota-yhteytta\/","url":"https:\/\/deravio.com\/fi\/ota-yhteytta\/","name":"Ota yhteytt\u00e4 - Deravio FI","isPartOf":{"@id":"https:\/\/deravio.com\/fi\/#website"},"primaryImageOfPage":{"@id":"https:\/\/deravio.com\/fi\/ota-yhteytta\/#primaryimage"},"image":{"@id":"https:\/\/deravio.com\/fi\/ota-yhteytta\/#primaryimage"},"thumbnailUrl":"https:\/\/deravio.com\/fi\/wp-content\/plugins\/wpforms-lite\/assets\/images\/submit-spin.svg","datePublished":"2020-10-13T06:47:01+00:00","dateModified":"2026-01-12T15:39:12+00:00","breadcrumb":{"@id":"https:\/\/deravio.com\/fi\/ota-yhteytta\/#breadcrumb"},"inLanguage":"fi","potentialAction":[{"@type":"ReadAction","target":["https:\/\/deravio.com\/fi\/ota-yhteytta\/"]}]},{"@type":"ImageObject","inLanguage":"fi","@id":"https:\/\/deravio.com\/fi\/ota-yhteytta\/#primaryimage","url":"https:\/\/deravio.com\/fi\/wp-content\/plugins\/wpforms-lite\/assets\/images\/submit-spin.svg","contentUrl":"https:\/\/deravio.com\/fi\/wp-content\/plugins\/wpforms-lite\/assets\/images\/submit-spin.svg"},{"@type":"BreadcrumbList","@id":"https:\/\/deravio.com\/fi\/ota-yhteytta\/#breadcrumb","itemListElement":[{"@type":"ListItem","position":1,"name":"Home","item":"https:\/\/deravio.com\/fi\/"},{"@type":"ListItem","position":2,"name":"Ota yhteytt\u00e4"}]},{"@type":"WebSite","@id":"https:\/\/deravio.com\/fi\/#website","url":"https:\/\/deravio.com\/fi\/","name":"Deravio FI","description":"","publisher":{"@id":"https:\/\/deravio.com\/fi\/#organization"},"potentialAction":[{"@type":"SearchAction","target":{"@type":"EntryPoint","urlTemplate":"https:\/\/deravio.com\/fi\/?s={search_term_string}"},"query-input":{"@type":"PropertyValueSpecification","valueRequired":true,"valueName":"search_term_string"}}],"inLanguage":"fi"},{"@type":"Organization","@id":"https:\/\/deravio.com\/fi\/#organization","name":"Mekulo","url":"https:\/\/deravio.com\/fi\/","logo":{"@type":"ImageObject","inLanguage":"fi","@id":"https:\/\/deravio.com\/fi\/#\/schema\/logo\/image\/","url":"https:\/\/deravio.com\/fi\/wp-content\/uploads\/sites\/19\/2025\/12\/favicon_mekulo.png","contentUrl":"https:\/\/deravio.com\/fi\/wp-content\/uploads\/sites\/19\/2025\/12\/favicon_mekulo.png","width":50,"height":50,"caption":"Mekulo"},"image":{"@id":"https:\/\/deravio.com\/fi\/#\/schema\/logo\/image\/"}}]}},"_links":{"self":[{"href":"https:\/\/deravio.com\/fi\/wp-json\/wp\/v2\/pages\/584","targetHints":{"allow":["GET"]}}],"collection":[{"href":"https:\/\/deravio.com\/fi\/wp-json\/wp\/v2\/pages"}],"about":[{"href":"https:\/\/deravio.com\/fi\/wp-json\/wp\/v2\/types\/page"}],"author":[{"embeddable":true,"href":"https:\/\/deravio.com\/fi\/wp-json\/wp\/v2\/users\/1"}],"replies":[{"embeddable":true,"href":"https:\/\/deravio.com\/fi\/wp-json\/wp\/v2\/comments?post=584"}],"version-history":[{"count":82,"href":"https:\/\/deravio.com\/fi\/wp-json\/wp\/v2\/pages\/584\/revisions"}],"predecessor-version":[{"id":19321,"href":"https:\/\/deravio.com\/fi\/wp-json\/wp\/v2\/pages\/584\/revisions\/19321"}],"wp:attachment":[{"href":"https:\/\/deravio.com\/fi\/wp-json\/wp\/v2\/media?parent=584"}],"curies":[{"name":"wp","href":"https:\/\/api.w.org\/{rel}","templated":true}]}}