{"id":546,"date":"2020-10-13T02:48:45","date_gmt":"2020-10-13T02:48:45","guid":{"rendered":"http:\/\/localhost\/razzi\/?page_id=546"},"modified":"2026-04-17T16:02:41","modified_gmt":"2026-04-17T13:02:41","slug":"toimitus-ja-palautukset","status":"publish","type":"page","link":"https:\/\/deravio.com\/fi\/toimitus-ja-palautukset\/","title":{"rendered":"Toimitus ja palautukset"},"content":{"rendered":"\t\t<div data-elementor-type=\"wp-page\" data-elementor-id=\"546\" class=\"elementor elementor-546\" data-elementor-post-type=\"page\">\n\t\t\t\t<div class=\"elementor-element elementor-element-a937d85 e-flex e-con-boxed e-con e-parent\" data-id=\"a937d85\" data-element_type=\"container\" data-e-type=\"container\">\n\t\t\t\t\t<div class=\"e-con-inner\">\n\t\t\t\t<div class=\"elementor-element elementor-element-3962e41 elementor-widget elementor-widget-heading\" data-id=\"3962e41\" data-element_type=\"widget\" data-e-type=\"widget\" data-widget_type=\"heading.default\">\n\t\t\t\t\t<h2 class=\"elementor-heading-title elementor-size-default\">Toimitustiedot<\/h2>\t\t\t\t<\/div>\n\t\t\t\t<div class=\"elementor-element elementor-element-62b522a elementor-widget elementor-widget-text-editor\" data-id=\"62b522a\" data-element_type=\"widget\" data-e-type=\"widget\" data-widget_type=\"text-editor.default\">\n\t\t\t\t\t\t\t\t\t<p data-start=\"72\" data-end=\"89\"><strong data-start=\"72\" data-end=\"89\">Toimitustavat<\/strong><\/p><p data-start=\"91\" data-end=\"118\">Tavallinen Premium-toimitus<\/p><p data-start=\"120\" data-end=\"167\">Kaikkiin Suomeen teht\u00e4viin toimituksiin 5,99 \u20ac.<\/p><p data-start=\"169\" data-end=\"198\"><strong data-start=\"169\" data-end=\"198\">Ilmainen premium-toimitus<\/strong><\/p><p data-start=\"200\" data-end=\"256\">Ilmainen toimitus kaikkiin yli 35 \u20ac tilauksiin Suomessa.<\/p><p data-start=\"258\" data-end=\"276\"><strong data-start=\"258\" data-end=\"276\">Toimitusalueet<\/strong><\/p><p data-start=\"278\" data-end=\"430\">T\u00e4ll\u00e4 hetkell\u00e4 toimitamme vain Suomeen.<br data-start=\"317\" data-end=\"320\" \/>Ty\u00f6skentelemme laajentaaksemme tuotevalikoimaamme, jotta voimme pian toimittaa koko Euroopan unionin alueelle.<\/p><p data-start=\"432\" data-end=\"463\"><strong data-start=\"432\" data-end=\"463\">Toimitusaika ja lis\u00e4tietoja<\/strong><\/p><p data-start=\"465\" data-end=\"778\">Kaikki tilaukset k\u00e4sitell\u00e4\u00e4n 1\u20132 arkip\u00e4iv\u00e4n kuluessa ja tyypillinen toimitusaikamme on 7\u201310 arkip\u00e4iv\u00e4\u00e4. Sijainnistasi riippuen voit kuitenkin vastaanottaa tuotteesi paljon nopeammin. Katso kuitenkin aina tuotteen kuvauksesta tarkemmat tiedot. Joidenkin tuotteiden toimitusaika saattaa t\u00e4ll\u00e4 hetkell\u00e4 olla pidempi.<\/p><p data-start=\"780\" data-end=\"1235\">Olemme solmineet yhteisty\u00f6sopimuksia kaikkien kuljetuskumppaneidemme kanssa ja pyrimme toimittamaan kaikki paketit ilmoitetun aikataulun mukaisesti. Huomioithan, ett\u00e4 emme voi ottaa vastuuta viiv\u00e4styksist\u00e4, jotka johtuvat s\u00e4\u00e4olosuhteista, v\u00e4\u00e4rist\u00e4 osoitetiedoista, kuljetusyrityksen ongelmista tai muista hallitsemattomista olosuhteista. Teemme parhaamme ratkaistaksemme kaikki ongelmat liittyen palautuksiin, reklamaatioihin tai kadonneisiin paketteihin.<\/p><p data-start=\"1237\" data-end=\"1617\">Jos paketti katoaa, puuttuu tai sen toimitusta ei voida vahvistaa seurannalla, k\u00e4sittelemme tilauksen uudelleenl\u00e4hetyksen. Paketit, joiden toimitus kuljetusyrityksen mukaan on vahvistettu, tutkitaan, eik\u00e4 niist\u00e4 makseta hyvityst\u00e4 ennen asian selvitt\u00e4mist\u00e4. Jos pakettisi ei saavu tai saapuu vahingoittuneena, ota yhteytt\u00e4 osoitteeseen <a class=\"decorated-link cursor-pointer\" rel=\"noopener\" data-start=\"1572\" data-end=\"1588\">info@deravio.com<\/a> ja ilmoita tilausnumerosi.<\/p>\t\t\t\t\t\t\t\t<\/div>\n\t\t\t\t\t<\/div>\n\t\t\t\t<\/div>\n\t\t\t\t<\/div>\n\t\t","protected":false},"excerpt":{"rendered":"<p>Toimitustiedot Toimitustavat Tavallinen Premium-toimitus Kaikkiin Suomeen teht\u00e4viin toimituksiin 5,99 \u20ac. Ilmainen premium-toimitus Ilmainen toimitus kaikkiin yli 35 \u20ac tilauksiin Suomessa. [&hellip;]<\/p>\n","protected":false},"author":1,"featured_media":0,"parent":0,"menu_order":0,"comment_status":"closed","ping_status":"closed","template":"","meta":{"site-sidebar-layout":"default","site-content-layout":"","ast-site-content-layout":"default","site-content-style":"default","site-sidebar-style":"default","ast-global-header-display":"","ast-banner-title-visibility":"","ast-main-header-display":"","ast-hfb-above-header-display":"","ast-hfb-below-header-display":"","ast-hfb-mobile-header-display":"","site-post-title":"disabled","ast-breadcrumbs-content":"","ast-featured-img":"","footer-sml-layout":"","theme-transparent-header-meta":"","adv-header-id-meta":"","stick-header-meta":"","header-above-stick-meta":"","header-main-stick-meta":"","header-below-stick-meta":"","astra-migrate-meta-layouts":"default","ast-page-background-enabled":"default","ast-page-background-meta":{"desktop":{"background-color":"var(--ast-global-color-5)","background-image":"","background-repeat":"repeat","background-position":"center center","background-size":"auto","background-attachment":"scroll","background-type":"","background-media":"","overlay-type":"","overlay-color":"","overlay-opacity":"","overlay-gradient":""},"tablet":{"background-color":"","background-image":"","background-repeat":"repeat","background-position":"center center","background-size":"auto","background-attachment":"scroll","background-type":"","background-media":"","overlay-type":"","overlay-color":"","overlay-opacity":"","overlay-gradient":""},"mobile":{"background-color":"","background-image":"","background-repeat":"repeat","background-position":"center center","background-size":"auto","background-attachment":"scroll","background-type":"","background-media":"","overlay-type":"","overlay-color":"","overlay-opacity":"","overlay-gradient":""}},"ast-content-background-meta":{"desktop":{"background-color":"var(--ast-global-color-4)","background-image":"","background-repeat":"repeat","background-position":"center center","background-size":"auto","background-attachment":"scroll","background-type":"","background-media":"","overlay-type":"","overlay-color":"","overlay-opacity":"","overlay-gradient":""},"tablet":{"background-color":"var(--ast-global-color-4)","background-image":"","background-repeat":"repeat","background-position":"center center","background-size":"auto","background-attachment":"scroll","background-type":"","background-media":"","overlay-type":"","overlay-color":"","overlay-opacity":"","overlay-gradient":""},"mobile":{"background-color":"var(--ast-global-color-4)","background-image":"","background-repeat":"repeat","background-position":"center center","background-size":"auto","background-attachment":"scroll","background-type":"","background-media":"","overlay-type":"","overlay-color":"","overlay-opacity":"","overlay-gradient":""}},"footnotes":""},"class_list":["post-546","page","type-page","status-publish","hentry"],"yoast_head":"<!-- This site is optimized with the Yoast SEO plugin v26.6 - https:\/\/yoast.com\/wordpress\/plugins\/seo\/ -->\n<title>Toimitus ja palautukset - Deravio FI<\/title>\n<meta name=\"robots\" content=\"index, follow, max-snippet:-1, max-image-preview:large, max-video-preview:-1\" \/>\n<link rel=\"canonical\" href=\"https:\/\/deravio.com\/fi\/toimitus-ja-palautukset\/\" \/>\n<meta property=\"og:locale\" content=\"fi_FI\" \/>\n<meta property=\"og:type\" content=\"article\" \/>\n<meta property=\"og:title\" content=\"Toimitus ja palautukset - Deravio FI\" \/>\n<meta property=\"og:description\" content=\"Toimitustiedot Toimitustavat Tavallinen Premium-toimitus Kaikkiin Suomeen teht\u00e4viin toimituksiin 5,99 \u20ac. Ilmainen premium-toimitus Ilmainen toimitus kaikkiin yli 35 \u20ac tilauksiin Suomessa. [&hellip;]\" \/>\n<meta property=\"og:url\" content=\"https:\/\/deravio.com\/fi\/toimitus-ja-palautukset\/\" \/>\n<meta property=\"og:site_name\" content=\"Deravio FI\" \/>\n<meta property=\"article:modified_time\" content=\"2026-04-17T13:02:41+00:00\" \/>\n<meta name=\"twitter:card\" content=\"summary_large_image\" \/>\n<meta name=\"twitter:label1\" content=\"Arvioitu lukuaika\" \/>\n\t<meta name=\"twitter:data1\" content=\"1 minuutti\" \/>\n<script type=\"application\/ld+json\" class=\"yoast-schema-graph\">{\"@context\":\"https:\/\/schema.org\",\"@graph\":[{\"@type\":\"WebPage\",\"@id\":\"https:\/\/deravio.com\/fi\/toimitus-ja-palautukset\/\",\"url\":\"https:\/\/deravio.com\/fi\/toimitus-ja-palautukset\/\",\"name\":\"Toimitus ja palautukset - Deravio FI\",\"isPartOf\":{\"@id\":\"https:\/\/deravio.com\/fi\/#website\"},\"datePublished\":\"2020-10-13T02:48:45+00:00\",\"dateModified\":\"2026-04-17T13:02:41+00:00\",\"breadcrumb\":{\"@id\":\"https:\/\/deravio.com\/fi\/toimitus-ja-palautukset\/#breadcrumb\"},\"inLanguage\":\"fi\",\"potentialAction\":[{\"@type\":\"ReadAction\",\"target\":[\"https:\/\/deravio.com\/fi\/toimitus-ja-palautukset\/\"]}]},{\"@type\":\"BreadcrumbList\",\"@id\":\"https:\/\/deravio.com\/fi\/toimitus-ja-palautukset\/#breadcrumb\",\"itemListElement\":[{\"@type\":\"ListItem\",\"position\":1,\"name\":\"Home\",\"item\":\"https:\/\/deravio.com\/fi\/\"},{\"@type\":\"ListItem\",\"position\":2,\"name\":\"Toimitus ja palautukset\"}]},{\"@type\":\"WebSite\",\"@id\":\"https:\/\/deravio.com\/fi\/#website\",\"url\":\"https:\/\/deravio.com\/fi\/\",\"name\":\"Deravio FI\",\"description\":\"\",\"publisher\":{\"@id\":\"https:\/\/deravio.com\/fi\/#organization\"},\"potentialAction\":[{\"@type\":\"SearchAction\",\"target\":{\"@type\":\"EntryPoint\",\"urlTemplate\":\"https:\/\/deravio.com\/fi\/?s={search_term_string}\"},\"query-input\":{\"@type\":\"PropertyValueSpecification\",\"valueRequired\":true,\"valueName\":\"search_term_string\"}}],\"inLanguage\":\"fi\"},{\"@type\":\"Organization\",\"@id\":\"https:\/\/deravio.com\/fi\/#organization\",\"name\":\"Mekulo\",\"url\":\"https:\/\/deravio.com\/fi\/\",\"logo\":{\"@type\":\"ImageObject\",\"inLanguage\":\"fi\",\"@id\":\"https:\/\/deravio.com\/fi\/#\/schema\/logo\/image\/\",\"url\":\"https:\/\/deravio.com\/fi\/wp-content\/uploads\/sites\/19\/2025\/12\/favicon_mekulo.png\",\"contentUrl\":\"https:\/\/deravio.com\/fi\/wp-content\/uploads\/sites\/19\/2025\/12\/favicon_mekulo.png\",\"width\":50,\"height\":50,\"caption\":\"Mekulo\"},\"image\":{\"@id\":\"https:\/\/deravio.com\/fi\/#\/schema\/logo\/image\/\"}}]}<\/script>\n<!-- \/ Yoast SEO plugin. -->","yoast_head_json":{"title":"Toimitus ja palautukset - Deravio FI","robots":{"index":"index","follow":"follow","max-snippet":"max-snippet:-1","max-image-preview":"max-image-preview:large","max-video-preview":"max-video-preview:-1"},"canonical":"https:\/\/deravio.com\/fi\/toimitus-ja-palautukset\/","og_locale":"fi_FI","og_type":"article","og_title":"Toimitus ja palautukset - Deravio FI","og_description":"Toimitustiedot Toimitustavat Tavallinen Premium-toimitus Kaikkiin Suomeen teht\u00e4viin toimituksiin 5,99 \u20ac. Ilmainen premium-toimitus Ilmainen toimitus kaikkiin yli 35 \u20ac tilauksiin Suomessa. [&hellip;]","og_url":"https:\/\/deravio.com\/fi\/toimitus-ja-palautukset\/","og_site_name":"Deravio FI","article_modified_time":"2026-04-17T13:02:41+00:00","twitter_card":"summary_large_image","twitter_misc":{"Arvioitu lukuaika":"1 minuutti"},"schema":{"@context":"https:\/\/schema.org","@graph":[{"@type":"WebPage","@id":"https:\/\/deravio.com\/fi\/toimitus-ja-palautukset\/","url":"https:\/\/deravio.com\/fi\/toimitus-ja-palautukset\/","name":"Toimitus ja palautukset - Deravio FI","isPartOf":{"@id":"https:\/\/deravio.com\/fi\/#website"},"datePublished":"2020-10-13T02:48:45+00:00","dateModified":"2026-04-17T13:02:41+00:00","breadcrumb":{"@id":"https:\/\/deravio.com\/fi\/toimitus-ja-palautukset\/#breadcrumb"},"inLanguage":"fi","potentialAction":[{"@type":"ReadAction","target":["https:\/\/deravio.com\/fi\/toimitus-ja-palautukset\/"]}]},{"@type":"BreadcrumbList","@id":"https:\/\/deravio.com\/fi\/toimitus-ja-palautukset\/#breadcrumb","itemListElement":[{"@type":"ListItem","position":1,"name":"Home","item":"https:\/\/deravio.com\/fi\/"},{"@type":"ListItem","position":2,"name":"Toimitus ja palautukset"}]},{"@type":"WebSite","@id":"https:\/\/deravio.com\/fi\/#website","url":"https:\/\/deravio.com\/fi\/","name":"Deravio FI","description":"","publisher":{"@id":"https:\/\/deravio.com\/fi\/#organization"},"potentialAction":[{"@type":"SearchAction","target":{"@type":"EntryPoint","urlTemplate":"https:\/\/deravio.com\/fi\/?s={search_term_string}"},"query-input":{"@type":"PropertyValueSpecification","valueRequired":true,"valueName":"search_term_string"}}],"inLanguage":"fi"},{"@type":"Organization","@id":"https:\/\/deravio.com\/fi\/#organization","name":"Mekulo","url":"https:\/\/deravio.com\/fi\/","logo":{"@type":"ImageObject","inLanguage":"fi","@id":"https:\/\/deravio.com\/fi\/#\/schema\/logo\/image\/","url":"https:\/\/deravio.com\/fi\/wp-content\/uploads\/sites\/19\/2025\/12\/favicon_mekulo.png","contentUrl":"https:\/\/deravio.com\/fi\/wp-content\/uploads\/sites\/19\/2025\/12\/favicon_mekulo.png","width":50,"height":50,"caption":"Mekulo"},"image":{"@id":"https:\/\/deravio.com\/fi\/#\/schema\/logo\/image\/"}}]}},"_links":{"self":[{"href":"https:\/\/deravio.com\/fi\/wp-json\/wp\/v2\/pages\/546","targetHints":{"allow":["GET"]}}],"collection":[{"href":"https:\/\/deravio.com\/fi\/wp-json\/wp\/v2\/pages"}],"about":[{"href":"https:\/\/deravio.com\/fi\/wp-json\/wp\/v2\/types\/page"}],"author":[{"embeddable":true,"href":"https:\/\/deravio.com\/fi\/wp-json\/wp\/v2\/users\/1"}],"replies":[{"embeddable":true,"href":"https:\/\/deravio.com\/fi\/wp-json\/wp\/v2\/comments?post=546"}],"version-history":[{"count":21,"href":"https:\/\/deravio.com\/fi\/wp-json\/wp\/v2\/pages\/546\/revisions"}],"predecessor-version":[{"id":21925,"href":"https:\/\/deravio.com\/fi\/wp-json\/wp\/v2\/pages\/546\/revisions\/21925"}],"wp:attachment":[{"href":"https:\/\/deravio.com\/fi\/wp-json\/wp\/v2\/media?parent=546"}],"curies":[{"name":"wp","href":"https:\/\/api.w.org\/{rel}","templated":true}]}}