{"id":12648,"date":"2025-12-05T15:20:08","date_gmt":"2025-12-05T15:20:08","guid":{"rendered":"https:\/\/senbera.com\/fi\/?page_id=12648"},"modified":"2026-04-17T16:03:29","modified_gmt":"2026-04-17T13:03:29","slug":"tietosuojakaytanto","status":"publish","type":"page","link":"https:\/\/deravio.com\/fi\/tietosuojakaytanto\/","title":{"rendered":"Tietosuojak\u00e4yt\u00e4nt\u00f6"},"content":{"rendered":"\t\t<div data-elementor-type=\"wp-page\" data-elementor-id=\"12648\" class=\"elementor elementor-12648\" data-elementor-post-type=\"page\">\n\t\t\t\t<div class=\"elementor-element elementor-element-3d673f37 e-flex e-con-boxed e-con e-parent\" data-id=\"3d673f37\" data-element_type=\"container\" data-e-type=\"container\">\n\t\t\t\t\t<div class=\"e-con-inner\">\n\t\t\t\t<div class=\"elementor-element elementor-element-50d401f7 elementor-widget elementor-widget-text-editor\" data-id=\"50d401f7\" data-element_type=\"widget\" data-e-type=\"widget\" data-widget_type=\"text-editor.default\">\n\t\t\t\t\t\t\t\t\t<p data-start=\"137\" data-end=\"169\"><strong data-start=\"137\" data-end=\"169\">Voimaantulop\u00e4iv\u00e4: 12.12.2025<\/strong><\/p><p data-start=\"171\" data-end=\"427\">Axenta LTD (\u201cme,\u201d \u201cmeit\u00e4\u201d tai \u201cmeid\u00e4n\u201d) kunnioittaa yksityisyytt\u00e4si ja sitoutuu suojaamaan henkil\u00f6tietojasi. T\u00e4m\u00e4 tietosuojak\u00e4yt\u00e4nt\u00f6 selitt\u00e4\u00e4, miten ker\u00e4\u00e4mme, k\u00e4yt\u00e4mme, jaamme ja suojaamme tietojasi, kun vierailet tai teet ostoksia sivustolla deravio.com.<\/p><p data-start=\"429\" data-end=\"544\">K\u00e4ytt\u00e4m\u00e4ll\u00e4 verkkosivustoamme tai tekem\u00e4ll\u00e4 ostoksia hyv\u00e4ksyt t\u00e4ss\u00e4 tietosuojak\u00e4yt\u00e4nn\u00f6ss\u00e4 kuvatut menettelytavat.<\/p><p data-start=\"546\" data-end=\"570\"><strong data-start=\"546\" data-end=\"570\">1. Ker\u00e4tt\u00e4v\u00e4t tiedot<\/strong><\/p><p data-start=\"572\" data-end=\"623\">Ker\u00e4\u00e4mme k\u00e4ytt\u00e4jilt\u00e4mme seuraavia henkil\u00f6tietoja:<\/p><ul data-start=\"625\" data-end=\"1060\"><li data-start=\"625\" data-end=\"719\"><p data-start=\"627\" data-end=\"719\"><strong data-start=\"627\" data-end=\"663\">Henkil\u00f6llisyys- ja yhteystiedot:<\/strong> nimi, s\u00e4hk\u00f6postiosoite, puhelinnumero, toimitusosoite<\/p><\/li><li data-start=\"720\" data-end=\"815\"><p data-start=\"722\" data-end=\"815\"><strong data-start=\"722\" data-end=\"738\">Maksutiedot:<\/strong> maksukortti tai muut maksutiedot, jotka ovat tarpeen tilauksen k\u00e4sittelyyn<\/p><\/li><li data-start=\"816\" data-end=\"867\"><p data-start=\"818\" data-end=\"867\"><strong data-start=\"818\" data-end=\"838\">Tekniset tiedot:<\/strong> IP-osoite, laitteen tiedot<\/p><\/li><li data-start=\"868\" data-end=\"962\"><p data-start=\"870\" data-end=\"962\"><strong data-start=\"870\" data-end=\"898\">Analytiikka ja seuranta:<\/strong> tiedot, jotka ker\u00e4t\u00e4\u00e4n analytiikan ja Facebook Pixelin kautta<\/p><\/li><li data-start=\"963\" data-end=\"1060\"><p data-start=\"965\" data-end=\"1060\"><strong data-start=\"965\" data-end=\"978\">Ev\u00e4steet:<\/strong> ev\u00e4steet, jotka ovat v\u00e4ltt\u00e4m\u00e4tt\u00f6mi\u00e4 verkkosivuston toiminnalle ja analytiikalle<\/p><\/li><\/ul><p data-start=\"1062\" data-end=\"1124\">Emme k\u00e4yt\u00e4 ev\u00e4steit\u00e4 uudelleenkohdentamiseen tai mainontaan.<\/p><p data-start=\"1126\" data-end=\"1169\"><strong data-start=\"1126\" data-end=\"1169\">2. Henkil\u00f6tietojen k\u00e4sittelyn tarkoitus<\/strong><\/p><p data-start=\"1171\" data-end=\"1228\">K\u00e4sittelemme henkil\u00f6tietojasi seuraaviin tarkoituksiin:<\/p><ul data-start=\"1230\" data-end=\"1752\"><li data-start=\"1230\" data-end=\"1344\"><p data-start=\"1232\" data-end=\"1344\"><strong data-start=\"1232\" data-end=\"1268\">Tilausten k\u00e4sittely ja toimitus:<\/strong> tilauksesi k\u00e4sittelyyn, tilausten hallintaan ja tuotteiden toimittamiseen<\/p><\/li><li data-start=\"1345\" data-end=\"1417\"><p data-start=\"1347\" data-end=\"1417\"><strong data-start=\"1347\" data-end=\"1363\">Asiakastuki:<\/strong> kyselyihin vastaamiseen ja ongelmien ratkaisemiseen<\/p><\/li><li data-start=\"1418\" data-end=\"1496\"><p data-start=\"1420\" data-end=\"1496\"><strong data-start=\"1420\" data-end=\"1457\">Petosten ehk\u00e4isy ja turvallisuus:<\/strong> petosten havaitsemiseen ja ehk\u00e4isyyn<\/p><\/li><li data-start=\"1497\" data-end=\"1614\"><p data-start=\"1499\" data-end=\"1614\"><strong data-start=\"1499\" data-end=\"1530\">Markkinointi (valinnainen):<\/strong> uutiskirjeiden tai kampanjaviestien l\u00e4hett\u00e4miseen, jos olet antanut suostumuksesi<\/p><\/li><li data-start=\"1615\" data-end=\"1752\"><p data-start=\"1617\" data-end=\"1752\"><strong data-start=\"1617\" data-end=\"1664\">Analytiikka ja verkkosivuston kehitt\u00e4minen:<\/strong> verkkoliikenteen analysointiin, palveluiden parantamiseen ja suorituskyvyn seurantaan<\/p><\/li><\/ul><p data-start=\"1754\" data-end=\"1810\"><strong data-start=\"1754\" data-end=\"1810\">3. Henkil\u00f6tietojen k\u00e4sittelyn oikeusperusteet (GDPR)<\/strong><\/p><p data-start=\"1812\" data-end=\"1884\">K\u00e4sittelemme henkil\u00f6tietojasi seuraavien oikeusperusteiden mukaisesti:<\/p><ul data-start=\"1886\" data-end=\"2245\"><li data-start=\"1886\" data-end=\"1973\"><p data-start=\"1888\" data-end=\"1973\"><strong data-start=\"1888\" data-end=\"1918\">Sopimuksen t\u00e4yt\u00e4nt\u00f6\u00f6npano:<\/strong> tilauksesi k\u00e4sittelyyn ja palveluidemme tarjoamiseen<\/p><\/li><li data-start=\"1974\" data-end=\"2047\"><p data-start=\"1976\" data-end=\"2047\"><strong data-start=\"1976\" data-end=\"1990\">Suostumus:<\/strong> markkinointiviestint\u00e4\u00e4n, jos olet antanut suostumuksen<\/p><\/li><li data-start=\"2048\" data-end=\"2146\"><p data-start=\"2050\" data-end=\"2146\"><strong data-start=\"2050\" data-end=\"2069\">Oikeutettu etu:<\/strong> petosten ehk\u00e4isy, analytiikka, verkkosivuston kehitt\u00e4minen ja turvallisuus<\/p><\/li><li data-start=\"2147\" data-end=\"2245\"><p data-start=\"2149\" data-end=\"2245\"><strong data-start=\"2149\" data-end=\"2166\">Lakivelvoite:<\/strong> tietojen s\u00e4ilytt\u00e4minen kirjanpitoa ja verotusta varten Viron lain mukaisesti<\/p><\/li><\/ul><p data-start=\"2247\" data-end=\"2272\"><strong data-start=\"2247\" data-end=\"2272\">4. Tietojen jakaminen<\/strong><\/p><p data-start=\"2274\" data-end=\"2381\">Jaamme henkil\u00f6tietojasi vain kolmansien osapuolien kanssa, jos se on tarpeen palveluidemme tarjoamiseksi:<\/p><ul data-start=\"2383\" data-end=\"2522\"><li data-start=\"2383\" data-end=\"2462\"><p data-start=\"2385\" data-end=\"2462\"><strong data-start=\"2385\" data-end=\"2422\">Toimitusyritykset ja toimittajat:<\/strong> tilausten k\u00e4sittelyyn ja toimitukseen<\/p><\/li><li data-start=\"2463\" data-end=\"2522\"><p data-start=\"2465\" data-end=\"2522\"><strong data-start=\"2465\" data-end=\"2486\">Maksunv\u00e4litt\u00e4j\u00e4t:<\/strong> maksujen turvalliseen k\u00e4sittelyyn<\/p><\/li><\/ul><p data-start=\"2524\" data-end=\"2603\">Emme jaa tietojasi markkinointialustoille tai muille kolmansille osapuolille.<\/p><p data-start=\"2605\" data-end=\"2629\"><strong data-start=\"2605\" data-end=\"2629\">5. Tietojen s\u00e4ilytys<\/strong><\/p><p data-start=\"2631\" data-end=\"2661\">S\u00e4ilyt\u00e4mme henkil\u00f6tietojasi:<\/p><ul data-start=\"2663\" data-end=\"2841\"><li data-start=\"2663\" data-end=\"2750\"><p data-start=\"2665\" data-end=\"2750\">Tilauksesi loppuun saakka, mukaan lukien toimitus ja mahdollisten riitojen ratkaisu<\/p><\/li><li data-start=\"2751\" data-end=\"2841\"><p data-start=\"2753\" data-end=\"2841\">Enint\u00e4\u00e4n 7 vuotta kirjanpidon ja verovelvoitteiden t\u00e4ytt\u00e4miseksi Viron lain mukaisesti<\/p><\/li><\/ul><p data-start=\"2843\" data-end=\"2916\">T\u00e4m\u00e4n ajan j\u00e4lkeen tietosi poistetaan tai anonymisoidaan turvallisesti.<\/p><p data-start=\"2918\" data-end=\"2945\"><strong data-start=\"2918\" data-end=\"2945\">6. Ev\u00e4steet ja seuranta<\/strong><\/p><p data-start=\"2947\" data-end=\"2993\">K\u00e4yt\u00e4mme ev\u00e4steit\u00e4 ja seurantateknologioita:<\/p><ul data-start=\"2995\" data-end=\"3074\"><li data-start=\"2995\" data-end=\"3032\"><p data-start=\"2997\" data-end=\"3032\">Verkkosivuston toiminnallisuuteen<\/p><\/li><li data-start=\"3033\" data-end=\"3074\"><p data-start=\"3035\" data-end=\"3074\">Analytiikkaan Facebook Pixelin avulla<\/p><\/li><\/ul><p data-start=\"3076\" data-end=\"3160\">Emme k\u00e4yt\u00e4 ev\u00e4steit\u00e4 uudelleenkohdentamiseen tai kolmansien osapuolten mainontaan.<\/p><p data-start=\"3162\" data-end=\"3196\"><strong data-start=\"3162\" data-end=\"3196\">7. Kansainv\u00e4liset tietosiirrot<\/strong><\/p><p data-start=\"3198\" data-end=\"3315\">Kaikki henkil\u00f6tiedot s\u00e4ilytet\u00e4\u00e4n ja k\u00e4sitell\u00e4\u00e4n Euroopan unionin alueella. Emme siirr\u00e4 tietojasi EU:n ulkopuolelle.<\/p><p data-start=\"3317\" data-end=\"3347\"><strong data-start=\"3317\" data-end=\"3347\">8. Oikeutesi GDPR:n mukaan<\/strong><\/p><p data-start=\"3349\" data-end=\"3406\">Sinulla on seuraavat oikeudet henkil\u00f6tietojasi koskien:<\/p><ul data-start=\"3408\" data-end=\"4184\"><li data-start=\"3408\" data-end=\"3480\"><p data-start=\"3410\" data-end=\"3480\"><strong data-start=\"3410\" data-end=\"3434\">Oikeus saada tiedot:<\/strong> pyyt\u00e4\u00e4 kopio hallussamme olevista tiedoista<\/p><\/li><li data-start=\"3481\" data-end=\"3565\"><p data-start=\"3483\" data-end=\"3565\"><strong data-start=\"3483\" data-end=\"3502\">Oikeus korjata:<\/strong> pyyt\u00e4\u00e4 virheellisten tai puutteellisten tietojen korjaamista<\/p><\/li><li data-start=\"3566\" data-end=\"3685\"><p data-start=\"3568\" data-end=\"3685\"><strong data-start=\"3568\" data-end=\"3587\">Oikeus poistaa:<\/strong> pyyt\u00e4\u00e4 henkil\u00f6tietojesi poistamista (lakis\u00e4\u00e4teiset tai kirjanpidolliset velvoitteet huomioiden)<\/p><\/li><li data-start=\"3686\" data-end=\"3760\"><p data-start=\"3688\" data-end=\"3760\"><strong data-start=\"3688\" data-end=\"3717\">K\u00e4sittelyn rajoittaminen:<\/strong> pyyt\u00e4\u00e4 tietojesi k\u00e4sittelyyn rajoituksia<\/p><\/li><li data-start=\"3761\" data-end=\"3878\"><p data-start=\"3763\" data-end=\"3878\"><strong data-start=\"3763\" data-end=\"3789\">Tietojen siirett\u00e4vyys:<\/strong> saada tiedot j\u00e4sennellyss\u00e4, yleisesti k\u00e4ytetyss\u00e4 ja koneellisesti luettavassa muodossa<\/p><\/li><li data-start=\"3879\" data-end=\"3959\"><p data-start=\"3881\" data-end=\"3959\"><strong data-start=\"3881\" data-end=\"3899\">Vastustaminen:<\/strong> vastustaa tietojen k\u00e4sittely\u00e4, mukaan lukien markkinointi<\/p><\/li><li data-start=\"3960\" data-end=\"4080\"><p data-start=\"3962\" data-end=\"4080\"><strong data-start=\"3962\" data-end=\"3989\">Suostumuksen peruminen:<\/strong> peruuttaa suostumus markkinointiin milloin tahansa ilman vaikutusta aiempaan k\u00e4sittelyyn<\/p><\/li><li data-start=\"4081\" data-end=\"4184\"><p data-start=\"4083\" data-end=\"4184\"><strong data-start=\"4083\" data-end=\"4108\">Valituksen tekeminen:<\/strong> tehd\u00e4 valitus valvontaviranomaiselle (esim. Viron kuluttajansuojavirasto)<\/p><\/li><\/ul><p data-start=\"4186\" data-end=\"4244\">Oikeuksiesi k\u00e4ytt\u00e4miseksi ota yhteytt\u00e4: <a class=\"decorated-link cursor-pointer\" rel=\"noopener\" data-start=\"4226\" data-end=\"4242\">info@deravio.com<\/a><\/p><p data-start=\"4246\" data-end=\"4270\"><strong data-start=\"4246\" data-end=\"4270\">9. Tietojesi suojaus<\/strong><\/p><p data-start=\"4272\" data-end=\"4449\">Olemme toteuttaneet asianmukaiset tekniset ja organisatoriset toimenpiteet suojataksemme henkil\u00f6tietosi luvattomalta p\u00e4\u00e4sylt\u00e4, h\u00e4vi\u00e4miselt\u00e4, muuttamiselta tai paljastamiselta.<\/p><p data-start=\"4451\" data-end=\"4489\"><strong data-start=\"4451\" data-end=\"4489\">10. Muutokset tietosuojak\u00e4yt\u00e4nt\u00f6\u00f6n<\/strong><\/p><p data-start=\"4491\" data-end=\"4678\">Voimme p\u00e4ivitt\u00e4\u00e4 t\u00e4t\u00e4 tietosuojak\u00e4yt\u00e4nt\u00f6\u00e4 ajoittain. P\u00e4ivitetyt versiot julkaistaan sivustolla deravio.com voimaantulop\u00e4iv\u00e4n kanssa. Suosittelemme tarkistamaan k\u00e4yt\u00e4nn\u00f6n s\u00e4\u00e4nn\u00f6llisesti.<\/p><p data-start=\"4680\" data-end=\"4700\"><strong data-start=\"4680\" data-end=\"4700\">11. Yhteystiedot<\/strong><\/p><p data-start=\"4702\" data-end=\"4808\">Kysymyksi\u00e4, huolenaiheita tai pyynt\u00f6j\u00e4 tietosuojak\u00e4yt\u00e4nt\u00f6\u00f6n tai henkil\u00f6tietoihisi liittyen voi l\u00e4hett\u00e4\u00e4:<\/p><p data-start=\"4810\" data-end=\"4925\">Axenta LTD<br data-start=\"4819\" data-end=\"4822\" \/>82A James Carter Road<br \/>Mildenhall, Suffolk IP287DE<br \/>Yhdistynyt kuningaskunta<br data-start=\"4892\" data-end=\"4895\" \/>S\u00e4hk\u00f6posti: <a class=\"decorated-link cursor-pointer\" rel=\"noopener\" data-start=\"4907\" data-end=\"4923\">info@deravio.com<\/a><\/p>\t\t\t\t\t\t\t\t<\/div>\n\t\t\t\t\t<\/div>\n\t\t\t\t<\/div>\n\t\t\t\t<\/div>\n\t\t","protected":false},"excerpt":{"rendered":"<p>Voimaantulop\u00e4iv\u00e4: 12.12.2025 Axenta LTD (\u201cme,\u201d \u201cmeit\u00e4\u201d tai \u201cmeid\u00e4n\u201d) kunnioittaa yksityisyytt\u00e4si ja sitoutuu suojaamaan henkil\u00f6tietojasi. T\u00e4m\u00e4 tietosuojak\u00e4yt\u00e4nt\u00f6 selitt\u00e4\u00e4, miten ker\u00e4\u00e4mme, k\u00e4yt\u00e4mme, [&hellip;]<\/p>\n","protected":false},"author":1,"featured_media":0,"parent":0,"menu_order":0,"comment_status":"closed","ping_status":"closed","template":"","meta":{"site-sidebar-layout":"default","site-content-layout":"","ast-site-content-layout":"default","site-content-style":"default","site-sidebar-style":"default","ast-global-header-display":"","ast-banner-title-visibility":"","ast-main-header-display":"","ast-hfb-above-header-display":"","ast-hfb-below-header-display":"","ast-hfb-mobile-header-display":"","site-post-title":"","ast-breadcrumbs-content":"","ast-featured-img":"","footer-sml-layout":"","theme-transparent-header-meta":"","adv-header-id-meta":"","stick-header-meta":"","header-above-stick-meta":"","header-main-stick-meta":"","header-below-stick-meta":"","astra-migrate-meta-layouts":"default","ast-page-background-enabled":"default","ast-page-background-meta":{"desktop":{"background-color":"var(--ast-global-color-5)","background-image":"","background-repeat":"repeat","background-position":"center center","background-size":"auto","background-attachment":"scroll","background-type":"","background-media":"","overlay-type":"","overlay-color":"","overlay-opacity":"","overlay-gradient":""},"tablet":{"background-color":"","background-image":"","background-repeat":"repeat","background-position":"center center","background-size":"auto","background-attachment":"scroll","background-type":"","background-media":"","overlay-type":"","overlay-color":"","overlay-opacity":"","overlay-gradient":""},"mobile":{"background-color":"","background-image":"","background-repeat":"repeat","background-position":"center center","background-size":"auto","background-attachment":"scroll","background-type":"","background-media":"","overlay-type":"","overlay-color":"","overlay-opacity":"","overlay-gradient":""}},"ast-content-background-meta":{"desktop":{"background-color":"var(--ast-global-color-4)","background-image":"","background-repeat":"repeat","background-position":"center center","background-size":"auto","background-attachment":"scroll","background-type":"","background-media":"","overlay-type":"","overlay-color":"","overlay-opacity":"","overlay-gradient":""},"tablet":{"background-color":"var(--ast-global-color-4)","background-image":"","background-repeat":"repeat","background-position":"center center","background-size":"auto","background-attachment":"scroll","background-type":"","background-media":"","overlay-type":"","overlay-color":"","overlay-opacity":"","overlay-gradient":""},"mobile":{"background-color":"var(--ast-global-color-4)","background-image":"","background-repeat":"repeat","background-position":"center center","background-size":"auto","background-attachment":"scroll","background-type":"","background-media":"","overlay-type":"","overlay-color":"","overlay-opacity":"","overlay-gradient":""}},"footnotes":""},"class_list":["post-12648","page","type-page","status-publish","hentry"],"yoast_head":"<!-- This site is optimized with the Yoast SEO plugin v26.6 - https:\/\/yoast.com\/wordpress\/plugins\/seo\/ -->\n<title>Tietosuojak\u00e4yt\u00e4nt\u00f6 - Deravio FI<\/title>\n<meta name=\"robots\" content=\"index, follow, max-snippet:-1, max-image-preview:large, max-video-preview:-1\" \/>\n<link rel=\"canonical\" href=\"https:\/\/deravio.com\/fi\/tietosuojakaytanto\/\" \/>\n<meta property=\"og:locale\" content=\"fi_FI\" \/>\n<meta property=\"og:type\" content=\"article\" \/>\n<meta property=\"og:title\" content=\"Tietosuojak\u00e4yt\u00e4nt\u00f6 - Deravio FI\" \/>\n<meta property=\"og:description\" content=\"Voimaantulop\u00e4iv\u00e4: 12.12.2025 Axenta LTD (\u201cme,\u201d \u201cmeit\u00e4\u201d tai \u201cmeid\u00e4n\u201d) kunnioittaa yksityisyytt\u00e4si ja sitoutuu suojaamaan henkil\u00f6tietojasi. T\u00e4m\u00e4 tietosuojak\u00e4yt\u00e4nt\u00f6 selitt\u00e4\u00e4, miten ker\u00e4\u00e4mme, k\u00e4yt\u00e4mme, [&hellip;]\" \/>\n<meta property=\"og:url\" content=\"https:\/\/deravio.com\/fi\/tietosuojakaytanto\/\" \/>\n<meta property=\"og:site_name\" content=\"Deravio FI\" \/>\n<meta property=\"article:modified_time\" content=\"2026-04-17T13:03:29+00:00\" \/>\n<meta name=\"twitter:card\" content=\"summary_large_image\" \/>\n<meta name=\"twitter:label1\" content=\"Arvioitu lukuaika\" \/>\n\t<meta name=\"twitter:data1\" content=\"3 minuuttia\" \/>\n<script type=\"application\/ld+json\" class=\"yoast-schema-graph\">{\"@context\":\"https:\/\/schema.org\",\"@graph\":[{\"@type\":\"WebPage\",\"@id\":\"https:\/\/deravio.com\/fi\/tietosuojakaytanto\/\",\"url\":\"https:\/\/deravio.com\/fi\/tietosuojakaytanto\/\",\"name\":\"Tietosuojak\u00e4yt\u00e4nt\u00f6 - Deravio FI\",\"isPartOf\":{\"@id\":\"https:\/\/deravio.com\/fi\/#website\"},\"datePublished\":\"2025-12-05T15:20:08+00:00\",\"dateModified\":\"2026-04-17T13:03:29+00:00\",\"breadcrumb\":{\"@id\":\"https:\/\/deravio.com\/fi\/tietosuojakaytanto\/#breadcrumb\"},\"inLanguage\":\"fi\",\"potentialAction\":[{\"@type\":\"ReadAction\",\"target\":[\"https:\/\/deravio.com\/fi\/tietosuojakaytanto\/\"]}]},{\"@type\":\"BreadcrumbList\",\"@id\":\"https:\/\/deravio.com\/fi\/tietosuojakaytanto\/#breadcrumb\",\"itemListElement\":[{\"@type\":\"ListItem\",\"position\":1,\"name\":\"Home\",\"item\":\"https:\/\/deravio.com\/fi\/\"},{\"@type\":\"ListItem\",\"position\":2,\"name\":\"Tietosuojak\u00e4yt\u00e4nt\u00f6\"}]},{\"@type\":\"WebSite\",\"@id\":\"https:\/\/deravio.com\/fi\/#website\",\"url\":\"https:\/\/deravio.com\/fi\/\",\"name\":\"Deravio FI\",\"description\":\"\",\"publisher\":{\"@id\":\"https:\/\/deravio.com\/fi\/#organization\"},\"potentialAction\":[{\"@type\":\"SearchAction\",\"target\":{\"@type\":\"EntryPoint\",\"urlTemplate\":\"https:\/\/deravio.com\/fi\/?s={search_term_string}\"},\"query-input\":{\"@type\":\"PropertyValueSpecification\",\"valueRequired\":true,\"valueName\":\"search_term_string\"}}],\"inLanguage\":\"fi\"},{\"@type\":\"Organization\",\"@id\":\"https:\/\/deravio.com\/fi\/#organization\",\"name\":\"Mekulo\",\"url\":\"https:\/\/deravio.com\/fi\/\",\"logo\":{\"@type\":\"ImageObject\",\"inLanguage\":\"fi\",\"@id\":\"https:\/\/deravio.com\/fi\/#\/schema\/logo\/image\/\",\"url\":\"https:\/\/deravio.com\/fi\/wp-content\/uploads\/sites\/19\/2025\/12\/favicon_mekulo.png\",\"contentUrl\":\"https:\/\/deravio.com\/fi\/wp-content\/uploads\/sites\/19\/2025\/12\/favicon_mekulo.png\",\"width\":50,\"height\":50,\"caption\":\"Mekulo\"},\"image\":{\"@id\":\"https:\/\/deravio.com\/fi\/#\/schema\/logo\/image\/\"}}]}<\/script>\n<!-- \/ Yoast SEO plugin. -->","yoast_head_json":{"title":"Tietosuojak\u00e4yt\u00e4nt\u00f6 - Deravio FI","robots":{"index":"index","follow":"follow","max-snippet":"max-snippet:-1","max-image-preview":"max-image-preview:large","max-video-preview":"max-video-preview:-1"},"canonical":"https:\/\/deravio.com\/fi\/tietosuojakaytanto\/","og_locale":"fi_FI","og_type":"article","og_title":"Tietosuojak\u00e4yt\u00e4nt\u00f6 - Deravio FI","og_description":"Voimaantulop\u00e4iv\u00e4: 12.12.2025 Axenta LTD (\u201cme,\u201d \u201cmeit\u00e4\u201d tai \u201cmeid\u00e4n\u201d) kunnioittaa yksityisyytt\u00e4si ja sitoutuu suojaamaan henkil\u00f6tietojasi. T\u00e4m\u00e4 tietosuojak\u00e4yt\u00e4nt\u00f6 selitt\u00e4\u00e4, miten ker\u00e4\u00e4mme, k\u00e4yt\u00e4mme, [&hellip;]","og_url":"https:\/\/deravio.com\/fi\/tietosuojakaytanto\/","og_site_name":"Deravio FI","article_modified_time":"2026-04-17T13:03:29+00:00","twitter_card":"summary_large_image","twitter_misc":{"Arvioitu lukuaika":"3 minuuttia"},"schema":{"@context":"https:\/\/schema.org","@graph":[{"@type":"WebPage","@id":"https:\/\/deravio.com\/fi\/tietosuojakaytanto\/","url":"https:\/\/deravio.com\/fi\/tietosuojakaytanto\/","name":"Tietosuojak\u00e4yt\u00e4nt\u00f6 - Deravio FI","isPartOf":{"@id":"https:\/\/deravio.com\/fi\/#website"},"datePublished":"2025-12-05T15:20:08+00:00","dateModified":"2026-04-17T13:03:29+00:00","breadcrumb":{"@id":"https:\/\/deravio.com\/fi\/tietosuojakaytanto\/#breadcrumb"},"inLanguage":"fi","potentialAction":[{"@type":"ReadAction","target":["https:\/\/deravio.com\/fi\/tietosuojakaytanto\/"]}]},{"@type":"BreadcrumbList","@id":"https:\/\/deravio.com\/fi\/tietosuojakaytanto\/#breadcrumb","itemListElement":[{"@type":"ListItem","position":1,"name":"Home","item":"https:\/\/deravio.com\/fi\/"},{"@type":"ListItem","position":2,"name":"Tietosuojak\u00e4yt\u00e4nt\u00f6"}]},{"@type":"WebSite","@id":"https:\/\/deravio.com\/fi\/#website","url":"https:\/\/deravio.com\/fi\/","name":"Deravio FI","description":"","publisher":{"@id":"https:\/\/deravio.com\/fi\/#organization"},"potentialAction":[{"@type":"SearchAction","target":{"@type":"EntryPoint","urlTemplate":"https:\/\/deravio.com\/fi\/?s={search_term_string}"},"query-input":{"@type":"PropertyValueSpecification","valueRequired":true,"valueName":"search_term_string"}}],"inLanguage":"fi"},{"@type":"Organization","@id":"https:\/\/deravio.com\/fi\/#organization","name":"Mekulo","url":"https:\/\/deravio.com\/fi\/","logo":{"@type":"ImageObject","inLanguage":"fi","@id":"https:\/\/deravio.com\/fi\/#\/schema\/logo\/image\/","url":"https:\/\/deravio.com\/fi\/wp-content\/uploads\/sites\/19\/2025\/12\/favicon_mekulo.png","contentUrl":"https:\/\/deravio.com\/fi\/wp-content\/uploads\/sites\/19\/2025\/12\/favicon_mekulo.png","width":50,"height":50,"caption":"Mekulo"},"image":{"@id":"https:\/\/deravio.com\/fi\/#\/schema\/logo\/image\/"}}]}},"_links":{"self":[{"href":"https:\/\/deravio.com\/fi\/wp-json\/wp\/v2\/pages\/12648","targetHints":{"allow":["GET"]}}],"collection":[{"href":"https:\/\/deravio.com\/fi\/wp-json\/wp\/v2\/pages"}],"about":[{"href":"https:\/\/deravio.com\/fi\/wp-json\/wp\/v2\/types\/page"}],"author":[{"embeddable":true,"href":"https:\/\/deravio.com\/fi\/wp-json\/wp\/v2\/users\/1"}],"replies":[{"embeddable":true,"href":"https:\/\/deravio.com\/fi\/wp-json\/wp\/v2\/comments?post=12648"}],"version-history":[{"count":11,"href":"https:\/\/deravio.com\/fi\/wp-json\/wp\/v2\/pages\/12648\/revisions"}],"predecessor-version":[{"id":21928,"href":"https:\/\/deravio.com\/fi\/wp-json\/wp\/v2\/pages\/12648\/revisions\/21928"}],"wp:attachment":[{"href":"https:\/\/deravio.com\/fi\/wp-json\/wp\/v2\/media?parent=12648"}],"curies":[{"name":"wp","href":"https:\/\/api.w.org\/{rel}","templated":true}]}}