{"id":22068,"date":"2026-05-12T09:27:12","date_gmt":"2026-05-12T06:27:12","guid":{"rendered":"https:\/\/deravio.com\/de\/produkt\/selbstklebende-handyhalterung-fuer-das-auto-5-paar\/"},"modified":"2026-05-12T09:27:32","modified_gmt":"2026-05-12T06:27:32","slug":"selbstklebende-handyhalterung-fuer-das-auto-5-paar","status":"publish","type":"product","link":"https:\/\/deravio.com\/de\/produkt\/selbstklebende-handyhalterung-fuer-das-auto-5-paar\/","title":{"rendered":"Selbstklebende Handyhalterung f\u00fcr das Auto (5 Paar)"},"content":{"rendered":"<h2 style=\"text-align: center\" data-start=\"287\" data-end=\"303\">\u2728 Das Versprechen<\/h2>\n<p style=\"text-align: center\" data-start=\"305\" data-end=\"360\">Starker Halt.<br data-start=\"317\" data-end=\"320\" \/>Saubere Installation.<br data-start=\"339\" data-end=\"342\" \/>Keine Ablenkung.<\/p>\n<p data-start=\"305\" data-end=\"360\"><img fetchpriority=\"high\" decoding=\"async\" class=\" wp-image-26996 aligncenter\" src=\"https:\/\/mekulo.com\/template\/wp-content\/uploads\/sites\/6\/2026\/03\/122119-ezgif.com-video-to-webp-converter-1.webp\" alt=\"\" width=\"550\" height=\"550\" \/><\/p>\n<h2 style=\"text-align: center\" data-start=\"367\" data-end=\"385\">\u2705 Hauptvorteile<\/h2>\n<p data-start=\"389\" data-end=\"470\">\ud83d\ude97 Leistungsstarker Autokleber &#8211; Fester Halt ohne Besch\u00e4digung des Innenraums.<\/p>\n<p data-start=\"474\" data-end=\"555\">\ud83d\udd04 Horizontale und vertikale Ansicht &#8211; Perfekt f\u00fcr Navigation, Anrufe oder Medien.<\/p>\n<p data-start=\"559\" data-end=\"638\">\ud83d\udd0c Ladefreundliches Design &#8211; Freier Zugang zum Ladeanschluss w\u00e4hrend der Montage.<\/p>\n<p data-start=\"642\" data-end=\"717\">\ud83d\udccd Flexible Installation &#8211; Montage an der Mittelkonsole oder im Bereich des R\u00fccksitzes.<\/p>\n<p data-start=\"721\" data-end=\"806\">\ud83d\udee1 Stabiles Klemmsystem &#8211; H\u00e4lt fest \u2014 kein Wackeln oder Herunterfallen w\u00e4hrend der Fahrt.<\/p>\n<p data-start=\"721\" data-end=\"806\">\ud83c\udfe0 Vielseitig einsetzbar &#8211; Sie k\u00f6nnen zu Hause, im Auto, in der K\u00fcche, im Bad, im B\u00fcro und mehr verwenden.<\/p>\n<h2 style=\"text-align: center\" data-start=\"886\" data-end=\"909\">\u2757 Problem \u2192 L\u00f6sung<\/h2>\n<p data-start=\"911\" data-end=\"1000\"><strong data-start=\"911\" data-end=\"923\">Problem:<\/strong><br data-start=\"923\" data-end=\"926\" \/>Lose Handyhalterungen fallen ab, blockieren L\u00fcftungsschlitze oder st\u00f6ren beim Aufladen.<\/p>\n<p data-start=\"1002\" data-end=\"1175\"><strong data-start=\"1002\" data-end=\"1015\">L\u00f6sung:<\/strong><br data-start=\"1015\" data-end=\"1018\" \/>Diese kompakte, selbstklebende Handyhalterung f\u00fcr das Auto haftet sicher am Armaturenbrett und h\u00e4lt Ihr Handy stabil und zug\u00e4nglich \u2014 ohne den Bildschirm oder den Ladeanschluss zu blockieren.<\/p>\n<p data-start=\"1002\" data-end=\"1175\"><img decoding=\"async\" class=\" wp-image-26995 aligncenter\" src=\"https:\/\/mekulo.com\/template\/wp-content\/uploads\/sites\/6\/2026\/03\/122120-ezgif.com-video-to-webp-converter.webp\" alt=\"\" width=\"551\" height=\"551\" \/><\/p>\n<h2 style=\"text-align: center\" data-start=\"1210\" data-end=\"1236\">\ud83d\udee3 Perfekt f\u00fcr<\/h2>\n<ul data-start=\"1250\" data-end=\"1366\">\n<li data-start=\"1250\" data-end=\"1268\">\n<p data-start=\"1252\" data-end=\"1268\">GPS-Navigationsger\u00e4te<\/p>\n<\/li>\n<li data-start=\"1269\" data-end=\"1289\">\n<p data-start=\"1271\" data-end=\"1289\">Handfreie Anrufe<\/p>\n<\/li>\n<li data-start=\"1290\" data-end=\"1323\">\n<p data-start=\"1292\" data-end=\"1323\">Ansehen von Inhalten beim Parken<\/p>\n<\/li>\n<li data-start=\"1324\" data-end=\"1346\">\n<p data-start=\"1326\" data-end=\"1346\">Mitfahrgelegenheiten<\/p>\n<\/li>\n<li data-start=\"1347\" data-end=\"1366\">\n<p data-start=\"1349\" data-end=\"1366\">Lange Autofahrten<\/p>\n<\/li>\n<\/ul>\n<h2 style=\"text-align: center\" data-start=\"1408\" data-end=\"1424\">\u2699\ufe0f Wie zu verwenden<\/h2>\n<ol data-start=\"1426\" data-end=\"1566\">\n<li data-start=\"1426\" data-end=\"1461\">\n<p data-start=\"1429\" data-end=\"1461\">Reinigen Sie die Installationsoberfl\u00e4che.<\/p>\n<\/li>\n<li data-start=\"1462\" data-end=\"1490\">\n<p data-start=\"1465\" data-end=\"1490\">Entfernen Sie die Klebeschicht.<\/p>\n<\/li>\n<li data-start=\"1491\" data-end=\"1534\">\n<p data-start=\"1494\" data-end=\"1534\">Dr\u00fccken Sie fest auf das Armaturenbrett oder die Konsole.<\/p>\n<\/li>\n<li data-start=\"1535\" data-end=\"1566\">\n<p data-start=\"1538\" data-end=\"1566\">Sichern Sie Ihr Telefon an Ort und Stelle.<\/p>\n<\/li>\n<\/ol>\n<h2 style=\"text-align: center\" data-start=\"1603\" data-end=\"1624\">\ud83d\udcd0 Produktdetails<\/h2>\n<ul data-start=\"1626\" data-end=\"1844\">\n<li data-start=\"1626\" data-end=\"1658\">\n<p data-start=\"1628\" data-end=\"1658\">Gr\u00f6\u00dfe: 2,9 x 1,9 x 6,5 cm<\/p>\n<\/li>\n<li data-start=\"1659\" data-end=\"1692\">\n<p data-start=\"1661\" data-end=\"1692\">Material: Strapazierf\u00e4higer Kunststoff<\/p>\n<\/li>\n<li data-start=\"1693\" data-end=\"1750\">\n<p data-start=\"1695\" data-end=\"1750\">Kompatibilit\u00e4t: Universell passend f\u00fcr die meisten Smartphones<\/p>\n<\/li>\n<li data-start=\"1751\" data-end=\"1806\">\n<p data-start=\"1753\" data-end=\"1806\">Orientierung: Unterst\u00fctzt horizontale &amp; vertikale Verwendung<\/p>\n<\/li>\n<li data-start=\"1807\" data-end=\"1844\">\n<p data-start=\"1809\" data-end=\"1844\">Anwendung: Fahrzeuginnenraum<\/p>\n<\/li>\n<\/ul>\n<h2 style=\"text-align: center\" data-start=\"1905\" data-end=\"1927\">\ud83d\udce6 Paket enth\u00e4lt<\/h2>\n<ul data-start=\"1929\" data-end=\"1970\">\n<li data-start=\"1929\" data-end=\"1970\">\n<p data-start=\"1931\" data-end=\"1970\">5x Paar selbstklebende Handyhalterungen f\u00fcr das Auto.<\/p>\n<\/li>\n<\/ul>\n","protected":false},"excerpt":{"rendered":"<p>\ud83d\ude97Fahren Sie intelligenter. Bleiben Sie konzentriert.<br \/>\n\ud83d\udcf1Sichern Sie Ihr Telefon, ohne die Sicht zu versperren.<br \/>\n\ud83e\udd33Kompakt, stabil und f\u00fcr den t\u00e4glichen Fahrbetrieb konzipiert \u2014 diese selbstklebende Handyhalterung h\u00e4lt Ihr Ger\u00e4t genau dort, wo Sie es brauchen.<\/p>\n","protected":false},"featured_media":22064,"comment_status":"open","ping_status":"closed","template":"","meta":{"site-sidebar-layout":"default","site-content-layout":"","ast-site-content-layout":"default","site-content-style":"default","site-sidebar-style":"default","ast-global-header-display":"","ast-banner-title-visibility":"","ast-main-header-display":"","ast-hfb-above-header-display":"","ast-hfb-below-header-display":"","ast-hfb-mobile-header-display":"","site-post-title":"","ast-breadcrumbs-content":"","ast-featured-img":"","footer-sml-layout":"","ast-disable-related-posts":"","theme-transparent-header-meta":"default","adv-header-id-meta":"","stick-header-meta":"","header-above-stick-meta":"","header-main-stick-meta":"","header-below-stick-meta":"","astra-migrate-meta-layouts":"set","ast-page-background-enabled":"default","ast-page-background-meta":{"desktop":{"background-color":"var(--ast-global-color-5)","background-image":"","background-repeat":"repeat","background-position":"center center","background-size":"auto","background-attachment":"scroll","background-type":"","background-media":"","overlay-type":"","overlay-color":"","overlay-opacity":"","overlay-gradient":""},"tablet":{"background-color":"","background-image":"","background-repeat":"repeat","background-position":"center center","background-size":"auto","background-attachment":"scroll","background-type":"","background-media":"","overlay-type":"","overlay-color":"","overlay-opacity":"","overlay-gradient":""},"mobile":{"background-color":"","background-image":"","background-repeat":"repeat","background-position":"center center","background-size":"auto","background-attachment":"scroll","background-type":"","background-media":"","overlay-type":"","overlay-color":"","overlay-opacity":"","overlay-gradient":""}},"ast-content-background-meta":{"desktop":{"background-color":"var(--ast-global-color-4)","background-image":"","background-repeat":"repeat","background-position":"center center","background-size":"auto","background-attachment":"scroll","background-type":"","background-media":"","overlay-type":"","overlay-color":"","overlay-opacity":"","overlay-gradient":""},"tablet":{"background-color":"var(--ast-global-color-4)","background-image":"","background-repeat":"repeat","background-position":"center center","background-size":"auto","background-attachment":"scroll","background-type":"","background-media":"","overlay-type":"","overlay-color":"","overlay-opacity":"","overlay-gradient":""},"mobile":{"background-color":"var(--ast-global-color-4)","background-image":"","background-repeat":"repeat","background-position":"center center","background-size":"auto","background-attachment":"scroll","background-type":"","background-media":"","overlay-type":"","overlay-color":"","overlay-opacity":"","overlay-gradient":""}}},"product_brand":[],"product_cat":[161,168],"product_tag":[],"class_list":{"0":"post-22068","1":"product","2":"type-product","3":"status-publish","4":"has-post-thumbnail","6":"product_cat-automobilprodukte","7":"product_cat-haushaltswaren","8":"pa_65375_h01jrvjz-gelb","9":"pa_65375_h01jrvjz-gruen","10":"pa_65375_h01jrvjz-lila","11":"pa_65375_h01jrvjz-rosa","12":"pa_65375_h01jrvjz-schwarz","13":"desktop-align-left","14":"tablet-align-left","15":"mobile-align-left","17":"first","18":"instock","19":"shipping-taxable","20":"purchasable","21":"product-type-variable"},"yoast_head":"<!-- This site is optimized with the Yoast SEO plugin v27.4 - https:\/\/yoast.com\/product\/yoast-seo-wordpress\/ -->\n<title>Selbstklebende Handyhalterung f\u00fcr das Auto (5 Paar) - Deravio DE<\/title>\n<meta name=\"robots\" content=\"index, follow, max-snippet:-1, max-image-preview:large, max-video-preview:-1\" \/>\n<link rel=\"canonical\" href=\"https:\/\/deravio.com\/de\/produkt\/selbstklebende-handyhalterung-fuer-das-auto-5-paar\/\" \/>\n<meta property=\"og:locale\" content=\"de_DE\" \/>\n<meta property=\"og:type\" content=\"article\" \/>\n<meta property=\"og:title\" content=\"Selbstklebende Handyhalterung f\u00fcr das Auto (5 Paar) - Deravio DE\" \/>\n<meta property=\"og:description\" content=\"\ud83d\ude97Fahren Sie intelligenter. Bleiben Sie konzentriert. \ud83d\udcf1Sichern Sie Ihr Telefon, ohne die Sicht zu versperren. \ud83e\udd33Kompakt, stabil und f\u00fcr den t\u00e4glichen Fahrbetrieb konzipiert \u2014 diese selbstklebende Handyhalterung h\u00e4lt Ihr Ger\u00e4t genau dort, wo Sie es brauchen.\" \/>\n<meta property=\"og:url\" content=\"https:\/\/deravio.com\/de\/produkt\/selbstklebende-handyhalterung-fuer-das-auto-5-paar\/\" \/>\n<meta property=\"og:site_name\" content=\"Deravio DE\" \/>\n<meta property=\"article:modified_time\" content=\"2026-05-12T06:27:32+00:00\" \/>\n<meta property=\"og:image\" content=\"https:\/\/deravio.com\/de\/wp-content\/uploads\/sites\/21\/2026\/05\/v8moeg7-1.jpeg\" \/>\n\t<meta property=\"og:image:width\" content=\"800\" \/>\n\t<meta property=\"og:image:height\" content=\"800\" \/>\n\t<meta property=\"og:image:type\" content=\"image\/jpeg\" \/>\n<meta name=\"twitter:card\" content=\"summary_large_image\" \/>\n<meta name=\"twitter:label1\" content=\"Gesch\u00e4tzte Lesezeit\" \/>\n\t<meta name=\"twitter:data1\" content=\"2\u00a0Minuten\" \/>\n<script type=\"application\/ld+json\" class=\"yoast-schema-graph\">{\"@context\":\"https:\\\/\\\/schema.org\",\"@graph\":[{\"@type\":\"WebPage\",\"@id\":\"https:\\\/\\\/deravio.com\\\/de\\\/produkt\\\/selbstklebende-handyhalterung-fuer-das-auto-5-paar\\\/\",\"url\":\"https:\\\/\\\/deravio.com\\\/de\\\/produkt\\\/selbstklebende-handyhalterung-fuer-das-auto-5-paar\\\/\",\"name\":\"Selbstklebende Handyhalterung f\u00fcr das Auto (5 Paar) - Deravio DE\",\"isPartOf\":{\"@id\":\"https:\\\/\\\/deravio.com\\\/de\\\/#website\"},\"primaryImageOfPage\":{\"@id\":\"https:\\\/\\\/deravio.com\\\/de\\\/produkt\\\/selbstklebende-handyhalterung-fuer-das-auto-5-paar\\\/#primaryimage\"},\"image\":{\"@id\":\"https:\\\/\\\/deravio.com\\\/de\\\/produkt\\\/selbstklebende-handyhalterung-fuer-das-auto-5-paar\\\/#primaryimage\"},\"thumbnailUrl\":\"https:\\\/\\\/deravio.com\\\/de\\\/wp-content\\\/uploads\\\/sites\\\/21\\\/2026\\\/05\\\/v8moeg7-1.jpeg\",\"datePublished\":\"2026-05-12T06:27:12+00:00\",\"dateModified\":\"2026-05-12T06:27:32+00:00\",\"breadcrumb\":{\"@id\":\"https:\\\/\\\/deravio.com\\\/de\\\/produkt\\\/selbstklebende-handyhalterung-fuer-das-auto-5-paar\\\/#breadcrumb\"},\"inLanguage\":\"de\",\"potentialAction\":[{\"@type\":\"ReadAction\",\"target\":[\"https:\\\/\\\/deravio.com\\\/de\\\/produkt\\\/selbstklebende-handyhalterung-fuer-das-auto-5-paar\\\/\"]}]},{\"@type\":\"ImageObject\",\"inLanguage\":\"de\",\"@id\":\"https:\\\/\\\/deravio.com\\\/de\\\/produkt\\\/selbstklebende-handyhalterung-fuer-das-auto-5-paar\\\/#primaryimage\",\"url\":\"https:\\\/\\\/deravio.com\\\/de\\\/wp-content\\\/uploads\\\/sites\\\/21\\\/2026\\\/05\\\/v8moeg7-1.jpeg\",\"contentUrl\":\"https:\\\/\\\/deravio.com\\\/de\\\/wp-content\\\/uploads\\\/sites\\\/21\\\/2026\\\/05\\\/v8moeg7-1.jpeg\",\"width\":800,\"height\":800},{\"@type\":\"BreadcrumbList\",\"@id\":\"https:\\\/\\\/deravio.com\\\/de\\\/produkt\\\/selbstklebende-handyhalterung-fuer-das-auto-5-paar\\\/#breadcrumb\",\"itemListElement\":[{\"@type\":\"ListItem\",\"position\":1,\"name\":\"Home\",\"item\":\"https:\\\/\\\/deravio.com\\\/de\\\/\"},{\"@type\":\"ListItem\",\"position\":2,\"name\":\"Shop\",\"item\":\"https:\\\/\\\/deravio.com\\\/de\\\/shop\\\/\"},{\"@type\":\"ListItem\",\"position\":3,\"name\":\"Selbstklebende Handyhalterung f\u00fcr das Auto (5 Paar)\"}]},{\"@type\":\"WebSite\",\"@id\":\"https:\\\/\\\/deravio.com\\\/de\\\/#website\",\"url\":\"https:\\\/\\\/deravio.com\\\/de\\\/\",\"name\":\"Deravio DE\",\"description\":\"\",\"publisher\":{\"@id\":\"https:\\\/\\\/deravio.com\\\/de\\\/#organization\"},\"potentialAction\":[{\"@type\":\"SearchAction\",\"target\":{\"@type\":\"EntryPoint\",\"urlTemplate\":\"https:\\\/\\\/deravio.com\\\/de\\\/?s={search_term_string}\"},\"query-input\":{\"@type\":\"PropertyValueSpecification\",\"valueRequired\":true,\"valueName\":\"search_term_string\"}}],\"inLanguage\":\"de\"},{\"@type\":\"Organization\",\"@id\":\"https:\\\/\\\/deravio.com\\\/de\\\/#organization\",\"name\":\"Mekulo\",\"url\":\"https:\\\/\\\/deravio.com\\\/de\\\/\",\"logo\":{\"@type\":\"ImageObject\",\"inLanguage\":\"de\",\"@id\":\"https:\\\/\\\/deravio.com\\\/de\\\/#\\\/schema\\\/logo\\\/image\\\/\",\"url\":\"https:\\\/\\\/deravio.com\\\/de\\\/wp-content\\\/uploads\\\/sites\\\/21\\\/2025\\\/12\\\/favicon_mekulo.png\",\"contentUrl\":\"https:\\\/\\\/deravio.com\\\/de\\\/wp-content\\\/uploads\\\/sites\\\/21\\\/2025\\\/12\\\/favicon_mekulo.png\",\"width\":50,\"height\":50,\"caption\":\"Mekulo\"},\"image\":{\"@id\":\"https:\\\/\\\/deravio.com\\\/de\\\/#\\\/schema\\\/logo\\\/image\\\/\"}}]}<\/script>\n<!-- \/ Yoast SEO plugin. -->","yoast_head_json":{"title":"Selbstklebende Handyhalterung f\u00fcr das Auto (5 Paar) - Deravio DE","robots":{"index":"index","follow":"follow","max-snippet":"max-snippet:-1","max-image-preview":"max-image-preview:large","max-video-preview":"max-video-preview:-1"},"canonical":"https:\/\/deravio.com\/de\/produkt\/selbstklebende-handyhalterung-fuer-das-auto-5-paar\/","og_locale":"de_DE","og_type":"article","og_title":"Selbstklebende Handyhalterung f\u00fcr das Auto (5 Paar) - Deravio DE","og_description":"\ud83d\ude97Fahren Sie intelligenter. Bleiben Sie konzentriert. \ud83d\udcf1Sichern Sie Ihr Telefon, ohne die Sicht zu versperren. \ud83e\udd33Kompakt, stabil und f\u00fcr den t\u00e4glichen Fahrbetrieb konzipiert \u2014 diese selbstklebende Handyhalterung h\u00e4lt Ihr Ger\u00e4t genau dort, wo Sie es brauchen.","og_url":"https:\/\/deravio.com\/de\/produkt\/selbstklebende-handyhalterung-fuer-das-auto-5-paar\/","og_site_name":"Deravio DE","article_modified_time":"2026-05-12T06:27:32+00:00","og_image":[{"width":800,"height":800,"url":"https:\/\/deravio.com\/de\/wp-content\/uploads\/sites\/21\/2026\/05\/v8moeg7-1.jpeg","type":"image\/jpeg"}],"twitter_card":"summary_large_image","twitter_misc":{"Gesch\u00e4tzte Lesezeit":"2\u00a0Minuten"},"schema":{"@context":"https:\/\/schema.org","@graph":[{"@type":"WebPage","@id":"https:\/\/deravio.com\/de\/produkt\/selbstklebende-handyhalterung-fuer-das-auto-5-paar\/","url":"https:\/\/deravio.com\/de\/produkt\/selbstklebende-handyhalterung-fuer-das-auto-5-paar\/","name":"Selbstklebende Handyhalterung f\u00fcr das Auto (5 Paar) - Deravio DE","isPartOf":{"@id":"https:\/\/deravio.com\/de\/#website"},"primaryImageOfPage":{"@id":"https:\/\/deravio.com\/de\/produkt\/selbstklebende-handyhalterung-fuer-das-auto-5-paar\/#primaryimage"},"image":{"@id":"https:\/\/deravio.com\/de\/produkt\/selbstklebende-handyhalterung-fuer-das-auto-5-paar\/#primaryimage"},"thumbnailUrl":"https:\/\/deravio.com\/de\/wp-content\/uploads\/sites\/21\/2026\/05\/v8moeg7-1.jpeg","datePublished":"2026-05-12T06:27:12+00:00","dateModified":"2026-05-12T06:27:32+00:00","breadcrumb":{"@id":"https:\/\/deravio.com\/de\/produkt\/selbstklebende-handyhalterung-fuer-das-auto-5-paar\/#breadcrumb"},"inLanguage":"de","potentialAction":[{"@type":"ReadAction","target":["https:\/\/deravio.com\/de\/produkt\/selbstklebende-handyhalterung-fuer-das-auto-5-paar\/"]}]},{"@type":"ImageObject","inLanguage":"de","@id":"https:\/\/deravio.com\/de\/produkt\/selbstklebende-handyhalterung-fuer-das-auto-5-paar\/#primaryimage","url":"https:\/\/deravio.com\/de\/wp-content\/uploads\/sites\/21\/2026\/05\/v8moeg7-1.jpeg","contentUrl":"https:\/\/deravio.com\/de\/wp-content\/uploads\/sites\/21\/2026\/05\/v8moeg7-1.jpeg","width":800,"height":800},{"@type":"BreadcrumbList","@id":"https:\/\/deravio.com\/de\/produkt\/selbstklebende-handyhalterung-fuer-das-auto-5-paar\/#breadcrumb","itemListElement":[{"@type":"ListItem","position":1,"name":"Home","item":"https:\/\/deravio.com\/de\/"},{"@type":"ListItem","position":2,"name":"Shop","item":"https:\/\/deravio.com\/de\/shop\/"},{"@type":"ListItem","position":3,"name":"Selbstklebende Handyhalterung f\u00fcr das Auto (5 Paar)"}]},{"@type":"WebSite","@id":"https:\/\/deravio.com\/de\/#website","url":"https:\/\/deravio.com\/de\/","name":"Deravio DE","description":"","publisher":{"@id":"https:\/\/deravio.com\/de\/#organization"},"potentialAction":[{"@type":"SearchAction","target":{"@type":"EntryPoint","urlTemplate":"https:\/\/deravio.com\/de\/?s={search_term_string}"},"query-input":{"@type":"PropertyValueSpecification","valueRequired":true,"valueName":"search_term_string"}}],"inLanguage":"de"},{"@type":"Organization","@id":"https:\/\/deravio.com\/de\/#organization","name":"Mekulo","url":"https:\/\/deravio.com\/de\/","logo":{"@type":"ImageObject","inLanguage":"de","@id":"https:\/\/deravio.com\/de\/#\/schema\/logo\/image\/","url":"https:\/\/deravio.com\/de\/wp-content\/uploads\/sites\/21\/2025\/12\/favicon_mekulo.png","contentUrl":"https:\/\/deravio.com\/de\/wp-content\/uploads\/sites\/21\/2025\/12\/favicon_mekulo.png","width":50,"height":50,"caption":"Mekulo"},"image":{"@id":"https:\/\/deravio.com\/de\/#\/schema\/logo\/image\/"}}]}},"_links":{"self":[{"href":"https:\/\/deravio.com\/de\/wp-json\/wp\/v2\/product\/22068","targetHints":{"allow":["GET"]}}],"collection":[{"href":"https:\/\/deravio.com\/de\/wp-json\/wp\/v2\/product"}],"about":[{"href":"https:\/\/deravio.com\/de\/wp-json\/wp\/v2\/types\/product"}],"replies":[{"embeddable":true,"href":"https:\/\/deravio.com\/de\/wp-json\/wp\/v2\/comments?post=22068"}],"wp:featuredmedia":[{"embeddable":true,"href":"https:\/\/deravio.com\/de\/wp-json\/wp\/v2\/media\/22064"}],"wp:attachment":[{"href":"https:\/\/deravio.com\/de\/wp-json\/wp\/v2\/media?parent=22068"}],"wp:term":[{"taxonomy":"product_brand","embeddable":true,"href":"https:\/\/deravio.com\/de\/wp-json\/wp\/v2\/product_brand?post=22068"},{"taxonomy":"product_cat","embeddable":true,"href":"https:\/\/deravio.com\/de\/wp-json\/wp\/v2\/product_cat?post=22068"},{"taxonomy":"product_tag","embeddable":true,"href":"https:\/\/deravio.com\/de\/wp-json\/wp\/v2\/product_tag?post=22068"}],"curies":[{"name":"wp","href":"https:\/\/api.w.org\/{rel}","templated":true}]}}