{"id":21987,"date":"2026-05-05T15:40:45","date_gmt":"2026-05-05T12:40:45","guid":{"rendered":"https:\/\/deravio.com\/de\/produkt\/wasserdichtes-dichtungsmittel-fuer-leckreparaturen\/"},"modified":"2026-05-05T15:41:26","modified_gmt":"2026-05-05T12:41:26","slug":"wasserdichtes-dichtungsmittel-fuer-leckreparaturen","status":"publish","type":"product","link":"https:\/\/deravio.com\/de\/produkt\/wasserdichtes-dichtungsmittel-fuer-leckreparaturen\/","title":{"rendered":"Wasserdichtes Dichtungsmittel f\u00fcr Leckreparaturen"},"content":{"rendered":"<h2 style=\"text-align: center\" data-start=\"285\" data-end=\"301\">\u2728 Das Versprechen<\/h2>\n<p style=\"text-align: center\" data-start=\"303\" data-end=\"357\">Anbringen.<br data-start=\"316\" data-end=\"319\" \/>Sicher versiegeln.<br data-start=\"333\" data-end=\"336\" \/>Auf den Schutz vertrauen.<\/p>\n<p data-start=\"303\" data-end=\"357\"><img fetchpriority=\"high\" decoding=\"async\" class=\" wp-image-26079 aligncenter\" src=\"https:\/\/mekulo.com\/template\/wp-content\/uploads\/sites\/6\/2026\/02\/122111-ezgif.com-video-to-webp-converter-2.webp\" alt=\"\" width=\"550\" height=\"550\" \/><\/p>\n<h2 style=\"text-align: center\" data-start=\"364\" data-end=\"382\">\u2705 Hauptvorteile<\/h2>\n<p data-start=\"386\" data-end=\"480\">\ud83d\udca6 Wirksame wasserdichte Barriere &#8211; Hilft, das Eindringen von Wasser an h\u00e4ufigen Problemstellen zu verhindern.<\/p>\n<p data-start=\"484\" data-end=\"560\">\u2600\ufe0f UV- &amp; witterungsbest\u00e4ndig &#8211; Entwickelt, um die Leistung im Freien aufrechtzuerhalten.<\/p>\n<p data-start=\"564\" data-end=\"629\">\ud83c\udf21\ufe0f Gro\u00dfe Temperaturtoleranz &#8211; Stabil von -30\u00b0C bis 80\u00b0C.<\/p>\n<p data-start=\"633\" data-end=\"716\">\ud83d\udee1\ufe0f Starke Klebeversiegelung &#8211; Bildet eine haltbare, lang anhaltende Schutzschicht.<\/p>\n<p data-start=\"720\" data-end=\"794\">\ud83d\udd8c\ufe0f Pinselunterst\u00fctzte Pr\u00e4zision &#8211; Sorgt f\u00fcr kontrolliertes, gleichm\u00e4\u00dfiges Auftragen.<\/p>\n<p data-start=\"798\" data-end=\"863\">\u26a1 Schnelltrocknende Formel &#8211; Minimiert die Ausfallzeit bei Reparaturen.<\/p>\n<p data-start=\"867\" data-end=\"953\">\ud83c\udfe0 Vielseitige Verwendbarkeit auf verschiedenen Oberfl\u00e4chen &#8211; Geeignet f\u00fcr W\u00e4nde, D\u00e4cher, Decken und Fenster.<\/p>\n<h2 style=\"text-align: center\" data-start=\"960\" data-end=\"983\">\u2757 Problem \u2192 L\u00f6sung<\/h2>\n<p data-start=\"985\" data-end=\"1108\"><strong data-start=\"985\" data-end=\"997\">Problem:<\/strong><br data-start=\"997\" data-end=\"1000\" \/>Risse, Spalten und kleine Lecks lassen Feuchtigkeit eindringen, was zu Flecken, Verfall und kostspieligen Reparaturen f\u00fchrt.<\/p>\n<p data-start=\"1110\" data-end=\"1238\"><strong data-start=\"1110\" data-end=\"1123\">L\u00f6sung:<\/strong><br data-start=\"1123\" data-end=\"1126\" \/>Diese wasserdichte Dichtungsmasse hilft, gef\u00e4hrdete Bereiche zu schlie\u00dfen, reduziert das Eindringen von Wasser und verl\u00e4ngert den Oberfl\u00e4chenschutz.<\/p>\n<p data-start=\"1110\" data-end=\"1238\"><img decoding=\"async\" class=\"size-full wp-image-26080 aligncenter\" src=\"https:\/\/mekulo.com\/template\/wp-content\/uploads\/sites\/6\/2026\/02\/3_c2bf7f70-cc4c-4547-ab65-4c17913860c9.jpg\" alt=\"\" width=\"1080\" height=\"1080\" \/><\/p>\n<h2 style=\"text-align: center\" data-start=\"1245\" data-end=\"1262\">\ud83c\udf3f Perfekt f\u00fcr<\/h2>\n<ul data-start=\"1264\" data-end=\"1383\">\n<li data-start=\"1264\" data-end=\"1288\">\n<p data-start=\"1266\" data-end=\"1288\">Wandrisse &amp; Fugen<\/p>\n<\/li>\n<li data-start=\"1289\" data-end=\"1313\">\n<p data-start=\"1291\" data-end=\"1313\">Dachdichtungen<\/p>\n<\/li>\n<li data-start=\"1314\" data-end=\"1337\">\n<p data-start=\"1316\" data-end=\"1337\">Fensterkantenabdichtung<\/p>\n<\/li>\n<li data-start=\"1338\" data-end=\"1360\">\n<p data-start=\"1340\" data-end=\"1360\">Deckenschutz<\/p>\n<\/li>\n<li data-start=\"1361\" data-end=\"1383\">\n<p data-start=\"1363\" data-end=\"1383\">Ausbesserungen im Au\u00dfenbereich<\/p>\n<\/li>\n<\/ul>\n<p data-start=\"1385\" data-end=\"1434\">Ideal f\u00fcr die Instandhaltung und vorbeugende Pflege.<\/p>\n<h2 style=\"text-align: center\" data-start=\"1441\" data-end=\"1457\">\u2699\ufe0f Anwendung<\/h2>\n<ol data-start=\"1459\" data-end=\"1569\">\n<li data-start=\"1459\" data-end=\"1489\">\n<p data-start=\"1462\" data-end=\"1489\">Reinigen und trocknen Sie die Oberfl\u00e4che.<\/p>\n<\/li>\n<li data-start=\"1490\" data-end=\"1515\">\n<p data-start=\"1493\" data-end=\"1515\">Tragen Sie die Dichtmasse gleichm\u00e4\u00dfig auf.<\/p>\n<\/li>\n<li data-start=\"1516\" data-end=\"1551\">\n<p data-start=\"1519\" data-end=\"1551\">Verteilen Sie sie mit dem mitgelieferten Pinsel.<\/p>\n<\/li>\n<li data-start=\"1552\" data-end=\"1569\">\n<p data-start=\"1555\" data-end=\"1569\">Lassen Sie sie trocknen.<\/p>\n<\/li>\n<\/ol>\n<h2 style=\"text-align: center\" data-start=\"1611\" data-end=\"1632\">\ud83d\udcd0 Produktdetails<\/h2>\n<ul data-start=\"1634\" data-end=\"1898\">\n<li data-start=\"1634\" data-end=\"1666\">\n<p data-start=\"1636\" data-end=\"1666\">Material: Fester Klebstoff<\/p>\n<\/li>\n<li data-start=\"1667\" data-end=\"1692\">\n<p data-start=\"1669\" data-end=\"1692\">Netzinhalt: 100 g, 200 g, 300 g<\/p>\n<\/li>\n<li data-start=\"1693\" data-end=\"1720\">\n<p data-start=\"1695\" data-end=\"1720\">Lagerf\u00e4higkeit: 3 Jahre<\/p>\n<\/li>\n<li data-start=\"1721\" data-end=\"1795\">\n<p data-start=\"1723\" data-end=\"1795\">Leistung: Wasserfest, UV-best\u00e4ndig, temperaturbest\u00e4ndig<\/p>\n<\/li>\n<li data-start=\"1796\" data-end=\"1836\">\n<p data-start=\"1798\" data-end=\"1836\">Temperaturbereich: -30\u00b0C bis 80\u00b0C<\/p>\n<\/li>\n<li data-start=\"1837\" data-end=\"1898\">\n<p data-start=\"1839\" data-end=\"1898\">Anwendungsbereiche: Wand, Dach, Fenster, Decke<\/p>\n<\/li>\n<li data-start=\"1837\" data-end=\"1898\">Gr\u00f6\u00dfe: Dichtungsmasse: 12,9 x 3,8 cm, Pinsel: 9,8 x 1,5 cm<\/li>\n<\/ul>\n<h2 style=\"text-align: center\" data-start=\"1945\" data-end=\"1967\">\ud83d\udce6 Packung enth\u00e4lt<\/h2>\n<ul data-start=\"1969\" data-end=\"2019\">\n<li data-start=\"1969\" data-end=\"1995\">\n<p data-start=\"1971\" data-end=\"1995\">1, 2, 3x wasserfeste Dichtungsmasse\/s<\/p>\n<\/li>\n<li data-start=\"1996\" data-end=\"2019\">\n<p data-start=\"1998\" data-end=\"2019\">1, 2, 3x Anwendungspinsel\/es.<\/p>\n<\/li>\n<\/ul>\n","protected":false},"excerpt":{"rendered":"<p>\ud83c\udfe0Dichten Sie Lecks ab. Sch\u00fctzen Sie Ihren Raum.<br \/>\n\ud83c\udf27\ufe0fFast, zuverl\u00e4ssige Abdichtung, wenn es darauf ankommt.<br \/>\n\ud83e\uddf1Diese leistungsstarke Dichtungsmasse bildet eine dauerhafte Barriere gegen Feuchtigkeit und hilft Ihnen, Lecks zu stoppen und weitere Sch\u00e4den mit minimalem Aufwand zu verhindern.<\/p>\n","protected":false},"featured_media":21983,"comment_status":"open","ping_status":"closed","template":"","meta":{"site-sidebar-layout":"default","site-content-layout":"","ast-site-content-layout":"default","site-content-style":"default","site-sidebar-style":"default","ast-global-header-display":"","ast-banner-title-visibility":"","ast-main-header-display":"","ast-hfb-above-header-display":"","ast-hfb-below-header-display":"","ast-hfb-mobile-header-display":"","site-post-title":"","ast-breadcrumbs-content":"","ast-featured-img":"","footer-sml-layout":"","ast-disable-related-posts":"","theme-transparent-header-meta":"default","adv-header-id-meta":"","stick-header-meta":"","header-above-stick-meta":"","header-main-stick-meta":"","header-below-stick-meta":"","astra-migrate-meta-layouts":"set","ast-page-background-enabled":"default","ast-page-background-meta":{"desktop":{"background-color":"var(--ast-global-color-5)","background-image":"","background-repeat":"repeat","background-position":"center center","background-size":"auto","background-attachment":"scroll","background-type":"","background-media":"","overlay-type":"","overlay-color":"","overlay-opacity":"","overlay-gradient":""},"tablet":{"background-color":"","background-image":"","background-repeat":"repeat","background-position":"center center","background-size":"auto","background-attachment":"scroll","background-type":"","background-media":"","overlay-type":"","overlay-color":"","overlay-opacity":"","overlay-gradient":""},"mobile":{"background-color":"","background-image":"","background-repeat":"repeat","background-position":"center center","background-size":"auto","background-attachment":"scroll","background-type":"","background-media":"","overlay-type":"","overlay-color":"","overlay-opacity":"","overlay-gradient":""}},"ast-content-background-meta":{"desktop":{"background-color":"var(--ast-global-color-4)","background-image":"","background-repeat":"repeat","background-position":"center center","background-size":"auto","background-attachment":"scroll","background-type":"","background-media":"","overlay-type":"","overlay-color":"","overlay-opacity":"","overlay-gradient":""},"tablet":{"background-color":"var(--ast-global-color-4)","background-image":"","background-repeat":"repeat","background-position":"center center","background-size":"auto","background-attachment":"scroll","background-type":"","background-media":"","overlay-type":"","overlay-color":"","overlay-opacity":"","overlay-gradient":""},"mobile":{"background-color":"var(--ast-global-color-4)","background-image":"","background-repeat":"repeat","background-position":"center center","background-size":"auto","background-attachment":"scroll","background-type":"","background-media":"","overlay-type":"","overlay-color":"","overlay-opacity":"","overlay-gradient":""}}},"product_brand":[],"product_cat":[168],"product_tag":[],"class_list":{"0":"post-21987","1":"product","2":"type-product","3":"status-publish","4":"has-post-thumbnail","6":"product_cat-haushaltswaren","7":"pa_62195_02kmx4b0-schwarz","8":"pa_62195_02kmx4b0-transparent","9":"pa_62195_02kmx4b0-weiss","10":"pa_62195_lsj9uvvx-1-stueck","11":"pa_62195_lsj9uvvx-2-stueck","12":"pa_62195_lsj9uvvx-3-stueck","13":"desktop-align-left","14":"tablet-align-left","15":"mobile-align-left","17":"first","18":"instock","19":"shipping-taxable","20":"purchasable","21":"product-type-variable","22":"has-default-attributes"},"yoast_head":"<!-- This site is optimized with the Yoast SEO plugin v27.4 - https:\/\/yoast.com\/product\/yoast-seo-wordpress\/ -->\n<title>Wasserdichtes Dichtungsmittel f\u00fcr Leckreparaturen - Deravio DE<\/title>\n<meta name=\"robots\" content=\"index, follow, max-snippet:-1, max-image-preview:large, max-video-preview:-1\" \/>\n<link rel=\"canonical\" href=\"https:\/\/deravio.com\/de\/produkt\/wasserdichtes-dichtungsmittel-fuer-leckreparaturen\/\" \/>\n<meta property=\"og:locale\" content=\"de_DE\" \/>\n<meta property=\"og:type\" content=\"article\" \/>\n<meta property=\"og:title\" content=\"Wasserdichtes Dichtungsmittel f\u00fcr Leckreparaturen - Deravio DE\" \/>\n<meta property=\"og:description\" content=\"\ud83c\udfe0Dichten Sie Lecks ab. Sch\u00fctzen Sie Ihren Raum. \ud83c\udf27\ufe0fFast, zuverl\u00e4ssige Abdichtung, wenn es darauf ankommt. \ud83e\uddf1Diese leistungsstarke Dichtungsmasse bildet eine dauerhafte Barriere gegen Feuchtigkeit und hilft Ihnen, Lecks zu stoppen und weitere Sch\u00e4den mit minimalem Aufwand zu verhindern.\" \/>\n<meta property=\"og:url\" content=\"https:\/\/deravio.com\/de\/produkt\/wasserdichtes-dichtungsmittel-fuer-leckreparaturen\/\" \/>\n<meta property=\"og:site_name\" content=\"Deravio DE\" \/>\n<meta property=\"article:modified_time\" content=\"2026-05-05T12:41:26+00:00\" \/>\n<meta property=\"og:image\" content=\"https:\/\/deravio.com\/de\/wp-content\/uploads\/sites\/21\/2026\/05\/67uuzkl-1.webp\" \/>\n\t<meta property=\"og:image:width\" content=\"713\" \/>\n\t<meta property=\"og:image:height\" content=\"713\" \/>\n\t<meta property=\"og:image:type\" content=\"image\/webp\" \/>\n<meta name=\"twitter:card\" content=\"summary_large_image\" \/>\n<meta name=\"twitter:label1\" content=\"Gesch\u00e4tzte Lesezeit\" \/>\n\t<meta name=\"twitter:data1\" content=\"2\u00a0Minuten\" \/>\n<script type=\"application\/ld+json\" class=\"yoast-schema-graph\">{\"@context\":\"https:\\\/\\\/schema.org\",\"@graph\":[{\"@type\":\"WebPage\",\"@id\":\"https:\\\/\\\/deravio.com\\\/de\\\/produkt\\\/wasserdichtes-dichtungsmittel-fuer-leckreparaturen\\\/\",\"url\":\"https:\\\/\\\/deravio.com\\\/de\\\/produkt\\\/wasserdichtes-dichtungsmittel-fuer-leckreparaturen\\\/\",\"name\":\"Wasserdichtes Dichtungsmittel f\u00fcr Leckreparaturen - Deravio DE\",\"isPartOf\":{\"@id\":\"https:\\\/\\\/deravio.com\\\/de\\\/#website\"},\"primaryImageOfPage\":{\"@id\":\"https:\\\/\\\/deravio.com\\\/de\\\/produkt\\\/wasserdichtes-dichtungsmittel-fuer-leckreparaturen\\\/#primaryimage\"},\"image\":{\"@id\":\"https:\\\/\\\/deravio.com\\\/de\\\/produkt\\\/wasserdichtes-dichtungsmittel-fuer-leckreparaturen\\\/#primaryimage\"},\"thumbnailUrl\":\"https:\\\/\\\/deravio.com\\\/de\\\/wp-content\\\/uploads\\\/sites\\\/21\\\/2026\\\/05\\\/67uuzkl-1.webp\",\"datePublished\":\"2026-05-05T12:40:45+00:00\",\"dateModified\":\"2026-05-05T12:41:26+00:00\",\"breadcrumb\":{\"@id\":\"https:\\\/\\\/deravio.com\\\/de\\\/produkt\\\/wasserdichtes-dichtungsmittel-fuer-leckreparaturen\\\/#breadcrumb\"},\"inLanguage\":\"de\",\"potentialAction\":[{\"@type\":\"ReadAction\",\"target\":[\"https:\\\/\\\/deravio.com\\\/de\\\/produkt\\\/wasserdichtes-dichtungsmittel-fuer-leckreparaturen\\\/\"]}]},{\"@type\":\"ImageObject\",\"inLanguage\":\"de\",\"@id\":\"https:\\\/\\\/deravio.com\\\/de\\\/produkt\\\/wasserdichtes-dichtungsmittel-fuer-leckreparaturen\\\/#primaryimage\",\"url\":\"https:\\\/\\\/deravio.com\\\/de\\\/wp-content\\\/uploads\\\/sites\\\/21\\\/2026\\\/05\\\/67uuzkl-1.webp\",\"contentUrl\":\"https:\\\/\\\/deravio.com\\\/de\\\/wp-content\\\/uploads\\\/sites\\\/21\\\/2026\\\/05\\\/67uuzkl-1.webp\",\"width\":713,\"height\":713},{\"@type\":\"BreadcrumbList\",\"@id\":\"https:\\\/\\\/deravio.com\\\/de\\\/produkt\\\/wasserdichtes-dichtungsmittel-fuer-leckreparaturen\\\/#breadcrumb\",\"itemListElement\":[{\"@type\":\"ListItem\",\"position\":1,\"name\":\"Home\",\"item\":\"https:\\\/\\\/deravio.com\\\/de\\\/\"},{\"@type\":\"ListItem\",\"position\":2,\"name\":\"Shop\",\"item\":\"https:\\\/\\\/deravio.com\\\/de\\\/shop\\\/\"},{\"@type\":\"ListItem\",\"position\":3,\"name\":\"Wasserdichtes Dichtungsmittel f\u00fcr Leckreparaturen\"}]},{\"@type\":\"WebSite\",\"@id\":\"https:\\\/\\\/deravio.com\\\/de\\\/#website\",\"url\":\"https:\\\/\\\/deravio.com\\\/de\\\/\",\"name\":\"Deravio DE\",\"description\":\"\",\"publisher\":{\"@id\":\"https:\\\/\\\/deravio.com\\\/de\\\/#organization\"},\"potentialAction\":[{\"@type\":\"SearchAction\",\"target\":{\"@type\":\"EntryPoint\",\"urlTemplate\":\"https:\\\/\\\/deravio.com\\\/de\\\/?s={search_term_string}\"},\"query-input\":{\"@type\":\"PropertyValueSpecification\",\"valueRequired\":true,\"valueName\":\"search_term_string\"}}],\"inLanguage\":\"de\"},{\"@type\":\"Organization\",\"@id\":\"https:\\\/\\\/deravio.com\\\/de\\\/#organization\",\"name\":\"Mekulo\",\"url\":\"https:\\\/\\\/deravio.com\\\/de\\\/\",\"logo\":{\"@type\":\"ImageObject\",\"inLanguage\":\"de\",\"@id\":\"https:\\\/\\\/deravio.com\\\/de\\\/#\\\/schema\\\/logo\\\/image\\\/\",\"url\":\"https:\\\/\\\/deravio.com\\\/de\\\/wp-content\\\/uploads\\\/sites\\\/21\\\/2025\\\/12\\\/favicon_mekulo.png\",\"contentUrl\":\"https:\\\/\\\/deravio.com\\\/de\\\/wp-content\\\/uploads\\\/sites\\\/21\\\/2025\\\/12\\\/favicon_mekulo.png\",\"width\":50,\"height\":50,\"caption\":\"Mekulo\"},\"image\":{\"@id\":\"https:\\\/\\\/deravio.com\\\/de\\\/#\\\/schema\\\/logo\\\/image\\\/\"}}]}<\/script>\n<!-- \/ Yoast SEO plugin. -->","yoast_head_json":{"title":"Wasserdichtes Dichtungsmittel f\u00fcr Leckreparaturen - Deravio DE","robots":{"index":"index","follow":"follow","max-snippet":"max-snippet:-1","max-image-preview":"max-image-preview:large","max-video-preview":"max-video-preview:-1"},"canonical":"https:\/\/deravio.com\/de\/produkt\/wasserdichtes-dichtungsmittel-fuer-leckreparaturen\/","og_locale":"de_DE","og_type":"article","og_title":"Wasserdichtes Dichtungsmittel f\u00fcr Leckreparaturen - Deravio DE","og_description":"\ud83c\udfe0Dichten Sie Lecks ab. Sch\u00fctzen Sie Ihren Raum. \ud83c\udf27\ufe0fFast, zuverl\u00e4ssige Abdichtung, wenn es darauf ankommt. \ud83e\uddf1Diese leistungsstarke Dichtungsmasse bildet eine dauerhafte Barriere gegen Feuchtigkeit und hilft Ihnen, Lecks zu stoppen und weitere Sch\u00e4den mit minimalem Aufwand zu verhindern.","og_url":"https:\/\/deravio.com\/de\/produkt\/wasserdichtes-dichtungsmittel-fuer-leckreparaturen\/","og_site_name":"Deravio DE","article_modified_time":"2026-05-05T12:41:26+00:00","og_image":[{"width":713,"height":713,"url":"https:\/\/deravio.com\/de\/wp-content\/uploads\/sites\/21\/2026\/05\/67uuzkl-1.webp","type":"image\/webp"}],"twitter_card":"summary_large_image","twitter_misc":{"Gesch\u00e4tzte Lesezeit":"2\u00a0Minuten"},"schema":{"@context":"https:\/\/schema.org","@graph":[{"@type":"WebPage","@id":"https:\/\/deravio.com\/de\/produkt\/wasserdichtes-dichtungsmittel-fuer-leckreparaturen\/","url":"https:\/\/deravio.com\/de\/produkt\/wasserdichtes-dichtungsmittel-fuer-leckreparaturen\/","name":"Wasserdichtes Dichtungsmittel f\u00fcr Leckreparaturen - Deravio DE","isPartOf":{"@id":"https:\/\/deravio.com\/de\/#website"},"primaryImageOfPage":{"@id":"https:\/\/deravio.com\/de\/produkt\/wasserdichtes-dichtungsmittel-fuer-leckreparaturen\/#primaryimage"},"image":{"@id":"https:\/\/deravio.com\/de\/produkt\/wasserdichtes-dichtungsmittel-fuer-leckreparaturen\/#primaryimage"},"thumbnailUrl":"https:\/\/deravio.com\/de\/wp-content\/uploads\/sites\/21\/2026\/05\/67uuzkl-1.webp","datePublished":"2026-05-05T12:40:45+00:00","dateModified":"2026-05-05T12:41:26+00:00","breadcrumb":{"@id":"https:\/\/deravio.com\/de\/produkt\/wasserdichtes-dichtungsmittel-fuer-leckreparaturen\/#breadcrumb"},"inLanguage":"de","potentialAction":[{"@type":"ReadAction","target":["https:\/\/deravio.com\/de\/produkt\/wasserdichtes-dichtungsmittel-fuer-leckreparaturen\/"]}]},{"@type":"ImageObject","inLanguage":"de","@id":"https:\/\/deravio.com\/de\/produkt\/wasserdichtes-dichtungsmittel-fuer-leckreparaturen\/#primaryimage","url":"https:\/\/deravio.com\/de\/wp-content\/uploads\/sites\/21\/2026\/05\/67uuzkl-1.webp","contentUrl":"https:\/\/deravio.com\/de\/wp-content\/uploads\/sites\/21\/2026\/05\/67uuzkl-1.webp","width":713,"height":713},{"@type":"BreadcrumbList","@id":"https:\/\/deravio.com\/de\/produkt\/wasserdichtes-dichtungsmittel-fuer-leckreparaturen\/#breadcrumb","itemListElement":[{"@type":"ListItem","position":1,"name":"Home","item":"https:\/\/deravio.com\/de\/"},{"@type":"ListItem","position":2,"name":"Shop","item":"https:\/\/deravio.com\/de\/shop\/"},{"@type":"ListItem","position":3,"name":"Wasserdichtes Dichtungsmittel f\u00fcr Leckreparaturen"}]},{"@type":"WebSite","@id":"https:\/\/deravio.com\/de\/#website","url":"https:\/\/deravio.com\/de\/","name":"Deravio DE","description":"","publisher":{"@id":"https:\/\/deravio.com\/de\/#organization"},"potentialAction":[{"@type":"SearchAction","target":{"@type":"EntryPoint","urlTemplate":"https:\/\/deravio.com\/de\/?s={search_term_string}"},"query-input":{"@type":"PropertyValueSpecification","valueRequired":true,"valueName":"search_term_string"}}],"inLanguage":"de"},{"@type":"Organization","@id":"https:\/\/deravio.com\/de\/#organization","name":"Mekulo","url":"https:\/\/deravio.com\/de\/","logo":{"@type":"ImageObject","inLanguage":"de","@id":"https:\/\/deravio.com\/de\/#\/schema\/logo\/image\/","url":"https:\/\/deravio.com\/de\/wp-content\/uploads\/sites\/21\/2025\/12\/favicon_mekulo.png","contentUrl":"https:\/\/deravio.com\/de\/wp-content\/uploads\/sites\/21\/2025\/12\/favicon_mekulo.png","width":50,"height":50,"caption":"Mekulo"},"image":{"@id":"https:\/\/deravio.com\/de\/#\/schema\/logo\/image\/"}}]}},"_links":{"self":[{"href":"https:\/\/deravio.com\/de\/wp-json\/wp\/v2\/product\/21987","targetHints":{"allow":["GET"]}}],"collection":[{"href":"https:\/\/deravio.com\/de\/wp-json\/wp\/v2\/product"}],"about":[{"href":"https:\/\/deravio.com\/de\/wp-json\/wp\/v2\/types\/product"}],"replies":[{"embeddable":true,"href":"https:\/\/deravio.com\/de\/wp-json\/wp\/v2\/comments?post=21987"}],"wp:featuredmedia":[{"embeddable":true,"href":"https:\/\/deravio.com\/de\/wp-json\/wp\/v2\/media\/21983"}],"wp:attachment":[{"href":"https:\/\/deravio.com\/de\/wp-json\/wp\/v2\/media?parent=21987"}],"wp:term":[{"taxonomy":"product_brand","embeddable":true,"href":"https:\/\/deravio.com\/de\/wp-json\/wp\/v2\/product_brand?post=21987"},{"taxonomy":"product_cat","embeddable":true,"href":"https:\/\/deravio.com\/de\/wp-json\/wp\/v2\/product_cat?post=21987"},{"taxonomy":"product_tag","embeddable":true,"href":"https:\/\/deravio.com\/de\/wp-json\/wp\/v2\/product_tag?post=21987"}],"curies":[{"name":"wp","href":"https:\/\/api.w.org\/{rel}","templated":true}]}}