{"id":584,"date":"2020-10-13T06:47:01","date_gmt":"2020-10-13T06:47:01","guid":{"rendered":"http:\/\/localhost\/razzi\/?page_id=584"},"modified":"2026-01-13T08:15:25","modified_gmt":"2026-01-13T06:15:25","slug":"kontakt","status":"publish","type":"page","link":"https:\/\/deravio.com\/de\/kontakt\/","title":{"rendered":"Kontakt"},"content":{"rendered":"\t\t<div data-elementor-type=\"wp-page\" data-elementor-id=\"584\" class=\"elementor elementor-584\" data-elementor-post-type=\"page\">\n\t\t\t\t<div class=\"elementor-element elementor-element-400e5cc e-flex e-con-boxed e-con e-parent\" data-id=\"400e5cc\" data-element_type=\"container\" data-e-type=\"container\">\n\t\t\t\t\t<div class=\"e-con-inner\">\n\t\t\t\t<div class=\"elementor-element elementor-element-9f2b69c elementor-widget elementor-widget-heading\" data-id=\"9f2b69c\" data-element_type=\"widget\" data-e-type=\"widget\" data-widget_type=\"heading.default\">\n\t\t\t\t\t<h2 class=\"elementor-heading-title elementor-size-default\">Kontaktieren Sie uns<\/h2>\t\t\t\t<\/div>\n\t\t\t\t<div class=\"elementor-element elementor-element-4d79b7d elementor-widget elementor-widget-text-editor\" data-id=\"4d79b7d\" data-element_type=\"widget\" data-e-type=\"widget\" data-widget_type=\"text-editor.default\">\n\t\t\t\t\t\t\t\t\t<p>Wir melden uns innerhalb von 24 Stunden bei Ihnen.<\/p>\t\t\t\t\t\t\t\t<\/div>\n\t\t\t\t\t<\/div>\n\t\t\t\t<\/div>\n\t\t<div class=\"elementor-element elementor-element-c42eaeb e-flex e-con-boxed e-con e-parent\" data-id=\"c42eaeb\" data-element_type=\"container\" data-e-type=\"container\">\n\t\t\t\t\t<div class=\"e-con-inner\">\n\t\t\t\t<div class=\"elementor-element elementor-element-6b81d78 eael-wpforms-form-button-custom elementor-widget elementor-widget-eael-wpforms\" data-id=\"6b81d78\" data-element_type=\"widget\" data-e-type=\"widget\" data-widget_type=\"eael-wpforms.default\">\n\t\t\t\t\t            <div class=\"eael-contact-form eael-wpforms eael-wpforms-align-default\">\n                                <div class=\"wpforms-container wpforms-container-full wpforms-render-modern\" id=\"wpforms-12152\"><form id=\"wpforms-form-12152\" class=\"wpforms-validate wpforms-form wpforms-ajax-form\" data-formid=\"12152\" method=\"post\" enctype=\"multipart\/form-data\" action=\"\/de\/wp-json\/wp\/v2\/pages\/584\" data-token=\"94aa8a3c8afa6c8b705260b12bd41ce4\" data-token-time=\"1776478545\"><noscript class=\"wpforms-error-noscript\">Bitte aktiviere JavaScript in deinem Browser, um dieses Formular fertigzustellen.<\/noscript><div id=\"wpforms-error-noscript\" style=\"display: none;\">Bitte aktiviere JavaScript in deinem Browser, um dieses Formular fertigzustellen.<\/div><div class=\"wpforms-field-container\"><div id=\"wpforms-12152-field_1-container\" class=\"wpforms-field wpforms-field-name wpforms-first wpforms-one-half\" data-field-id=\"1\"><label class=\"wpforms-field-label\" for=\"wpforms-12152-field_1\">Name <span class=\"wpforms-required-label\" aria-hidden=\"true\">*<\/span><\/label><input type=\"text\" id=\"wpforms-12152-field_1\" class=\"wpforms-field-large wpforms-field-required\" name=\"wpforms[fields][1]\" placeholder=\"Name\" aria-errormessage=\"wpforms-12152-field_1-error\" required><\/div>\t\t<div id=\"wpforms-12152-field_4-container\"\n\t\t\tclass=\"wpforms-field wpforms-field-text\"\n\t\t\tdata-field-type=\"text\"\n\t\t\tdata-field-id=\"4\"\n\t\t\t>\n\t\t\t<label class=\"wpforms-field-label\" for=\"wpforms-12152-field_4\" >Nachricht E-Mail oder<\/label>\n\t\t\t<input type=\"text\" id=\"wpforms-12152-field_4\" class=\"wpforms-field-medium\" name=\"wpforms[fields][4]\" >\n\t\t<\/div>\n\t\t<div id=\"wpforms-12152-field_2-container\" class=\"wpforms-field wpforms-field-email\" data-field-id=\"2\"><label class=\"wpforms-field-label\" for=\"wpforms-12152-field_2\">E-Mail <span class=\"wpforms-required-label\" aria-hidden=\"true\">*<\/span><\/label><input type=\"email\" id=\"wpforms-12152-field_2\" class=\"wpforms-field-large wpforms-field-required\" name=\"wpforms[fields][2]\" placeholder=\"E-Mail\" spellcheck=\"false\" aria-errormessage=\"wpforms-12152-field_2-error\" required><\/div><div id=\"wpforms-12152-field_3-container\" class=\"wpforms-field wpforms-field-textarea\" data-field-id=\"3\"><label class=\"wpforms-field-label\" for=\"wpforms-12152-field_3\">Kommentar oder Nachricht<\/label><textarea id=\"wpforms-12152-field_3\" class=\"wpforms-field-medium\" name=\"wpforms[fields][3]\" placeholder=\"Kommentar\" aria-errormessage=\"wpforms-12152-field_3-error\" ><\/textarea><\/div><script>\n\t\t\t\t( function() {\n\t\t\t\t\tconst style = document.createElement( 'style' );\n\t\t\t\t\tstyle.appendChild( document.createTextNode( '#wpforms-12152-field_4-container { position: absolute !important; overflow: hidden !important; display: inline !important; height: 1px !important; width: 1px !important; z-index: -1000 !important; padding: 0 !important; } #wpforms-12152-field_4-container input { visibility: hidden; } #wpforms-conversational-form-page #wpforms-12152-field_4-container label { counter-increment: none; }' ) );\n\t\t\t\t\tdocument.head.appendChild( style );\n\t\t\t\t\tdocument.currentScript?.remove();\n\t\t\t\t} )();\n\t\t\t<\/script><\/div><!-- .wpforms-field-container --><div class=\"wpforms-submit-container\" ><input type=\"hidden\" name=\"wpforms[id]\" value=\"12152\"><input type=\"hidden\" name=\"page_title\" value=\"\"><input type=\"hidden\" name=\"page_url\" value=\"https:\/\/deravio.com\/de\/wp-json\/wp\/v2\/pages\/584\"><input type=\"hidden\" name=\"url_referer\" value=\"\"><button type=\"submit\" name=\"wpforms[submit]\" id=\"wpforms-submit-12152\" class=\"wpforms-submit\" data-alt-text=\"Senden...\" data-submit-text=\"Einreichen\" aria-live=\"assertive\" value=\"wpforms-submit\">Einreichen<\/button><img decoding=\"async\" src=\"https:\/\/deravio.com\/de\/wp-content\/plugins\/wpforms-lite\/assets\/images\/submit-spin.svg\" class=\"wpforms-submit-spinner\" style=\"display: none;\" width=\"26\" height=\"26\" alt=\"Wird geladen\"><\/div><\/form><\/div>  <!-- .wpforms-container -->            <\/div>\n\t\t\t\t<\/div>\n\t\t\t\t\t<\/div>\n\t\t\t\t<\/div>\n\t\t<div class=\"elementor-element elementor-element-f2e264c animated-slow e-flex e-con-boxed elementor-invisible e-con e-parent\" data-id=\"f2e264c\" data-element_type=\"container\" data-e-type=\"container\" data-settings=\"{&quot;animation&quot;:&quot;fadeIn&quot;}\">\n\t\t\t\t\t<div class=\"e-con-inner\">\n\t\t\t\t<div class=\"elementor-element elementor-element-18b8f79 elementor-widget elementor-widget-heading\" data-id=\"18b8f79\" data-element_type=\"widget\" data-e-type=\"widget\" data-widget_type=\"heading.default\">\n\t\t\t\t\t<h2 class=\"elementor-heading-title elementor-size-default\">H\u00e4ufig gestellte \nFragen<\/h2>\t\t\t\t<\/div>\n\t\t\t\t\t<\/div>\n\t\t\t\t<\/div>\n\t\t<div class=\"elementor-element elementor-element-6168492 e-flex e-con-boxed elementor-invisible e-con e-parent\" data-id=\"6168492\" data-element_type=\"container\" data-e-type=\"container\" data-settings=\"{&quot;animation&quot;:&quot;fadeIn&quot;}\">\n\t\t\t\t\t<div class=\"e-con-inner\">\n\t\t\t\t<div class=\"elementor-element elementor-element-c247bb8 elementor-widget__width-initial elementor-widget elementor-widget-shortcode\" data-id=\"c247bb8\" data-element_type=\"widget\" data-e-type=\"widget\" data-widget_type=\"shortcode.default\">\n\t\t\t\t\t\t\t<div class=\"elementor-shortcode\"><style>#sp-ea-13416 .spcollapsing { height: 0; overflow: hidden; transition-property: height;transition-duration: 300ms;}#sp-ea-13416.sp-easy-accordion>.sp-ea-single {margin-bottom: 10px; border: 1px solid #f6f3f0; }#sp-ea-13416.sp-easy-accordion>.sp-ea-single>.ea-header a {color: #444;}#sp-ea-13416.sp-easy-accordion>.sp-ea-single>.sp-collapse>.ea-body {background: #fff; color: #444;}#sp-ea-13416.sp-easy-accordion>.sp-ea-single {background: #f6f3f0;}#sp-ea-13416.sp-easy-accordion>.sp-ea-single>.ea-header a .ea-expand-icon { float: right; color: #444;font-size: 16px;}#sp-ea-13416.sp-easy-accordion>.sp-ea-single>.ea-header a .ea-expand-icon {margin-right: 0;}<\/style><div id=\"sp_easy_accordion-1767006546\"><div id=\"sp-ea-13416\" class=\"sp-ea-one sp-easy-accordion\" data-ea-active=\"ea-click\" data-ea-mode=\"vertical\" data-preloader=\"\" data-scroll-active-item=\"\" data-offset-to-scroll=\"0\"><div class=\"ea-card ea-expand sp-ea-single\"><h3 class=\"ea-header\"><a class=\"collapsed\" id=\"ea-header-134160\" role=\"button\" data-sptoggle=\"spcollapse\" data-sptarget=\"#collapse134160\" aria-controls=\"collapse134160\" href=\"#\" aria-expanded=\"true\" tabindex=\"0\"><i aria-hidden=\"true\" role=\"presentation\" class=\"ea-expand-icon eap-icon-ea-expand-minus\"><\/i> Wo finde ich meinen Versandcode?<\/a><\/h3><div class=\"sp-collapse spcollapse collapsed show\" id=\"collapse134160\" data-parent=\"#sp-ea-13416\" role=\"region\" aria-labelledby=\"ea-header-134160\"> <div class=\"ea-body\"><p>Sobald Ihre Bestellung versandt wurde, erhalten Sie per E-Mail eine Sendungsverfolgungsnummer. Der Tracking-Code wird in der Regel innerhalb von 1\u20133 Werktagen versandt. Bitte beachten Sie, dass es mehrere Werktage dauern kann, bis der Tracking-Code aktiv wird.<\/p><\/div><\/div><\/div><div class=\"ea-card sp-ea-single\"><h3 class=\"ea-header\"><a class=\"collapsed\" id=\"ea-header-134161\" role=\"button\" data-sptoggle=\"spcollapse\" data-sptarget=\"#collapse134161\" aria-controls=\"collapse134161\" href=\"#\" aria-expanded=\"false\" tabindex=\"0\"><i aria-hidden=\"true\" role=\"presentation\" class=\"ea-expand-icon eap-icon-ea-expand-plus\"><\/i> Wie kann ich \u00fcberpr\u00fcfen, wo sich meine Bestellung befindet?<\/a><\/h3><div class=\"sp-collapse spcollapse \" id=\"collapse134161\" data-parent=\"#sp-ea-13416\" role=\"region\" aria-labelledby=\"ea-header-134161\"> <div class=\"ea-body\"><p>Verwenden Sie den Tracking-Code, den Sie per E-Mail erhalten haben, um den Status Ihrer Bestellung zu verfolgen. Geben Sie die Tracking-Nummer auf der Tracking-Website <a href=\"https:\/\/www.17track.net\">17track<\/a> ein, um den Status der Sendung zu \u00fcberpr\u00fcfen. Wenn angezeigt wird, dass keine Informationen zur Sendung vorliegen, w\u00e4hlen Sie bitte YunExpress als Versanddienstleister aus.<\/p><p>Der Tracking-Code wird mit der E-Mail zur Bestellbest\u00e4tigung versandt, die Sie innerhalb von 1\u20133 Werktagen nach der ersten Bestellung erhalten sollten. Wenn Sie nach 1\u20133 Tagen noch keine Tracking-Nummer haben, kontaktieren Sie uns bitte.<\/p><\/div><\/div><\/div><div class=\"ea-card sp-ea-single\"><h3 class=\"ea-header\"><a class=\"collapsed\" id=\"ea-header-134162\" role=\"button\" data-sptoggle=\"spcollapse\" data-sptarget=\"#collapse134162\" aria-controls=\"collapse134162\" href=\"#\" aria-expanded=\"false\" tabindex=\"0\"><i aria-hidden=\"true\" role=\"presentation\" class=\"ea-expand-icon eap-icon-ea-expand-plus\"><\/i> Was passiert, wenn ich mit meiner Bestellung nicht zufrieden bin?<\/a><\/h3><div class=\"sp-collapse spcollapse \" id=\"collapse134162\" data-parent=\"#sp-ea-13416\" role=\"region\" aria-labelledby=\"ea-header-134162\"> <div class=\"ea-body\"><p>Wenn Sie mit Ihrer Bestellung nicht zufrieden sind, kontaktieren Sie uns bitte unter info@deravio.com. Bitte beschreiben Sie Ihr Problem so detailliert wie m\u00f6glich und f\u00fcgen Sie ein Foto oder Video bei. Nachdem wir das Problem mit dem bestellten Produkt gepr\u00fcft haben, werden wir versuchen, Ihnen so schnell wie m\u00f6glich zu antworten und eine einvernehmliche L\u00f6sung zu finden.<\/p><p>Dar\u00fcber hinaus kann jede Bestellung innerhalb von 14 Werktagen erstattet werden. Weitere Informationen finden Sie unter <a href=\"https:\/\/deravio.com\/de\/versand-ruecksendungen\/\">Versand und R\u00fccksendungen.<\/a><\/p><\/div><\/div><\/div><div class=\"ea-card sp-ea-single\"><h3 class=\"ea-header\"><a class=\"collapsed\" id=\"ea-header-134163\" role=\"button\" data-sptoggle=\"spcollapse\" data-sptarget=\"#collapse134163\" aria-controls=\"collapse134163\" href=\"#\" aria-expanded=\"false\" tabindex=\"0\"><i aria-hidden=\"true\" role=\"presentation\" class=\"ea-expand-icon eap-icon-ea-expand-plus\"><\/i> Sind meine Zahlungsdaten sicher?<\/a><\/h3><div class=\"sp-collapse spcollapse \" id=\"collapse134163\" data-parent=\"#sp-ea-13416\" role=\"region\" aria-labelledby=\"ea-header-134163\"> <div class=\"ea-body\"><p>Wir verwenden SSL-Verschl\u00fcsselung (Secure Socket Layer), die sicherstellt, dass Ihre Daten sicher zwischen Ihrem Browser und unseren Servern \u00fcbertragen werden. Dies bietet zus\u00e4tzlichen Schutz vor Datendiebstahl und gew\u00e4hrleistet, dass Ihre pers\u00f6nlichen Zahlungsdaten sicher sind.<\/p><\/div><\/div><\/div><div class=\"ea-card sp-ea-single\"><h3 class=\"ea-header\"><a class=\"collapsed\" id=\"ea-header-134164\" role=\"button\" data-sptoggle=\"spcollapse\" data-sptarget=\"#collapse134164\" aria-controls=\"collapse134164\" href=\"#\" aria-expanded=\"false\" tabindex=\"0\"><i aria-hidden=\"true\" role=\"presentation\" class=\"ea-expand-icon eap-icon-ea-expand-plus\"><\/i> Wie kann ich ein Produkt zur\u00fcckgeben?<\/a><\/h3><div class=\"sp-collapse spcollapse \" id=\"collapse134164\" data-parent=\"#sp-ea-13416\" role=\"region\" aria-labelledby=\"ea-header-134164\"> <div class=\"ea-body\"><p>Bitte kontaktieren Sie uns unter info@deravio.com f\u00fcr weitere Informationen zur R\u00fccksendung von Produkten. Alle Eink\u00e4ufe k\u00f6nnen innerhalb von 14 Werktagen ohne Angabe von Gr\u00fcnden zur\u00fcckgegeben werden. Kontaktieren Sie uns einfach und wir werden Ihnen alle notwendigen Informationen zur R\u00fccksendung des Pakets zukommen lassen.<\/p><p>Unsere R\u00fccksendeadresse lautet:<br \/>Vienyb\u0117s g. 5, \u0160ilal\u0117, LT-75129, Litauen<\/p><p>Weitere Informationen finden Sie unter <a href=\"https:\/\/deravio.com\/de\/versand-ruecksendungen\/\">Versand und R\u00fccksendungen.<\/a><\/p><\/div><\/div><\/div><div class=\"ea-card sp-ea-single\"><h3 class=\"ea-header\"><a class=\"collapsed\" id=\"ea-header-134165\" role=\"button\" data-sptoggle=\"spcollapse\" data-sptarget=\"#collapse134165\" aria-controls=\"collapse134165\" href=\"#\" aria-expanded=\"false\" tabindex=\"0\"><i aria-hidden=\"true\" role=\"presentation\" class=\"ea-expand-icon eap-icon-ea-expand-plus\"><\/i> Haben Sie keine Antwort auf Ihre Frage gefunden?<\/a><\/h3><div class=\"sp-collapse spcollapse \" id=\"collapse134165\" data-parent=\"#sp-ea-13416\" role=\"region\" aria-labelledby=\"ea-header-134165\"> <div class=\"ea-body\"><p>Wenn Sie noch Fragen haben oder weitere Informationen ben\u00f6tigen, wenden Sie sich bitte an info@deravio.com.<\/p><p>Unser Kundenservice-Team steht Ihnen jederzeit gerne zur Verf\u00fcgung und beantwortet Ihre Fragen. Wir beantworten Ihre Fragen innerhalb von 24 Stunden.<\/p><\/div><\/div><\/div><\/div><\/div><\/div>\n\t\t\t\t\t\t<\/div>\n\t\t\t\t\t<\/div>\n\t\t\t\t<\/div>\n\t\t\t\t<\/div>\n\t\t","protected":false},"excerpt":{"rendered":"<p>Kontaktieren Sie uns Wir melden uns innerhalb von 24 Stunden bei Ihnen. Please enable JavaScript in your browser to complete [&hellip;]<\/p>\n","protected":false},"author":1,"featured_media":0,"parent":0,"menu_order":0,"comment_status":"closed","ping_status":"closed","template":"","meta":{"site-sidebar-layout":"default","site-content-layout":"","ast-site-content-layout":"default","site-content-style":"default","site-sidebar-style":"default","ast-global-header-display":"","ast-banner-title-visibility":"","ast-main-header-display":"","ast-hfb-above-header-display":"","ast-hfb-below-header-display":"","ast-hfb-mobile-header-display":"","site-post-title":"disabled","ast-breadcrumbs-content":"","ast-featured-img":"","footer-sml-layout":"","theme-transparent-header-meta":"","adv-header-id-meta":"","stick-header-meta":"","header-above-stick-meta":"","header-main-stick-meta":"","header-below-stick-meta":"","astra-migrate-meta-layouts":"default","ast-page-background-enabled":"default","ast-page-background-meta":{"desktop":{"background-color":"var(--ast-global-color-5)","background-image":"","background-repeat":"repeat","background-position":"center center","background-size":"auto","background-attachment":"scroll","background-type":"","background-media":"","overlay-type":"","overlay-color":"","overlay-opacity":"","overlay-gradient":""},"tablet":{"background-color":"","background-image":"","background-repeat":"repeat","background-position":"center center","background-size":"auto","background-attachment":"scroll","background-type":"","background-media":"","overlay-type":"","overlay-color":"","overlay-opacity":"","overlay-gradient":""},"mobile":{"background-color":"","background-image":"","background-repeat":"repeat","background-position":"center center","background-size":"auto","background-attachment":"scroll","background-type":"","background-media":"","overlay-type":"","overlay-color":"","overlay-opacity":"","overlay-gradient":""}},"ast-content-background-meta":{"desktop":{"background-color":"var(--ast-global-color-4)","background-image":"","background-repeat":"repeat","background-position":"center center","background-size":"auto","background-attachment":"scroll","background-type":"","background-media":"","overlay-type":"","overlay-color":"","overlay-opacity":"","overlay-gradient":""},"tablet":{"background-color":"var(--ast-global-color-4)","background-image":"","background-repeat":"repeat","background-position":"center center","background-size":"auto","background-attachment":"scroll","background-type":"","background-media":"","overlay-type":"","overlay-color":"","overlay-opacity":"","overlay-gradient":""},"mobile":{"background-color":"var(--ast-global-color-4)","background-image":"","background-repeat":"repeat","background-position":"center center","background-size":"auto","background-attachment":"scroll","background-type":"","background-media":"","overlay-type":"","overlay-color":"","overlay-opacity":"","overlay-gradient":""}},"footnotes":""},"class_list":["post-584","page","type-page","status-publish","hentry"],"yoast_head":"<!-- This site is optimized with the Yoast SEO plugin v26.6 - https:\/\/yoast.com\/wordpress\/plugins\/seo\/ -->\n<title>Kontakt - Deravio DE<\/title>\n<meta name=\"robots\" content=\"index, follow, max-snippet:-1, max-image-preview:large, max-video-preview:-1\" \/>\n<link rel=\"canonical\" href=\"https:\/\/deravio.com\/de\/kontakt\/\" \/>\n<meta property=\"og:locale\" content=\"de_DE\" \/>\n<meta property=\"og:type\" content=\"article\" \/>\n<meta property=\"og:title\" content=\"Kontakt - Deravio DE\" \/>\n<meta property=\"og:description\" content=\"Kontaktieren Sie uns Wir melden uns innerhalb von 24 Stunden bei Ihnen. Please enable JavaScript in your browser to complete [&hellip;]\" \/>\n<meta property=\"og:url\" content=\"https:\/\/deravio.com\/de\/kontakt\/\" \/>\n<meta property=\"og:site_name\" content=\"Deravio DE\" \/>\n<meta property=\"article:modified_time\" content=\"2026-01-13T06:15:25+00:00\" \/>\n<meta property=\"og:image\" content=\"https:\/\/deravio.com\/de\/wp-content\/plugins\/wpforms-lite\/assets\/images\/submit-spin.svg\" \/>\n<meta name=\"twitter:card\" content=\"summary_large_image\" \/>\n<meta name=\"twitter:label1\" content=\"Gesch\u00e4tzte Lesezeit\" \/>\n\t<meta name=\"twitter:data1\" content=\"3\u00a0Minuten\" \/>\n<script type=\"application\/ld+json\" class=\"yoast-schema-graph\">{\"@context\":\"https:\/\/schema.org\",\"@graph\":[{\"@type\":\"WebPage\",\"@id\":\"https:\/\/deravio.com\/de\/kontakt\/\",\"url\":\"https:\/\/deravio.com\/de\/kontakt\/\",\"name\":\"Kontakt - Deravio DE\",\"isPartOf\":{\"@id\":\"https:\/\/deravio.com\/de\/#website\"},\"primaryImageOfPage\":{\"@id\":\"https:\/\/deravio.com\/de\/kontakt\/#primaryimage\"},\"image\":{\"@id\":\"https:\/\/deravio.com\/de\/kontakt\/#primaryimage\"},\"thumbnailUrl\":\"https:\/\/deravio.com\/de\/wp-content\/plugins\/wpforms-lite\/assets\/images\/submit-spin.svg\",\"datePublished\":\"2020-10-13T06:47:01+00:00\",\"dateModified\":\"2026-01-13T06:15:25+00:00\",\"breadcrumb\":{\"@id\":\"https:\/\/deravio.com\/de\/kontakt\/#breadcrumb\"},\"inLanguage\":\"de\",\"potentialAction\":[{\"@type\":\"ReadAction\",\"target\":[\"https:\/\/deravio.com\/de\/kontakt\/\"]}]},{\"@type\":\"ImageObject\",\"inLanguage\":\"de\",\"@id\":\"https:\/\/deravio.com\/de\/kontakt\/#primaryimage\",\"url\":\"https:\/\/deravio.com\/de\/wp-content\/plugins\/wpforms-lite\/assets\/images\/submit-spin.svg\",\"contentUrl\":\"https:\/\/deravio.com\/de\/wp-content\/plugins\/wpforms-lite\/assets\/images\/submit-spin.svg\"},{\"@type\":\"BreadcrumbList\",\"@id\":\"https:\/\/deravio.com\/de\/kontakt\/#breadcrumb\",\"itemListElement\":[{\"@type\":\"ListItem\",\"position\":1,\"name\":\"Home\",\"item\":\"https:\/\/deravio.com\/de\/\"},{\"@type\":\"ListItem\",\"position\":2,\"name\":\"Kontakt\"}]},{\"@type\":\"WebSite\",\"@id\":\"https:\/\/deravio.com\/de\/#website\",\"url\":\"https:\/\/deravio.com\/de\/\",\"name\":\"Deravio DE\",\"description\":\"\",\"publisher\":{\"@id\":\"https:\/\/deravio.com\/de\/#organization\"},\"potentialAction\":[{\"@type\":\"SearchAction\",\"target\":{\"@type\":\"EntryPoint\",\"urlTemplate\":\"https:\/\/deravio.com\/de\/?s={search_term_string}\"},\"query-input\":{\"@type\":\"PropertyValueSpecification\",\"valueRequired\":true,\"valueName\":\"search_term_string\"}}],\"inLanguage\":\"de\"},{\"@type\":\"Organization\",\"@id\":\"https:\/\/deravio.com\/de\/#organization\",\"name\":\"Mekulo\",\"url\":\"https:\/\/deravio.com\/de\/\",\"logo\":{\"@type\":\"ImageObject\",\"inLanguage\":\"de\",\"@id\":\"https:\/\/deravio.com\/de\/#\/schema\/logo\/image\/\",\"url\":\"https:\/\/deravio.com\/de\/wp-content\/uploads\/sites\/21\/2025\/12\/favicon_mekulo.png\",\"contentUrl\":\"https:\/\/deravio.com\/de\/wp-content\/uploads\/sites\/21\/2025\/12\/favicon_mekulo.png\",\"width\":50,\"height\":50,\"caption\":\"Mekulo\"},\"image\":{\"@id\":\"https:\/\/deravio.com\/de\/#\/schema\/logo\/image\/\"}}]}<\/script>\n<!-- \/ Yoast SEO plugin. -->","yoast_head_json":{"title":"Kontakt - Deravio DE","robots":{"index":"index","follow":"follow","max-snippet":"max-snippet:-1","max-image-preview":"max-image-preview:large","max-video-preview":"max-video-preview:-1"},"canonical":"https:\/\/deravio.com\/de\/kontakt\/","og_locale":"de_DE","og_type":"article","og_title":"Kontakt - Deravio DE","og_description":"Kontaktieren Sie uns Wir melden uns innerhalb von 24 Stunden bei Ihnen. Please enable JavaScript in your browser to complete [&hellip;]","og_url":"https:\/\/deravio.com\/de\/kontakt\/","og_site_name":"Deravio DE","article_modified_time":"2026-01-13T06:15:25+00:00","og_image":[{"url":"https:\/\/deravio.com\/de\/wp-content\/plugins\/wpforms-lite\/assets\/images\/submit-spin.svg","type":"","width":"","height":""}],"twitter_card":"summary_large_image","twitter_misc":{"Gesch\u00e4tzte Lesezeit":"3\u00a0Minuten"},"schema":{"@context":"https:\/\/schema.org","@graph":[{"@type":"WebPage","@id":"https:\/\/deravio.com\/de\/kontakt\/","url":"https:\/\/deravio.com\/de\/kontakt\/","name":"Kontakt - Deravio DE","isPartOf":{"@id":"https:\/\/deravio.com\/de\/#website"},"primaryImageOfPage":{"@id":"https:\/\/deravio.com\/de\/kontakt\/#primaryimage"},"image":{"@id":"https:\/\/deravio.com\/de\/kontakt\/#primaryimage"},"thumbnailUrl":"https:\/\/deravio.com\/de\/wp-content\/plugins\/wpforms-lite\/assets\/images\/submit-spin.svg","datePublished":"2020-10-13T06:47:01+00:00","dateModified":"2026-01-13T06:15:25+00:00","breadcrumb":{"@id":"https:\/\/deravio.com\/de\/kontakt\/#breadcrumb"},"inLanguage":"de","potentialAction":[{"@type":"ReadAction","target":["https:\/\/deravio.com\/de\/kontakt\/"]}]},{"@type":"ImageObject","inLanguage":"de","@id":"https:\/\/deravio.com\/de\/kontakt\/#primaryimage","url":"https:\/\/deravio.com\/de\/wp-content\/plugins\/wpforms-lite\/assets\/images\/submit-spin.svg","contentUrl":"https:\/\/deravio.com\/de\/wp-content\/plugins\/wpforms-lite\/assets\/images\/submit-spin.svg"},{"@type":"BreadcrumbList","@id":"https:\/\/deravio.com\/de\/kontakt\/#breadcrumb","itemListElement":[{"@type":"ListItem","position":1,"name":"Home","item":"https:\/\/deravio.com\/de\/"},{"@type":"ListItem","position":2,"name":"Kontakt"}]},{"@type":"WebSite","@id":"https:\/\/deravio.com\/de\/#website","url":"https:\/\/deravio.com\/de\/","name":"Deravio DE","description":"","publisher":{"@id":"https:\/\/deravio.com\/de\/#organization"},"potentialAction":[{"@type":"SearchAction","target":{"@type":"EntryPoint","urlTemplate":"https:\/\/deravio.com\/de\/?s={search_term_string}"},"query-input":{"@type":"PropertyValueSpecification","valueRequired":true,"valueName":"search_term_string"}}],"inLanguage":"de"},{"@type":"Organization","@id":"https:\/\/deravio.com\/de\/#organization","name":"Mekulo","url":"https:\/\/deravio.com\/de\/","logo":{"@type":"ImageObject","inLanguage":"de","@id":"https:\/\/deravio.com\/de\/#\/schema\/logo\/image\/","url":"https:\/\/deravio.com\/de\/wp-content\/uploads\/sites\/21\/2025\/12\/favicon_mekulo.png","contentUrl":"https:\/\/deravio.com\/de\/wp-content\/uploads\/sites\/21\/2025\/12\/favicon_mekulo.png","width":50,"height":50,"caption":"Mekulo"},"image":{"@id":"https:\/\/deravio.com\/de\/#\/schema\/logo\/image\/"}}]}},"_links":{"self":[{"href":"https:\/\/deravio.com\/de\/wp-json\/wp\/v2\/pages\/584","targetHints":{"allow":["GET"]}}],"collection":[{"href":"https:\/\/deravio.com\/de\/wp-json\/wp\/v2\/pages"}],"about":[{"href":"https:\/\/deravio.com\/de\/wp-json\/wp\/v2\/types\/page"}],"author":[{"embeddable":true,"href":"https:\/\/deravio.com\/de\/wp-json\/wp\/v2\/users\/1"}],"replies":[{"embeddable":true,"href":"https:\/\/deravio.com\/de\/wp-json\/wp\/v2\/comments?post=584"}],"version-history":[{"count":82,"href":"https:\/\/deravio.com\/de\/wp-json\/wp\/v2\/pages\/584\/revisions"}],"predecessor-version":[{"id":19323,"href":"https:\/\/deravio.com\/de\/wp-json\/wp\/v2\/pages\/584\/revisions\/19323"}],"wp:attachment":[{"href":"https:\/\/deravio.com\/de\/wp-json\/wp\/v2\/media?parent=584"}],"curies":[{"name":"wp","href":"https:\/\/api.w.org\/{rel}","templated":true}]}}