{"id":546,"date":"2020-10-13T02:48:45","date_gmt":"2020-10-13T02:48:45","guid":{"rendered":"http:\/\/localhost\/razzi\/?page_id=546"},"modified":"2026-04-17T15:59:22","modified_gmt":"2026-04-17T12:59:22","slug":"versand-ruecksendungen","status":"publish","type":"page","link":"https:\/\/deravio.com\/de\/versand-ruecksendungen\/","title":{"rendered":"Versand &#038; R\u00fccksendungen"},"content":{"rendered":"\t\t<div data-elementor-type=\"wp-page\" data-elementor-id=\"546\" class=\"elementor elementor-546\" data-elementor-post-type=\"page\">\n\t\t\t\t<div class=\"elementor-element elementor-element-a937d85 e-flex e-con-boxed e-con e-parent\" data-id=\"a937d85\" data-element_type=\"container\" data-e-type=\"container\">\n\t\t\t\t\t<div class=\"e-con-inner\">\n\t\t\t\t<div class=\"elementor-element elementor-element-3962e41 elementor-widget elementor-widget-heading\" data-id=\"3962e41\" data-element_type=\"widget\" data-e-type=\"widget\" data-widget_type=\"heading.default\">\n\t\t\t\t\t<h2 class=\"elementor-heading-title elementor-size-default\">Versandinformationen<\/h2>\t\t\t\t<\/div>\n\t\t\t\t<div class=\"elementor-element elementor-element-62b522a elementor-widget elementor-widget-text-editor\" data-id=\"62b522a\" data-element_type=\"widget\" data-e-type=\"widget\" data-widget_type=\"text-editor.default\">\n\t\t\t\t\t\t\t\t\t<h3 data-start=\"128\" data-end=\"144\">Versandarten<\/h3><h4 data-start=\"146\" data-end=\"176\">Standard Premium Versand<\/h4><p data-start=\"177\" data-end=\"244\">F\u00fcr alle Lieferungen innerhalb Deutschlands und \u00d6sterreichs: 3,80 \u20ac<\/p><h4 data-start=\"246\" data-end=\"279\">Kostenloser Premium Versand<\/h4><p data-start=\"280\" data-end=\"371\">Kostenloser Versand f\u00fcr alle Bestellungen \u00fcber 35 \u20ac innerhalb Deutschlands und \u00d6sterreichs.<\/p><h4 data-start=\"378\" data-end=\"396\">Versandgebiete<\/h4><p data-start=\"398\" data-end=\"578\">Derzeit liefern wir ausschlie\u00dflich nach Deutschland und \u00d6sterreich.<br data-start=\"465\" data-end=\"468\" \/>Wir arbeiten daran, unser Sortiment zu erweitern, um k\u00fcnftig Lieferungen in die gesamte EU anbieten zu k\u00f6nnen.<\/p><p data-start=\"580\" data-end=\"769\"><strong data-start=\"580\" data-end=\"589\">Tipp:<\/strong> Es gibt verschiedene Online-Dienste, mit denen Sie Pakete beispielsweise von Deutschland in die Schweiz weiterleiten lassen k\u00f6nnen. Unser Support-Team unterst\u00fctzt Sie dabei gerne.<\/p><h4 data-start=\"776\" data-end=\"818\">Lieferzeiten und weitere Informationen<\/h4><p data-start=\"820\" data-end=\"1155\">Alle Bestellungen werden innerhalb von 1\u20132 Werktagen bearbeitet.<br data-start=\"884\" data-end=\"887\" \/>Die \u00fcbliche Lieferzeit betr\u00e4gt 7\u201310 Werktage. Je nach Standort kann Ihre Bestellung auch fr\u00fcher bei Ihnen eintreffen. Bitte beachten Sie stets die Angaben in der jeweiligen Produktbeschreibung, da es bei einzelnen Artikeln derzeit zu l\u00e4ngeren Lieferzeiten kommen kann.<\/p><p data-start=\"1157\" data-end=\"1542\">Wir arbeiten eng mit unseren Versanddienstleistern zusammen und bem\u00fchen uns, alle Pakete innerhalb der angegebenen Lieferzeit zuzustellen. Bitte beachten Sie jedoch, dass wir keine Verantwortung f\u00fcr Verz\u00f6gerungen \u00fcbernehmen k\u00f6nnen, die durch Wetterbedingungen, falsche Adressangaben, Probleme beim Versanddienstleister oder andere Umst\u00e4nde au\u00dferhalb unseres Einflussbereichs entstehen.<\/p><p data-start=\"1544\" data-end=\"1852\">Sollte ein Paket verloren gehen, fehlen oder die Zustellung anhand der Sendungsverfolgung nicht best\u00e4tigt werden k\u00f6nnen, veranlassen wir einen erneuten Versand der Bestellung.<br data-start=\"1719\" data-end=\"1722\" \/>Pakete, deren Zustellung vom Versanddienstleister best\u00e4tigt wurde, werden gepr\u00fcft und sind bis zur Kl\u00e4rung nicht erstattungsf\u00e4hig.<\/p><p data-start=\"1854\" data-end=\"2016\">Wenn Ihre Bestellung nicht ankommt oder besch\u00e4digt bei Ihnen eintrifft, kontaktieren Sie uns bitte unter <strong data-start=\"1959\" data-end=\"1979\"><a class=\"decorated-link cursor-pointer\" rel=\"noopener\" data-start=\"1961\" data-end=\"1977\">info@deravio.com<\/a><\/strong> und geben Sie Ihre Bestellnummer an.<\/p>\t\t\t\t\t\t\t\t<\/div>\n\t\t\t\t\t<\/div>\n\t\t\t\t<\/div>\n\t\t\t\t<\/div>\n\t\t","protected":false},"excerpt":{"rendered":"<p>Versandinformationen Versandarten Standard Premium Versand F\u00fcr alle Lieferungen innerhalb Deutschlands und \u00d6sterreichs: 3,80 \u20ac Kostenloser Premium Versand Kostenloser Versand f\u00fcr [&hellip;]<\/p>\n","protected":false},"author":1,"featured_media":0,"parent":0,"menu_order":0,"comment_status":"closed","ping_status":"closed","template":"","meta":{"site-sidebar-layout":"default","site-content-layout":"","ast-site-content-layout":"default","site-content-style":"default","site-sidebar-style":"default","ast-global-header-display":"","ast-banner-title-visibility":"","ast-main-header-display":"","ast-hfb-above-header-display":"","ast-hfb-below-header-display":"","ast-hfb-mobile-header-display":"","site-post-title":"disabled","ast-breadcrumbs-content":"","ast-featured-img":"","footer-sml-layout":"","theme-transparent-header-meta":"","adv-header-id-meta":"","stick-header-meta":"","header-above-stick-meta":"","header-main-stick-meta":"","header-below-stick-meta":"","astra-migrate-meta-layouts":"default","ast-page-background-enabled":"default","ast-page-background-meta":{"desktop":{"background-color":"var(--ast-global-color-5)","background-image":"","background-repeat":"repeat","background-position":"center center","background-size":"auto","background-attachment":"scroll","background-type":"","background-media":"","overlay-type":"","overlay-color":"","overlay-opacity":"","overlay-gradient":""},"tablet":{"background-color":"","background-image":"","background-repeat":"repeat","background-position":"center center","background-size":"auto","background-attachment":"scroll","background-type":"","background-media":"","overlay-type":"","overlay-color":"","overlay-opacity":"","overlay-gradient":""},"mobile":{"background-color":"","background-image":"","background-repeat":"repeat","background-position":"center center","background-size":"auto","background-attachment":"scroll","background-type":"","background-media":"","overlay-type":"","overlay-color":"","overlay-opacity":"","overlay-gradient":""}},"ast-content-background-meta":{"desktop":{"background-color":"var(--ast-global-color-4)","background-image":"","background-repeat":"repeat","background-position":"center center","background-size":"auto","background-attachment":"scroll","background-type":"","background-media":"","overlay-type":"","overlay-color":"","overlay-opacity":"","overlay-gradient":""},"tablet":{"background-color":"var(--ast-global-color-4)","background-image":"","background-repeat":"repeat","background-position":"center center","background-size":"auto","background-attachment":"scroll","background-type":"","background-media":"","overlay-type":"","overlay-color":"","overlay-opacity":"","overlay-gradient":""},"mobile":{"background-color":"var(--ast-global-color-4)","background-image":"","background-repeat":"repeat","background-position":"center center","background-size":"auto","background-attachment":"scroll","background-type":"","background-media":"","overlay-type":"","overlay-color":"","overlay-opacity":"","overlay-gradient":""}},"footnotes":""},"class_list":["post-546","page","type-page","status-publish","hentry"],"yoast_head":"<!-- This site is optimized with the Yoast SEO plugin v26.6 - https:\/\/yoast.com\/wordpress\/plugins\/seo\/ -->\n<title>Versand &amp; R\u00fccksendungen - Deravio DE<\/title>\n<meta name=\"robots\" content=\"index, follow, max-snippet:-1, max-image-preview:large, max-video-preview:-1\" \/>\n<link rel=\"canonical\" href=\"https:\/\/deravio.com\/de\/versand-ruecksendungen\/\" \/>\n<meta property=\"og:locale\" content=\"de_DE\" \/>\n<meta property=\"og:type\" content=\"article\" \/>\n<meta property=\"og:title\" content=\"Versand &amp; R\u00fccksendungen - Deravio DE\" \/>\n<meta property=\"og:description\" content=\"Versandinformationen Versandarten Standard Premium Versand F\u00fcr alle Lieferungen innerhalb Deutschlands und \u00d6sterreichs: 3,80 \u20ac Kostenloser Premium Versand Kostenloser Versand f\u00fcr [&hellip;]\" \/>\n<meta property=\"og:url\" content=\"https:\/\/deravio.com\/de\/versand-ruecksendungen\/\" \/>\n<meta property=\"og:site_name\" content=\"Deravio DE\" \/>\n<meta property=\"article:modified_time\" content=\"2026-04-17T12:59:22+00:00\" \/>\n<meta name=\"twitter:card\" content=\"summary_large_image\" \/>\n<meta name=\"twitter:label1\" content=\"Gesch\u00e4tzte Lesezeit\" \/>\n\t<meta name=\"twitter:data1\" content=\"2\u00a0Minuten\" \/>\n<script type=\"application\/ld+json\" class=\"yoast-schema-graph\">{\"@context\":\"https:\/\/schema.org\",\"@graph\":[{\"@type\":\"WebPage\",\"@id\":\"https:\/\/deravio.com\/de\/versand-ruecksendungen\/\",\"url\":\"https:\/\/deravio.com\/de\/versand-ruecksendungen\/\",\"name\":\"Versand & R\u00fccksendungen - Deravio DE\",\"isPartOf\":{\"@id\":\"https:\/\/deravio.com\/de\/#website\"},\"datePublished\":\"2020-10-13T02:48:45+00:00\",\"dateModified\":\"2026-04-17T12:59:22+00:00\",\"breadcrumb\":{\"@id\":\"https:\/\/deravio.com\/de\/versand-ruecksendungen\/#breadcrumb\"},\"inLanguage\":\"de\",\"potentialAction\":[{\"@type\":\"ReadAction\",\"target\":[\"https:\/\/deravio.com\/de\/versand-ruecksendungen\/\"]}]},{\"@type\":\"BreadcrumbList\",\"@id\":\"https:\/\/deravio.com\/de\/versand-ruecksendungen\/#breadcrumb\",\"itemListElement\":[{\"@type\":\"ListItem\",\"position\":1,\"name\":\"Home\",\"item\":\"https:\/\/deravio.com\/de\/\"},{\"@type\":\"ListItem\",\"position\":2,\"name\":\"Versand &#038; R\u00fccksendungen\"}]},{\"@type\":\"WebSite\",\"@id\":\"https:\/\/deravio.com\/de\/#website\",\"url\":\"https:\/\/deravio.com\/de\/\",\"name\":\"Deravio DE\",\"description\":\"\",\"publisher\":{\"@id\":\"https:\/\/deravio.com\/de\/#organization\"},\"potentialAction\":[{\"@type\":\"SearchAction\",\"target\":{\"@type\":\"EntryPoint\",\"urlTemplate\":\"https:\/\/deravio.com\/de\/?s={search_term_string}\"},\"query-input\":{\"@type\":\"PropertyValueSpecification\",\"valueRequired\":true,\"valueName\":\"search_term_string\"}}],\"inLanguage\":\"de\"},{\"@type\":\"Organization\",\"@id\":\"https:\/\/deravio.com\/de\/#organization\",\"name\":\"Mekulo\",\"url\":\"https:\/\/deravio.com\/de\/\",\"logo\":{\"@type\":\"ImageObject\",\"inLanguage\":\"de\",\"@id\":\"https:\/\/deravio.com\/de\/#\/schema\/logo\/image\/\",\"url\":\"https:\/\/deravio.com\/de\/wp-content\/uploads\/sites\/21\/2025\/12\/favicon_mekulo.png\",\"contentUrl\":\"https:\/\/deravio.com\/de\/wp-content\/uploads\/sites\/21\/2025\/12\/favicon_mekulo.png\",\"width\":50,\"height\":50,\"caption\":\"Mekulo\"},\"image\":{\"@id\":\"https:\/\/deravio.com\/de\/#\/schema\/logo\/image\/\"}}]}<\/script>\n<!-- \/ Yoast SEO plugin. -->","yoast_head_json":{"title":"Versand & R\u00fccksendungen - Deravio DE","robots":{"index":"index","follow":"follow","max-snippet":"max-snippet:-1","max-image-preview":"max-image-preview:large","max-video-preview":"max-video-preview:-1"},"canonical":"https:\/\/deravio.com\/de\/versand-ruecksendungen\/","og_locale":"de_DE","og_type":"article","og_title":"Versand & R\u00fccksendungen - Deravio DE","og_description":"Versandinformationen Versandarten Standard Premium Versand F\u00fcr alle Lieferungen innerhalb Deutschlands und \u00d6sterreichs: 3,80 \u20ac Kostenloser Premium Versand Kostenloser Versand f\u00fcr [&hellip;]","og_url":"https:\/\/deravio.com\/de\/versand-ruecksendungen\/","og_site_name":"Deravio DE","article_modified_time":"2026-04-17T12:59:22+00:00","twitter_card":"summary_large_image","twitter_misc":{"Gesch\u00e4tzte Lesezeit":"2\u00a0Minuten"},"schema":{"@context":"https:\/\/schema.org","@graph":[{"@type":"WebPage","@id":"https:\/\/deravio.com\/de\/versand-ruecksendungen\/","url":"https:\/\/deravio.com\/de\/versand-ruecksendungen\/","name":"Versand & R\u00fccksendungen - Deravio DE","isPartOf":{"@id":"https:\/\/deravio.com\/de\/#website"},"datePublished":"2020-10-13T02:48:45+00:00","dateModified":"2026-04-17T12:59:22+00:00","breadcrumb":{"@id":"https:\/\/deravio.com\/de\/versand-ruecksendungen\/#breadcrumb"},"inLanguage":"de","potentialAction":[{"@type":"ReadAction","target":["https:\/\/deravio.com\/de\/versand-ruecksendungen\/"]}]},{"@type":"BreadcrumbList","@id":"https:\/\/deravio.com\/de\/versand-ruecksendungen\/#breadcrumb","itemListElement":[{"@type":"ListItem","position":1,"name":"Home","item":"https:\/\/deravio.com\/de\/"},{"@type":"ListItem","position":2,"name":"Versand &#038; R\u00fccksendungen"}]},{"@type":"WebSite","@id":"https:\/\/deravio.com\/de\/#website","url":"https:\/\/deravio.com\/de\/","name":"Deravio DE","description":"","publisher":{"@id":"https:\/\/deravio.com\/de\/#organization"},"potentialAction":[{"@type":"SearchAction","target":{"@type":"EntryPoint","urlTemplate":"https:\/\/deravio.com\/de\/?s={search_term_string}"},"query-input":{"@type":"PropertyValueSpecification","valueRequired":true,"valueName":"search_term_string"}}],"inLanguage":"de"},{"@type":"Organization","@id":"https:\/\/deravio.com\/de\/#organization","name":"Mekulo","url":"https:\/\/deravio.com\/de\/","logo":{"@type":"ImageObject","inLanguage":"de","@id":"https:\/\/deravio.com\/de\/#\/schema\/logo\/image\/","url":"https:\/\/deravio.com\/de\/wp-content\/uploads\/sites\/21\/2025\/12\/favicon_mekulo.png","contentUrl":"https:\/\/deravio.com\/de\/wp-content\/uploads\/sites\/21\/2025\/12\/favicon_mekulo.png","width":50,"height":50,"caption":"Mekulo"},"image":{"@id":"https:\/\/deravio.com\/de\/#\/schema\/logo\/image\/"}}]}},"_links":{"self":[{"href":"https:\/\/deravio.com\/de\/wp-json\/wp\/v2\/pages\/546","targetHints":{"allow":["GET"]}}],"collection":[{"href":"https:\/\/deravio.com\/de\/wp-json\/wp\/v2\/pages"}],"about":[{"href":"https:\/\/deravio.com\/de\/wp-json\/wp\/v2\/types\/page"}],"author":[{"embeddable":true,"href":"https:\/\/deravio.com\/de\/wp-json\/wp\/v2\/users\/1"}],"replies":[{"embeddable":true,"href":"https:\/\/deravio.com\/de\/wp-json\/wp\/v2\/comments?post=546"}],"version-history":[{"count":21,"href":"https:\/\/deravio.com\/de\/wp-json\/wp\/v2\/pages\/546\/revisions"}],"predecessor-version":[{"id":21853,"href":"https:\/\/deravio.com\/de\/wp-json\/wp\/v2\/pages\/546\/revisions\/21853"}],"wp:attachment":[{"href":"https:\/\/deravio.com\/de\/wp-json\/wp\/v2\/media?parent=546"}],"curies":[{"name":"wp","href":"https:\/\/api.w.org\/{rel}","templated":true}]}}