{"id":12648,"date":"2025-12-05T15:20:08","date_gmt":"2025-12-05T15:20:08","guid":{"rendered":"https:\/\/senbera.com\/de\/?page_id=12648"},"modified":"2026-04-17T16:00:04","modified_gmt":"2026-04-17T13:00:04","slug":"datenschutzerklaerung","status":"publish","type":"page","link":"https:\/\/deravio.com\/de\/datenschutzerklaerung\/","title":{"rendered":"Datenschutzerkl\u00e4rung"},"content":{"rendered":"\t\t<div data-elementor-type=\"wp-page\" data-elementor-id=\"12648\" class=\"elementor elementor-12648\" data-elementor-post-type=\"page\">\n\t\t\t\t<div class=\"elementor-element elementor-element-2bbf2b52 e-flex e-con-boxed e-con e-parent\" data-id=\"2bbf2b52\" data-element_type=\"container\" data-e-type=\"container\">\n\t\t\t\t\t<div class=\"e-con-inner\">\n\t\t\t\t<div class=\"elementor-element elementor-element-222a89e1 elementor-widget elementor-widget-text-editor\" data-id=\"222a89e1\" data-element_type=\"widget\" data-e-type=\"widget\" data-widget_type=\"text-editor.default\">\n\t\t\t\t\t\t\t\t\t\n<p data-start=\"148\" data-end=\"173\"><strong data-start=\"148\" data-end=\"173\">G\u00fcltig ab: 12.12.2025<\/strong><\/p>\n<p data-start=\"175\" data-end=\"468\">Axenta LTD (\u201ewir\u201c, \u201euns\u201c oder \u201eunser\u201c) respektiert Ihre Privatsph\u00e4re und verpflichtet sich zum Schutz Ihrer personenbezogenen Daten. Diese Datenschutzerkl\u00e4rung erl\u00e4utert, wie wir Ihre Daten erfassen, verwenden, weitergeben und sch\u00fctzen, wenn Sie deravio.com besuchen oder dort Eink\u00e4ufe t\u00e4tigen.<\/p>\n<p data-start=\"470\" data-end=\"621\">Durch die Nutzung unserer Website oder den Kauf bei uns erkl\u00e4ren Sie sich mit den in dieser Datenschutzerkl\u00e4rung beschriebenen Praktiken einverstanden.<\/p>\n<hr data-start=\"623\" data-end=\"626\" \/>\n<h3 data-start=\"628\" data-end=\"649\">1. Erhobene Daten<\/h3>\n<p data-start=\"651\" data-end=\"710\">Wir erheben folgende personenbezogene Daten unserer Nutzer:<\/p>\n<p data-start=\"712\" data-end=\"797\"><strong data-start=\"712\" data-end=\"744\">Identit\u00e4ts- und Kontaktdaten<\/strong><br data-start=\"744\" data-end=\"747\" \/>Name, E-Mail-Adresse, Telefonnummer, Lieferadresse<\/p>\n<p data-start=\"799\" data-end=\"923\"><strong data-start=\"799\" data-end=\"816\">Zahlungsdaten<\/strong><br data-start=\"816\" data-end=\"819\" \/>Zahlungskarten- oder andere Zahlungsinformationen, die zur Abwicklung von Bestellungen erforderlich sind<\/p>\n<p data-start=\"925\" data-end=\"979\"><strong data-start=\"925\" data-end=\"945\">Technische Daten<\/strong><br data-start=\"945\" data-end=\"948\" \/>IP-Adresse, Ger\u00e4teinformationen<\/p>\n<p data-start=\"981\" data-end=\"1081\"><strong data-start=\"981\" data-end=\"1012\">Analyse- und Tracking-Daten<\/strong><br data-start=\"1012\" data-end=\"1015\" \/>Daten, die \u00fcber Analysetools und den Facebook Pixel erhoben werden<\/p>\n<p data-start=\"1083\" data-end=\"1184\"><strong data-start=\"1083\" data-end=\"1094\">Cookies<\/strong><br data-start=\"1094\" data-end=\"1097\" \/>Cookies, die f\u00fcr die Funktionalit\u00e4t der Website und f\u00fcr Analysezwecke erforderlich sind<\/p>\n<p data-start=\"1186\" data-end=\"1248\">Wir verwenden keine Cookies f\u00fcr Retargeting- oder Werbezwecke.<\/p>\n<hr data-start=\"1250\" data-end=\"1253\" \/>\n<h3 data-start=\"1255\" data-end=\"1289\">2. Zweck der Datenverarbeitung<\/h3>\n<p data-start=\"1291\" data-end=\"1357\">Wir verarbeiten Ihre personenbezogenen Daten zu folgenden Zwecken:<\/p>\n<p data-start=\"1359\" data-end=\"1479\"><strong data-start=\"1359\" data-end=\"1394\">Bestellabwicklung und Lieferung<\/strong><br data-start=\"1394\" data-end=\"1397\" \/>Zur Bearbeitung Ihrer Bestellung, Verwaltung von Auftr\u00e4gen und Lieferung von Waren<\/p>\n<p data-start=\"1481\" data-end=\"1555\"><strong data-start=\"1481\" data-end=\"1498\">Kundensupport<\/strong><br data-start=\"1498\" data-end=\"1501\" \/>Zur Beantwortung von Anfragen und L\u00f6sung von Problemen<\/p>\n<p data-start=\"1557\" data-end=\"1653\"><strong data-start=\"1557\" data-end=\"1593\">Betrugspr\u00e4vention und Sicherheit<\/strong><br data-start=\"1593\" data-end=\"1596\" \/>Zur Erkennung und Verhinderung betr\u00fcgerischer Aktivit\u00e4ten<\/p>\n<p data-start=\"1655\" data-end=\"1783\"><strong data-start=\"1655\" data-end=\"1679\">Marketing (optional)<\/strong><br data-start=\"1679\" data-end=\"1682\" \/>Zum Versand von Newslettern oder Werbemitteilungen, sofern Sie hierzu Ihre Einwilligung erteilt haben<\/p>\n<p data-start=\"1785\" data-end=\"1923\"><strong data-start=\"1785\" data-end=\"1820\">Analyse und Website-Optimierung<\/strong><br data-start=\"1820\" data-end=\"1823\" \/>Zur Analyse des Website-Traffics, Verbesserung unserer Dienstleistungen und \u00dcberwachung der Leistung<\/p>\n<hr data-start=\"1925\" data-end=\"1928\" \/>\n<h3 data-start=\"1930\" data-end=\"1978\">3. Rechtsgrundlagen der Verarbeitung (DSGVO)<\/h3>\n<p data-start=\"1980\" data-end=\"2066\">Die Verarbeitung Ihrer personenbezogenen Daten erfolgt auf folgenden Rechtsgrundlagen:<\/p>\n<p data-start=\"2068\" data-end=\"2186\"><strong data-start=\"2068\" data-end=\"2089\">Vertragserf\u00fcllung<\/strong><br data-start=\"2089\" data-end=\"2092\" \/>Erforderlich zur Abwicklung Ihrer Bestellungen und zur Bereitstellung unserer Dienstleistungen<\/p>\n<p data-start=\"2188\" data-end=\"2272\"><strong data-start=\"2188\" data-end=\"2204\">Einwilligung<\/strong><br data-start=\"2204\" data-end=\"2207\" \/>Sofern Sie dem Erhalt von Marketingkommunikation zugestimmt haben<\/p>\n<p data-start=\"2274\" data-end=\"2366\"><strong data-start=\"2274\" data-end=\"2300\">Berechtigte Interessen<\/strong><br data-start=\"2300\" data-end=\"2303\" \/>Betrugspr\u00e4vention, Analyse, Website-Verbesserung und Sicherheit<\/p>\n<p data-start=\"2368\" data-end=\"2479\"><strong data-start=\"2368\" data-end=\"2396\">Rechtliche Verpflichtung<\/strong><br data-start=\"2396\" data-end=\"2399\" \/>Aufbewahrung von Daten zu Buchhaltungs- und Steuerzwecken gem\u00e4\u00df estnischem Recht<\/p>\n<hr data-start=\"2481\" data-end=\"2484\" \/>\n<h3 data-start=\"2486\" data-end=\"2513\">4. Weitergabe von Daten<\/h3>\n<p data-start=\"2515\" data-end=\"2645\">Wir geben Ihre personenbezogenen Daten nur an Dritte weiter, soweit dies zur Erbringung unserer Dienstleistungen erforderlich ist:<\/p>\n<p data-start=\"2647\" data-end=\"2733\"><strong data-start=\"2647\" data-end=\"2687\">Versanddienstleister und Lieferanten<\/strong><br data-start=\"2687\" data-end=\"2690\" \/>Zur Abwicklung von Bestellungen und Versand<\/p>\n<p data-start=\"2735\" data-end=\"2802\"><strong data-start=\"2735\" data-end=\"2760\">Zahlungsdienstleister<\/strong><br data-start=\"2760\" data-end=\"2763\" \/>Zur sicheren Verarbeitung von Zahlungen<\/p>\n<p data-start=\"2804\" data-end=\"2889\">Eine Weitergabe Ihrer Daten an Marketingplattformen oder andere Dritte erfolgt nicht.<\/p>\n<hr data-start=\"2891\" data-end=\"2894\" \/>\n<h3 data-start=\"2896\" data-end=\"2916\">5. Speicherdauer<\/h3>\n<p data-start=\"2918\" data-end=\"2961\">Wir speichern Ihre personenbezogenen Daten:<\/p>\n<p data-start=\"2963\" data-end=\"3156\">Bis zum Abschluss Ihrer Bestellung einschlie\u00dflich Lieferung und Kl\u00e4rung etwaiger Streitf\u00e4lle<br data-start=\"3055\" data-end=\"3058\" \/>Bis zu 7 Jahre zur Erf\u00fcllung gesetzlicher Buchhaltungs- und Steuerpflichten gem\u00e4\u00df estnischem Recht<\/p>\n<p data-start=\"3158\" data-end=\"3237\">Nach Ablauf dieser Fristen werden Ihre Daten sicher gel\u00f6scht oder anonymisiert.<\/p>\n<hr data-start=\"3239\" data-end=\"3242\" \/>\n<h3 data-start=\"3244\" data-end=\"3271\">6. Cookies und Tracking<\/h3>\n<p data-start=\"3273\" data-end=\"3341\">Wir verwenden Cookies und Tracking-Technologien f\u00fcr folgende Zwecke:<\/p>\n<p data-start=\"3343\" data-end=\"3409\">Funktionalit\u00e4t der Website<br data-start=\"3369\" data-end=\"3372\" \/>Analysezwecke \u00fcber den Facebook Pixel<\/p>\n<p data-start=\"3411\" data-end=\"3488\">Es werden keine Cookies f\u00fcr Retargeting oder Werbung durch Dritte eingesetzt.<\/p>\n<hr data-start=\"3490\" data-end=\"3493\" \/>\n<h3 data-start=\"3495\" data-end=\"3536\">7. Internationale Daten\u00fcbermittlungen<\/h3>\n<p data-start=\"3538\" data-end=\"3702\">Alle personenbezogenen Daten werden innerhalb der Europ\u00e4ischen Union gespeichert und verarbeitet. Eine \u00dcbermittlung Ihrer Daten au\u00dferhalb der EU findet nicht statt.<\/p>\n<hr data-start=\"3704\" data-end=\"3707\" \/>\n<h3 data-start=\"3709\" data-end=\"3742\">8. Ihre Rechte nach der DSGVO<\/h3>\n<p data-start=\"3744\" data-end=\"3812\">Sie haben in Bezug auf Ihre personenbezogenen Daten folgende Rechte:<\/p>\n<p data-start=\"3814\" data-end=\"3885\"><strong data-start=\"3814\" data-end=\"3826\">Auskunft<\/strong><br data-start=\"3826\" data-end=\"3829\" \/>Anforderung einer Kopie der \u00fcber Sie gespeicherten Daten<\/p>\n<p data-start=\"3887\" data-end=\"3954\"><strong data-start=\"3887\" data-end=\"3903\">Berichtigung<\/strong><br data-start=\"3903\" data-end=\"3906\" \/>Korrektur unrichtiger oder unvollst\u00e4ndiger Daten<\/p>\n<p data-start=\"3956\" data-end=\"4068\"><strong data-start=\"3956\" data-end=\"3968\">L\u00f6schung<\/strong><br data-start=\"3968\" data-end=\"3971\" \/>L\u00f6schung Ihrer personenbezogenen Daten, soweit keine gesetzlichen Aufbewahrungspflichten bestehen<\/p>\n<p data-start=\"4070\" data-end=\"4146\"><strong data-start=\"4070\" data-end=\"4104\">Einschr\u00e4nkung der Verarbeitung<\/strong><br data-start=\"4104\" data-end=\"4107\" \/>Begrenzung der Verarbeitung Ihrer Daten<\/p>\n<p data-start=\"4148\" data-end=\"4256\"><strong data-start=\"4148\" data-end=\"4172\">Daten\u00fcbertragbarkeit<\/strong><br data-start=\"4172\" data-end=\"4175\" \/>Erhalt Ihrer Daten in einem strukturierten, g\u00e4ngigen und maschinenlesbaren Format<\/p>\n<p data-start=\"4258\" data-end=\"4342\"><strong data-start=\"4258\" data-end=\"4273\">Widerspruch<\/strong><br data-start=\"4273\" data-end=\"4276\" \/>Widerspruch gegen bestimmte Verarbeitungen, insbesondere Marketing<\/p>\n<p data-start=\"4344\" data-end=\"4455\"><strong data-start=\"4344\" data-end=\"4373\">Widerruf der Einwilligung<\/strong><br data-start=\"4373\" data-end=\"4376\" \/>Widerruf Ihrer Einwilligung zum Marketing jederzeit mit Wirkung f\u00fcr die Zukunft<\/p>\n<p data-start=\"4457\" data-end=\"4581\"><strong data-start=\"4457\" data-end=\"4476\">Beschwerderecht<\/strong><br data-start=\"4476\" data-end=\"4479\" \/>Einreichung einer Beschwerde bei einer Aufsichtsbeh\u00f6rde, z. B. der estnischen Verbraucherschutzbeh\u00f6rde<\/p>\n<p data-start=\"4583\" data-end=\"4663\">Zur Aus\u00fcbung Ihrer Rechte kontaktieren Sie uns bitte unter: <strong data-start=\"4643\" data-end=\"4663\"><a class=\"decorated-link cursor-pointer\" rel=\"noopener\" data-start=\"4645\" data-end=\"4661\">info@deravio.com<\/a><\/strong><\/p>\n<hr data-start=\"4665\" data-end=\"4668\" \/>\n<h3 data-start=\"4670\" data-end=\"4692\">9. Datensicherheit<\/h3>\n<p data-start=\"4694\" data-end=\"4868\">Wir setzen geeignete technische und organisatorische Ma\u00dfnahmen ein, um Ihre personenbezogenen Daten vor unbefugtem Zugriff, Verlust, Ver\u00e4nderung oder Offenlegung zu sch\u00fctzen.<\/p>\n<hr data-start=\"4870\" data-end=\"4873\" \/>\n<h3 data-start=\"4875\" data-end=\"4921\">10. \u00c4nderungen dieser Datenschutzerkl\u00e4rung<\/h3>\n<p data-start=\"4923\" data-end=\"5160\">Wir behalten uns vor, diese Datenschutzerkl\u00e4rung gelegentlich zu aktualisieren. Die jeweils aktuelle Version wird auf deravio.com unter Angabe des G\u00fcltigkeitsdatums ver\u00f6ffentlicht. Wir empfehlen, diese Erkl\u00e4rung regelm\u00e4\u00dfig zu \u00fcberpr\u00fcfen.<\/p>\n<hr data-start=\"5162\" data-end=\"5165\" \/>\n<h3 data-start=\"5167\" data-end=\"5195\">11. Kontaktinformationen<\/h3>\n<p data-start=\"5197\" data-end=\"5338\">Bei Fragen, Anliegen oder Antr\u00e4gen im Zusammenhang mit dieser Datenschutzerkl\u00e4rung oder Ihren personenbezogenen Daten kontaktieren Sie bitte:<\/p>\n<p data-start=\"5340\" data-end=\"5429\">Axenta LTD<br data-start=\"5349\" data-end=\"5352\" \/>82A James Carter Road<br \/>Mildenhall, Suffolk IP287DE<br \/>Vereinigtes K\u00f6nigreich<\/p>\n<p data-start=\"5431\" data-end=\"5459\">E-Mail: <strong data-start=\"5439\" data-end=\"5459\"><a class=\"decorated-link cursor-pointer\" rel=\"noopener\" data-start=\"5441\" data-end=\"5457\">info@deravio.com<\/a><\/strong><\/p>\n\t\t\t\t\t\t\t\t<\/div>\n\t\t\t\t\t<\/div>\n\t\t\t\t<\/div>\n\t\t\t\t<\/div>\n\t\t","protected":false},"excerpt":{"rendered":"<p>G\u00fcltig ab: 12.12.2025 Axenta LTD (\u201ewir\u201c, \u201euns\u201c oder \u201eunser\u201c) respektiert Ihre Privatsph\u00e4re und verpflichtet sich zum Schutz Ihrer personenbezogenen Daten. [&hellip;]<\/p>\n","protected":false},"author":1,"featured_media":0,"parent":0,"menu_order":0,"comment_status":"closed","ping_status":"closed","template":"","meta":{"site-sidebar-layout":"default","site-content-layout":"","ast-site-content-layout":"default","site-content-style":"default","site-sidebar-style":"default","ast-global-header-display":"","ast-banner-title-visibility":"","ast-main-header-display":"","ast-hfb-above-header-display":"","ast-hfb-below-header-display":"","ast-hfb-mobile-header-display":"","site-post-title":"","ast-breadcrumbs-content":"","ast-featured-img":"","footer-sml-layout":"","theme-transparent-header-meta":"","adv-header-id-meta":"","stick-header-meta":"","header-above-stick-meta":"","header-main-stick-meta":"","header-below-stick-meta":"","astra-migrate-meta-layouts":"default","ast-page-background-enabled":"default","ast-page-background-meta":{"desktop":{"background-color":"var(--ast-global-color-5)","background-image":"","background-repeat":"repeat","background-position":"center center","background-size":"auto","background-attachment":"scroll","background-type":"","background-media":"","overlay-type":"","overlay-color":"","overlay-opacity":"","overlay-gradient":""},"tablet":{"background-color":"","background-image":"","background-repeat":"repeat","background-position":"center center","background-size":"auto","background-attachment":"scroll","background-type":"","background-media":"","overlay-type":"","overlay-color":"","overlay-opacity":"","overlay-gradient":""},"mobile":{"background-color":"","background-image":"","background-repeat":"repeat","background-position":"center center","background-size":"auto","background-attachment":"scroll","background-type":"","background-media":"","overlay-type":"","overlay-color":"","overlay-opacity":"","overlay-gradient":""}},"ast-content-background-meta":{"desktop":{"background-color":"var(--ast-global-color-4)","background-image":"","background-repeat":"repeat","background-position":"center center","background-size":"auto","background-attachment":"scroll","background-type":"","background-media":"","overlay-type":"","overlay-color":"","overlay-opacity":"","overlay-gradient":""},"tablet":{"background-color":"var(--ast-global-color-4)","background-image":"","background-repeat":"repeat","background-position":"center center","background-size":"auto","background-attachment":"scroll","background-type":"","background-media":"","overlay-type":"","overlay-color":"","overlay-opacity":"","overlay-gradient":""},"mobile":{"background-color":"var(--ast-global-color-4)","background-image":"","background-repeat":"repeat","background-position":"center center","background-size":"auto","background-attachment":"scroll","background-type":"","background-media":"","overlay-type":"","overlay-color":"","overlay-opacity":"","overlay-gradient":""}},"footnotes":""},"class_list":["post-12648","page","type-page","status-publish","hentry"],"yoast_head":"<!-- This site is optimized with the Yoast SEO plugin v26.6 - https:\/\/yoast.com\/wordpress\/plugins\/seo\/ -->\n<title>Datenschutzerkl\u00e4rung - Deravio DE<\/title>\n<meta name=\"robots\" content=\"index, follow, max-snippet:-1, max-image-preview:large, max-video-preview:-1\" \/>\n<link rel=\"canonical\" href=\"https:\/\/deravio.com\/de\/datenschutzerklaerung\/\" \/>\n<meta property=\"og:locale\" content=\"de_DE\" \/>\n<meta property=\"og:type\" content=\"article\" \/>\n<meta property=\"og:title\" content=\"Datenschutzerkl\u00e4rung - Deravio DE\" \/>\n<meta property=\"og:description\" content=\"G\u00fcltig ab: 12.12.2025 Axenta LTD (\u201ewir\u201c, \u201euns\u201c oder \u201eunser\u201c) respektiert Ihre Privatsph\u00e4re und verpflichtet sich zum Schutz Ihrer personenbezogenen Daten. [&hellip;]\" \/>\n<meta property=\"og:url\" content=\"https:\/\/deravio.com\/de\/datenschutzerklaerung\/\" \/>\n<meta property=\"og:site_name\" content=\"Deravio DE\" \/>\n<meta property=\"article:modified_time\" content=\"2026-04-17T13:00:04+00:00\" \/>\n<meta name=\"twitter:card\" content=\"summary_large_image\" \/>\n<meta name=\"twitter:label1\" content=\"Gesch\u00e4tzte Lesezeit\" \/>\n\t<meta name=\"twitter:data1\" content=\"4\u00a0Minuten\" \/>\n<script type=\"application\/ld+json\" class=\"yoast-schema-graph\">{\"@context\":\"https:\/\/schema.org\",\"@graph\":[{\"@type\":\"WebPage\",\"@id\":\"https:\/\/deravio.com\/de\/datenschutzerklaerung\/\",\"url\":\"https:\/\/deravio.com\/de\/datenschutzerklaerung\/\",\"name\":\"Datenschutzerkl\u00e4rung - Deravio DE\",\"isPartOf\":{\"@id\":\"https:\/\/deravio.com\/de\/#website\"},\"datePublished\":\"2025-12-05T15:20:08+00:00\",\"dateModified\":\"2026-04-17T13:00:04+00:00\",\"breadcrumb\":{\"@id\":\"https:\/\/deravio.com\/de\/datenschutzerklaerung\/#breadcrumb\"},\"inLanguage\":\"de\",\"potentialAction\":[{\"@type\":\"ReadAction\",\"target\":[\"https:\/\/deravio.com\/de\/datenschutzerklaerung\/\"]}]},{\"@type\":\"BreadcrumbList\",\"@id\":\"https:\/\/deravio.com\/de\/datenschutzerklaerung\/#breadcrumb\",\"itemListElement\":[{\"@type\":\"ListItem\",\"position\":1,\"name\":\"Home\",\"item\":\"https:\/\/deravio.com\/de\/\"},{\"@type\":\"ListItem\",\"position\":2,\"name\":\"Datenschutzerkl\u00e4rung\"}]},{\"@type\":\"WebSite\",\"@id\":\"https:\/\/deravio.com\/de\/#website\",\"url\":\"https:\/\/deravio.com\/de\/\",\"name\":\"Deravio DE\",\"description\":\"\",\"publisher\":{\"@id\":\"https:\/\/deravio.com\/de\/#organization\"},\"potentialAction\":[{\"@type\":\"SearchAction\",\"target\":{\"@type\":\"EntryPoint\",\"urlTemplate\":\"https:\/\/deravio.com\/de\/?s={search_term_string}\"},\"query-input\":{\"@type\":\"PropertyValueSpecification\",\"valueRequired\":true,\"valueName\":\"search_term_string\"}}],\"inLanguage\":\"de\"},{\"@type\":\"Organization\",\"@id\":\"https:\/\/deravio.com\/de\/#organization\",\"name\":\"Mekulo\",\"url\":\"https:\/\/deravio.com\/de\/\",\"logo\":{\"@type\":\"ImageObject\",\"inLanguage\":\"de\",\"@id\":\"https:\/\/deravio.com\/de\/#\/schema\/logo\/image\/\",\"url\":\"https:\/\/deravio.com\/de\/wp-content\/uploads\/sites\/21\/2025\/12\/favicon_mekulo.png\",\"contentUrl\":\"https:\/\/deravio.com\/de\/wp-content\/uploads\/sites\/21\/2025\/12\/favicon_mekulo.png\",\"width\":50,\"height\":50,\"caption\":\"Mekulo\"},\"image\":{\"@id\":\"https:\/\/deravio.com\/de\/#\/schema\/logo\/image\/\"}}]}<\/script>\n<!-- \/ Yoast SEO plugin. -->","yoast_head_json":{"title":"Datenschutzerkl\u00e4rung - Deravio DE","robots":{"index":"index","follow":"follow","max-snippet":"max-snippet:-1","max-image-preview":"max-image-preview:large","max-video-preview":"max-video-preview:-1"},"canonical":"https:\/\/deravio.com\/de\/datenschutzerklaerung\/","og_locale":"de_DE","og_type":"article","og_title":"Datenschutzerkl\u00e4rung - Deravio DE","og_description":"G\u00fcltig ab: 12.12.2025 Axenta LTD (\u201ewir\u201c, \u201euns\u201c oder \u201eunser\u201c) respektiert Ihre Privatsph\u00e4re und verpflichtet sich zum Schutz Ihrer personenbezogenen Daten. [&hellip;]","og_url":"https:\/\/deravio.com\/de\/datenschutzerklaerung\/","og_site_name":"Deravio DE","article_modified_time":"2026-04-17T13:00:04+00:00","twitter_card":"summary_large_image","twitter_misc":{"Gesch\u00e4tzte Lesezeit":"4\u00a0Minuten"},"schema":{"@context":"https:\/\/schema.org","@graph":[{"@type":"WebPage","@id":"https:\/\/deravio.com\/de\/datenschutzerklaerung\/","url":"https:\/\/deravio.com\/de\/datenschutzerklaerung\/","name":"Datenschutzerkl\u00e4rung - Deravio DE","isPartOf":{"@id":"https:\/\/deravio.com\/de\/#website"},"datePublished":"2025-12-05T15:20:08+00:00","dateModified":"2026-04-17T13:00:04+00:00","breadcrumb":{"@id":"https:\/\/deravio.com\/de\/datenschutzerklaerung\/#breadcrumb"},"inLanguage":"de","potentialAction":[{"@type":"ReadAction","target":["https:\/\/deravio.com\/de\/datenschutzerklaerung\/"]}]},{"@type":"BreadcrumbList","@id":"https:\/\/deravio.com\/de\/datenschutzerklaerung\/#breadcrumb","itemListElement":[{"@type":"ListItem","position":1,"name":"Home","item":"https:\/\/deravio.com\/de\/"},{"@type":"ListItem","position":2,"name":"Datenschutzerkl\u00e4rung"}]},{"@type":"WebSite","@id":"https:\/\/deravio.com\/de\/#website","url":"https:\/\/deravio.com\/de\/","name":"Deravio DE","description":"","publisher":{"@id":"https:\/\/deravio.com\/de\/#organization"},"potentialAction":[{"@type":"SearchAction","target":{"@type":"EntryPoint","urlTemplate":"https:\/\/deravio.com\/de\/?s={search_term_string}"},"query-input":{"@type":"PropertyValueSpecification","valueRequired":true,"valueName":"search_term_string"}}],"inLanguage":"de"},{"@type":"Organization","@id":"https:\/\/deravio.com\/de\/#organization","name":"Mekulo","url":"https:\/\/deravio.com\/de\/","logo":{"@type":"ImageObject","inLanguage":"de","@id":"https:\/\/deravio.com\/de\/#\/schema\/logo\/image\/","url":"https:\/\/deravio.com\/de\/wp-content\/uploads\/sites\/21\/2025\/12\/favicon_mekulo.png","contentUrl":"https:\/\/deravio.com\/de\/wp-content\/uploads\/sites\/21\/2025\/12\/favicon_mekulo.png","width":50,"height":50,"caption":"Mekulo"},"image":{"@id":"https:\/\/deravio.com\/de\/#\/schema\/logo\/image\/"}}]}},"_links":{"self":[{"href":"https:\/\/deravio.com\/de\/wp-json\/wp\/v2\/pages\/12648","targetHints":{"allow":["GET"]}}],"collection":[{"href":"https:\/\/deravio.com\/de\/wp-json\/wp\/v2\/pages"}],"about":[{"href":"https:\/\/deravio.com\/de\/wp-json\/wp\/v2\/types\/page"}],"author":[{"embeddable":true,"href":"https:\/\/deravio.com\/de\/wp-json\/wp\/v2\/users\/1"}],"replies":[{"embeddable":true,"href":"https:\/\/deravio.com\/de\/wp-json\/wp\/v2\/comments?post=12648"}],"version-history":[{"count":11,"href":"https:\/\/deravio.com\/de\/wp-json\/wp\/v2\/pages\/12648\/revisions"}],"predecessor-version":[{"id":21856,"href":"https:\/\/deravio.com\/de\/wp-json\/wp\/v2\/pages\/12648\/revisions\/21856"}],"wp:attachment":[{"href":"https:\/\/deravio.com\/de\/wp-json\/wp\/v2\/media?parent=12648"}],"curies":[{"name":"wp","href":"https:\/\/api.w.org\/{rel}","templated":true}]}}